{"id":5821,"date":"2022-07-20T09:25:48","date_gmt":"2022-07-20T09:25:48","guid":{"rendered":"https:\/\/travelsentry.wpengine.com\/home-2\/"},"modified":"2026-03-13T14:39:59","modified_gmt":"2026-03-13T14:39:59","slug":"home","status":"publish","type":"page","link":"https:\/\/www.travelsentry.org\/fr\/","title":{"rendered":"Home"},"content":{"rendered":"<section class=\"block-banner t-light\">\n\t\t\t<div class=\"block-banner__img\">\n\t\t\t\t\t\t\t<img decoding=\"async\" src=\"https:\/\/www.travelsentry.org\/wp-content\/uploads\/2025\/11\/TS_PlasticSuitcase_03adj02.png\" alt=\"white beige luggage zipper lock handle\">\n\t\t\t\t\t<\/div>\n\t\t<div class=\"container\">\n\t\t<div class=\"block-banner__inner\">\n\t\t\t\n \n\t\t\t\n \n \n\t\t\t\t\t\t<h1 class=\"h2 block-banner__heading a-up\"\t\t\t><span class=\"ez-toc-section\" id=\"Travel_Sentry_rend_les_voyages_plus_surs_et_plus_simples\"><\/span>\n\t\t\t\tTravel Sentry <br \/>\r\nrend les voyages <br \/>\r\nplus s\u00fbrs et plus simples\t\t\t\t\t<span class=\"ez-toc-section-end\"><\/span><\/h1>\n\t\t\t\t\t\t\n \n \n\t\t\t\t\t\t<div class=\"block-banner__content a-up a-delay-1\"\t\t\t>\n\t\t\t\t<p>Le Diamant Rouge<img loading=\"lazy\" decoding=\"async\" class=\"alignnone size-full wp-image-54\" src=\"https:\/\/www.travelsentry.org\/wp-content\/uploads\/2022\/12\/TravelSentry_PrimaryLogo_RGB-2.png\" alt=\"\" width=\"28\" height=\"19\" \/> est un symbole mondial de confiance et de qualit\u00e9.<\/p>\n\t\t\t\t\t<\/div>\n\t\t\t\t\t\t\n\n\n\n\t\t\t\t<a class=\"c-btn a-up a-delay-2 c-btn--primary\" href=\"https:\/\/www.travelsentry.org\/fr\/company-fr\/\" target=\"_self\">\n\t\t\tEn Savoir Plus\t\t\t\t\t<\/a>\n\t\t\t<\/div>\n\t<\/div>\n<\/section>\n\n\n<section class=\"block-brands\">\n\t<div class=\"container\">\n\t\t\n \n \n\t\t\t\t\t\t<h2 class=\"block-brands__heading a-up\"\t\t\t><span class=\"ez-toc-section\" id=\"Nos_marques\"><\/span>\n\t\t\t\tNos marques\t\t\t\t\t<span class=\"ez-toc-section-end\"><\/span><\/h2>\n\t\t\t\t\t\t\t\t<div class=\"row a-up a-delay-1\">\n\t\t\t\t\t\t\t\t\t<div class=\"col col-md-8\">\n\t\t\t\t\t\t<div class=\"block-brand\">\n\t\t\t\t\t\t\t<div class=\"img-a\">\n\t\t\t\t\t\t\t\t<!-- content-modules-image -->\n\t\n\t\t\t\t\t\t<div class=\"block-brand__img img-a-img\"\t\t\t>\n\t\t\t\t\t\t\t\t\t\t\t\t<img class=\"\" \n\t\t\t\t\tsrc=\"https:\/\/www.travelsentry.org\/wp-content\/uploads\/2023\/07\/TS_PlasticSuitcase_TSALock-576x324.jpg\" \n\t\t\t\t\t srcset=\"https:\/\/www.travelsentry.org\/wp-content\/uploads\/2023\/07\/TS_PlasticSuitcase_TSALock.jpg 2x\" \t\t\t\t\talt=\"Built in TSA lock on White suitcase\" loading=\"lazy\">\n\t\t\t\t\t<\/div>\n\t\t\t\t\t\t\t\t\t\t<\/div>\n\t\t\t\t\t\t\t\n \n \n\t\t\t\t\t\t<h3 class=\"block-brand__title\"\t\t\t>\n\t\t\t\tTSA LOCK\t\t\t\t\t<\/h3>\n\t\t\t\t\t\t\t\t\t\t\n \n \n\t\t\t\t\t\t<p class=\"s-text-lg block-brand__desc\"\t\t\t>\n\t\t\t\tUne inspection s\u00fbre <br \/>\r\net sans dommage<br \/>\r\n\t\t\t\t\t<\/p>\n\t\t\t\t\t\t\t\t\t\t\n\n\n\n\t\t\t\t<a class=\"c-btn c-btn--primary\" href=\"https:\/\/www.travelsentry.org\/fr\/tsa-lock-fr\/\" target=\"_self\">\n\t\t\tEn Savoir Plus\t\t\t\t\t<\/a>\n\t\t\t\t\t\t\t<\/div>\n\t\t\t\t\t<\/div>\n\t\t\t\t\t\t\t\t\t<div class=\"col col-md-4\">\n\t\t\t\t\t\t<div class=\"block-brand\">\n\t\t\t\t\t\t\t<div class=\"img-a\">\n\t\t\t\t\t\t\t\t<!-- content-modules-image -->\n\t\n\t\t\t\t\t\t<div class=\"block-brand__img img-a-img\"\t\t\t>\n\t\t\t\t\t\t\t\t\t\t\t\t<img class=\"\" \n\t\t\t\t\tsrc=\"https:\/\/www.travelsentry.org\/wp-content\/uploads\/2026\/03\/ill-show-you-how-it-works-2026-01-09-09-40-41-utc2.jpg\" \n\t\t\t\t\t srcset=\"https:\/\/www.travelsentry.org\/wp-content\/uploads\/2026\/03\/ill-show-you-how-it-works-2026-01-09-09-40-41-utc2.jpg 2x\" \t\t\t\t\talt=\"\" loading=\"lazy\">\n\t\t\t\t\t<\/div>\n\t\t\t\t\t\t\t\t\t\t<\/div>\n\t\t\t\t\t\t\t\n \n \n\t\t\t\t\t\t<h3 class=\"block-brand__title\"\t\t\t>\n\t\t\t\tPBT\t\t\t\t\t<\/h3>\n\t\t\t\t\t\t\t\t\t\t\n \n \n\t\t\t\t\t\t<p class=\"s-text-lg block-brand__desc\"\t\t\t>\n\t\t\t\tL\u2019avenir du suivi <br \/>\r\net de la tra\u00e7abilit\u00e9 des bagages\t\t\t\t\t<\/p>\n\t\t\t\t\t\t\t\t\t\t\n\n\n\n\t\t\t\t<a class=\"c-btn c-btn--primary\" href=\"https:\/\/www.travelsentry.org\/fr\/pbt-fr\/\" target=\"_self\">\n\t\t\tEn Savoir Plus\t\t\t\t\t<\/a>\n\t\t\t\t\t\t\t<\/div>\n\t\t\t\t\t<\/div>\n\t\t\t\t\t\t\t\t\t<div class=\"col col-md-4\">\n\t\t\t\t\t\t<div class=\"block-brand\">\n\t\t\t\t\t\t\t<div class=\"img-a\">\n\t\t\t\t\t\t\t\t<!-- content-modules-image -->\n\t\n\t\t\t\t\t\t<div class=\"block-brand__img img-a-img\"\t\t\t>\n\t\t\t\t\t\t\t\t\t\t\t\t<img class=\"\" \n\t\t\t\t\tsrc=\"https:\/\/www.travelsentry.org\/wp-content\/uploads\/2023\/06\/TS_PlasticSuitcase_TSID-1-577x324.jpg\" \n\t\t\t\t\t srcset=\"https:\/\/www.travelsentry.org\/wp-content\/uploads\/2023\/06\/TS_PlasticSuitcase_TSID-1-1153x648.jpg 2x\" \t\t\t\t\talt=\"\" loading=\"lazy\">\n\t\t\t\t\t<\/div>\n\t\t\t\t\t\t\t\t\t\t<\/div>\n\t\t\t\t\t\t\t\n \n \n\t\t\t\t\t\t<h3 class=\"block-brand__title\"\t\t\t>\n\t\t\t\tTS ID\t\t\t\t\t<\/h3>\n\t\t\t\t\t\t\t\t\t\t\n \n \n\t\t\t\t\t\t<p class=\"s-text-lg block-brand__desc\"\t\t\t>\n\t\t\t\tTag d\u2019identification intelligent <br \/>\r\navec protection gratuite \u00e0 vie\t\t\t\t\t<\/p>\n\t\t\t\t\t\t\t\t\t\t\n\n\n\n\t\t\t\t<a class=\"c-btn c-btn--primary\" href=\"https:\/\/www.travelsentry.org\/fr\/ts-id-fr\/\" target=\"_self\">\n\t\t\tEn Savoir Plus\t\t\t\t\t<\/a>\n\t\t\t\t\t\t\t<\/div>\n\t\t\t\t\t<\/div>\n\t\t\t\t\t\t\t\t\t<div class=\"col col-md-4\">\n\t\t\t\t\t\t<div class=\"block-brand\">\n\t\t\t\t\t\t\t<div class=\"img-a\">\n\t\t\t\t\t\t\t\t<!-- content-modules-image -->\n\t\n\t\t\t\t\t\t<div class=\"block-brand__img img-a-img\"\t\t\t>\n\t\t\t\t\t\t\t\t\t\t\t\t<img class=\"\" \n\t\t\t\t\tsrc=\"https:\/\/www.travelsentry.org\/wp-content\/uploads\/2023\/06\/TS_Backpack_Okoban-1-575x324.jpg\" \n\t\t\t\t\t srcset=\"https:\/\/www.travelsentry.org\/wp-content\/uploads\/2023\/06\/TS_Backpack_Okoban-1-1151x648.jpg 2x\" \t\t\t\t\talt=\"\" loading=\"lazy\">\n\t\t\t\t\t<\/div>\n\t\t\t\t\t\t\t\t\t\t<\/div>\n\t\t\t\t\t\t\t\n \n \n\t\t\t\t\t\t<h3 class=\"block-brand__title\"\t\t\t>\n\t\t\t\tOKOBAN\t\t\t\t\t<\/h3>\n\t\t\t\t\t\t\t\t\t\t\n \n \n\t\t\t\t\t\t<p class=\"s-text-lg block-brand__desc\"\t\t\t>\n\t\t\t\tLa solution globale <br \/>\r\ndes objets trouv\u00e9s\t\t\t\t\t<\/p>\n\t\t\t\t\t\t\t\t\t\t\n\n\n\n\t\t\t\t<a class=\"c-btn c-btn--primary\" href=\"https:\/\/www.travelsentry.org\/fr\/okoban-fr\/\" target=\"_self\">\n\t\t\tEn Savoir Plus\t\t\t\t\t<\/a>\n\t\t\t\t\t\t\t<\/div>\n\t\t\t\t\t<\/div>\n\t\t\t\t\t\t\t\t\t<div class=\"col col-md-4\">\n\t\t\t\t\t\t<div class=\"block-brand\">\n\t\t\t\t\t\t\t<div class=\"img-a\">\n\t\t\t\t\t\t\t\t<!-- content-modules-image -->\n\t\n\t\t\t\t\t\t<div class=\"block-brand__img img-a-img\"\t\t\t>\n\t\t\t\t\t\t\t\t\t\t\t\t<img class=\"\" \n\t\t\t\t\tsrc=\"https:\/\/www.travelsentry.org\/wp-content\/uploads\/2023\/06\/TSAccessoriesComp02_Accessories-3-338x324.jpg\" \n\t\t\t\t\t srcset=\"https:\/\/www.travelsentry.org\/wp-content\/uploads\/2023\/06\/TSAccessoriesComp02_Accessories-3-676x648.jpg 2x\" \t\t\t\t\talt=\"\" loading=\"lazy\">\n\t\t\t\t\t<\/div>\n\t\t\t\t\t\t\t\t\t\t<\/div>\n\t\t\t\t\t\t\t\n \n \n\t\t\t\t\t\t<h3 class=\"block-brand__title\"\t\t\t>\n\t\t\t\tAccessoires TS\t\t\t\t\t<\/h3>\n\t\t\t\t\t\t\t\t\t\t\n \n \n\t\t\t\t\t\t<p class=\"s-text-lg block-brand__desc\"\t\t\t>\n\t\t\t\tVoyagez confortablement, <br \/>\r\nen toute securit\u00e9, avec \u00e9l\u00e9gance\t\t\t\t\t<\/p>\n\t\t\t\t\t\t\t\t\t\t\n\n\n\n\t\t\t\t<a class=\"c-btn c-btn--primary\" href=\"https:\/\/www.travelsentry.org\/fr\/accessories-fr\/\" target=\"_self\">\n\t\t\tEn Savoir Plus\t\t\t\t\t<\/a>\n\t\t\t\t\t\t\t<\/div>\n\t\t\t\t\t<\/div>\n\t\t\t\t\t\t\t<\/div>\n\t\t\t<\/div>\n<\/section>\n\n\n<section class=\"block-content-image block-content-image--right block-content-image--single bg-gray\">\n\t<div class=\"row\">\n\t\t\t\t<div class=\"col col-md-6\">\n\t\t\t<div class=\"img-a\">\n\t\t\t\t\t\t\t\t\t<!-- content-modules-image -->\n\t\t\t\t\t\t<div class=\"img-a-img\"\t\t\t>\n\t\t\t\t\t\t\t\t\t\t\t\t\t\t\t\t<img decoding=\"async\" class=\"\" src=\"https:\/\/www.travelsentry.org\/wp-content\/uploads\/2023\/07\/TS_MetalSuitcase_HelpSection-1.jpg\" alt=\"What to do if You&#039;ve Lost Your Luggage\" loading=\"lazy\">\n\t\t\t\t\t\t\t\t<\/div>\n\t\t\t\t\t\t\t\t\t\t<\/div>\n\t\t<\/div>\n\t\t<div class=\"col col-md-6 block-content-image__content a-up-nested\">\n\t\t\t\n \n\t\t\t\n \n \n\t\t\t\t\t\t<h2 class=\"block-content-image__heading\"\t\t\t><span class=\"ez-toc-section\" id=\"Vous_cherchez_de_laide\"><\/span>\n\t\t\t\tVous cherchez de l\u2019aide ?\t\t\t\t\t<span class=\"ez-toc-section-end\"><\/span><\/h2>\n\t\t\t\t\t\t\n \n \n\t\t\t\t\t\t<div class=\"block-content-image__copy a-delay-1\"\t\t\t>\n\t\t\t\t<p>Que vous ayez besoin d\u2019instructions sur le r\u00e9glage des cadenas ou de FAQ, vous trouverez certainement la r\u00e9ponse dans notre section d\u2019aide.<\/p>\n\t\t\t\t\t<\/div>\n\t\t\t\t\t\t\n\n\n\n\t\t\t\t<a class=\"c-btn c-btn--primary a-delay-2\" href=\"https:\/\/www.travelsentry.org\/fr\/help-fr\/\" target=\"_self\">\n\t\t\tEn Savoir Plus\t\t\t\t\t<\/a>\n\t\t\t<\/div>\n\t\t\t<\/div>\n<\/section>\n\n\n<section class=\"section block-status\">\n\t<!-- content-modules-image -->\n\t\t\t\t\t\t\t\t\t\t\t\t\t\t\t\t\t<img decoding=\"async\" class=\"section-bg\" src=\"https:\/\/www.travelsentry.org\/wp-content\/uploads\/2022\/12\/Stat-Module.png\" alt=\"Background Module\" loading=\"lazy\">\n\t\t\t\t\t\t\t<div class=\"container\">\n\t\t\n \n \n\t\t\t\t\t\t<h2 class=\"block-status__heading a-up\"\t\t\t><span class=\"ez-toc-section\" id=\"La_norme_mondiale_pour_la_securite_des_voyages\"><\/span>\n\t\t\t\tLa norme mondiale<br \/>\r\npour la s\u00e9curit\u00e9 des voyages\t\t\t\t\t<span class=\"ez-toc-section-end\"><\/span><\/h2>\n\t\t\t\t\t\t\t\t<div class=\"row a-up a-delay-1\">\n\t\t\t\t\t\t\t\t\t<div class=\"col col-sm-6 col-md-3 block-status__item\">\n\t\t\t\t\t\t\n \n \n\t\t\t\t\t\t<div class=\"block-status__item__number c-number\"\t\t\t>\n\t\t\t\t<span>750<\/span>\t\t\t\t\t<\/div>\n\t\t\t\t\t\t\t\t\t<div class=\"block-status__item__desc\">\n\t\t\t\t\t\t\t<!-- content-modules-image -->\n\t\t\t\t\t\t\t\t\t\t\t\t\t\t\t\t\t<img decoding=\"async\" class=\"block-status__item__img\" src=\"https:\/\/www.travelsentry.org\/wp-content\/uploads\/2022\/12\/icon-plane.svg\" alt=\"\" loading=\"lazy\">\n\t\t\t\t\t\t\t\t\t\t\t\t\n \n \n\t\t\t\t\t\t<p class=\"block-status__item__title s-text-lg\"\t\t\t>\n\t\t\t\tA\u00e9roports\t\t\t\t\t<\/p>\n\t\t\t\t\t\t\t\t\t<\/div>\n\t\t\t\t\t<\/div>\n\t\t\t\t\t\t\t\t\t<div class=\"col col-sm-6 col-md-3 block-status__item\">\n\t\t\t\t\t\t\n \n \n\t\t\t\t\t\t<div class=\"block-status__item__number c-number\"\t\t\t>\n\t\t\t\t<span>75<\/span>\t\t\t\t\t<\/div>\n\t\t\t\t\t\t\t\t\t<div class=\"block-status__item__desc\">\n\t\t\t\t\t\t\t<!-- content-modules-image -->\n\t\t\t\t\t\t\t\t\t\t\t\t\t\t\t\t\t<img decoding=\"async\" class=\"block-status__item__img\" src=\"https:\/\/www.travelsentry.org\/wp-content\/uploads\/2022\/12\/icon-globe.svg\" alt=\"\" loading=\"lazy\">\n\t\t\t\t\t\t\t\t\t\t\t\t\n \n \n\t\t\t\t\t\t<p class=\"block-status__item__title s-text-lg\"\t\t\t>\n\t\t\t\tPays\t\t\t\t\t<\/p>\n\t\t\t\t\t\t\t\t\t<\/div>\n\t\t\t\t\t<\/div>\n\t\t\t\t\t\t\t\t\t<div class=\"col col-sm-6 col-md-3 block-status__item\">\n\t\t\t\t\t\t\n \n \n\t\t\t\t\t\t<div class=\"block-status__item__number c-number\"\t\t\t>\n\t\t\t\t<span>2<\/span>Bn\t\t\t\t\t<\/div>\n\t\t\t\t\t\t\t\t\t<div class=\"block-status__item__desc\">\n\t\t\t\t\t\t\t<!-- content-modules-image -->\n\t\t\t\t\t\t\t\t\t\t\t\t\t\t\t\t\t<img decoding=\"async\" class=\"block-status__item__img\" src=\"https:\/\/www.travelsentry.org\/wp-content\/uploads\/2022\/12\/icon-baggage.svg\" alt=\"\" loading=\"lazy\">\n\t\t\t\t\t\t\t\t\t\t\t\t\n \n \n\t\t\t\t\t\t<p class=\"block-status__item__title s-text-lg\"\t\t\t>\n\t\t\t\tPassagers\t\t\t\t\t<\/p>\n\t\t\t\t\t\t\t\t\t<\/div>\n\t\t\t\t\t<\/div>\n\t\t\t\t\t\t\t\t\t<div class=\"col col-sm-6 col-md-3 block-status__item\">\n\t\t\t\t\t\t\n \n \n\t\t\t\t\t\t<div class=\"block-status__item__number c-number\"\t\t\t>\n\t\t\t\t<span>600<\/span>\t\t\t\t\t<\/div>\n\t\t\t\t\t\t\t\t\t<div class=\"block-status__item__desc\">\n\t\t\t\t\t\t\t<!-- content-modules-image -->\n\t\t\t\t\t\t\t\t\t\t\t\t\t\t\t\t\t<img decoding=\"async\" class=\"block-status__item__img\" src=\"https:\/\/www.travelsentry.org\/wp-content\/uploads\/2022\/12\/icon-trademark.svg\" alt=\"\" loading=\"lazy\">\n\t\t\t\t\t\t\t\t\t\t\t\t\n \n \n\t\t\t\t\t\t<p class=\"block-status__item__title s-text-lg\"\t\t\t>\n\t\t\t\tMarques\t\t\t\t\t<\/p>\n\t\t\t\t\t\t\t\t\t<\/div>\n\t\t\t\t\t<\/div>\n\t\t\t\t\t\t\t<\/div>\n\t\t\t<\/div>\n<\/section>\n","protected":false},"excerpt":{"rendered":"","protected":false},"author":1,"featured_media":0,"parent":0,"menu_order":0,"comment_status":"closed","ping_status":"closed","template":"","meta":{"_acf_changed":true,"footnotes":""},"categories":[],"class_list":["post-5821","page","type-page","status-publish","hentry"],"acf":[],"yoast_head":"<!-- This site is optimized with the Yoast SEO plugin v27.3 - https:\/\/yoast.com\/product\/yoast-seo-wordpress\/ -->\n<title>Travel Sentry | Serrures TSA &amp; Accessoires de voyage<\/title>\n<meta name=\"description\" content=\"Les bagages et accessoires de voyage approuv\u00e9s par Travel Sentry et conformes aux normes en vigueur pour la serrure tsa, tsid, l&#039;\u00e9tiquette ts tag et Okoban.\" \/>\n<meta name=\"robots\" content=\"index, follow, max-snippet:-1, max-image-preview:large, max-video-preview:-1\" \/>\n<link rel=\"canonical\" href=\"https:\/\/www.travelsentry.org\/fr\/\" \/>\n<meta property=\"og:locale\" content=\"fr_FR\" \/>\n<meta property=\"og:type\" content=\"article\" \/>\n<meta property=\"og:title\" content=\"Travel Sentry | Serrures TSA &amp; Accessoires de voyage\" \/>\n<meta property=\"og:description\" content=\"Les bagages et accessoires de voyage approuv\u00e9s par Travel Sentry et conformes aux normes en vigueur pour la serrure tsa, tsid, l&#039;\u00e9tiquette ts tag et Okoban.\" \/>\n<meta property=\"og:url\" content=\"https:\/\/www.travelsentry.org\/fr\/\" \/>\n<meta property=\"og:site_name\" content=\"Travel Sentry\" \/>\n<meta property=\"article:publisher\" content=\"https:\/\/www.facebook.com\/TravelSentry\/\" \/>\n<meta property=\"article:modified_time\" content=\"2026-03-13T14:39:59+00:00\" \/>\n<meta name=\"twitter:card\" content=\"summary_large_image\" \/>\n<script type=\"application\/ld+json\" class=\"yoast-schema-graph\">{\"@context\":\"https:\\\/\\\/schema.org\",\"@graph\":[{\"@type\":\"WebPage\",\"@id\":\"https:\\\/\\\/www.travelsentry.org\\\/fr\\\/\",\"url\":\"https:\\\/\\\/www.travelsentry.org\\\/fr\\\/\",\"name\":\"Travel Sentry | Serrures TSA & Accessoires de voyage\",\"isPartOf\":{\"@id\":\"https:\\\/\\\/www.travelsentry.org\\\/fr\\\/#website\"},\"datePublished\":\"2022-07-20T09:25:48+00:00\",\"dateModified\":\"2026-03-13T14:39:59+00:00\",\"description\":\"Les bagages et accessoires de voyage approuv\u00e9s par Travel Sentry et conformes aux normes en vigueur pour la serrure tsa, tsid, l'\u00e9tiquette ts tag et Okoban.\",\"breadcrumb\":{\"@id\":\"https:\\\/\\\/www.travelsentry.org\\\/fr\\\/#breadcrumb\"},\"inLanguage\":\"fr-FR\",\"potentialAction\":[{\"@type\":\"ReadAction\",\"target\":[\"https:\\\/\\\/www.travelsentry.org\\\/fr\\\/\"]}]},{\"@type\":\"BreadcrumbList\",\"@id\":\"https:\\\/\\\/www.travelsentry.org\\\/fr\\\/#breadcrumb\",\"itemListElement\":[{\"@type\":\"ListItem\",\"position\":1,\"name\":\"Home\",\"item\":\"https:\\\/\\\/www.travelsentry.org\\\/fr\\\/\"},{\"@type\":\"ListItem\",\"position\":2,\"name\":\"Home\"}]},{\"@type\":\"WebSite\",\"@id\":\"https:\\\/\\\/www.travelsentry.org\\\/fr\\\/#website\",\"url\":\"https:\\\/\\\/www.travelsentry.org\\\/fr\\\/\",\"name\":\"Travel Sentry\",\"description\":\"\",\"publisher\":{\"@id\":\"https:\\\/\\\/www.travelsentry.org\\\/fr\\\/#organization\"},\"potentialAction\":[{\"@type\":\"SearchAction\",\"target\":{\"@type\":\"EntryPoint\",\"urlTemplate\":\"https:\\\/\\\/www.travelsentry.org\\\/fr\\\/?s={search_term_string}\"},\"query-input\":{\"@type\":\"PropertyValueSpecification\",\"valueRequired\":true,\"valueName\":\"search_term_string\"}}],\"inLanguage\":\"fr-FR\"},{\"@type\":\"Organization\",\"@id\":\"https:\\\/\\\/www.travelsentry.org\\\/fr\\\/#organization\",\"name\":\"Teavel Sentry\",\"alternateName\":\"TS\",\"url\":\"https:\\\/\\\/www.travelsentry.org\\\/fr\\\/\",\"logo\":{\"@type\":\"ImageObject\",\"inLanguage\":\"fr-FR\",\"@id\":\"https:\\\/\\\/www.travelsentry.org\\\/fr\\\/#\\\/schema\\\/logo\\\/image\\\/\",\"url\":\"https:\\\/\\\/www.travelsentry.org\\\/wp-content\\\/uploads\\\/2023\\\/07\\\/logo-mobile.svg\",\"contentUrl\":\"https:\\\/\\\/www.travelsentry.org\\\/wp-content\\\/uploads\\\/2023\\\/07\\\/logo-mobile.svg\",\"width\":1,\"height\":1,\"caption\":\"Teavel Sentry\"},\"image\":{\"@id\":\"https:\\\/\\\/www.travelsentry.org\\\/fr\\\/#\\\/schema\\\/logo\\\/image\\\/\"},\"sameAs\":[\"https:\\\/\\\/www.facebook.com\\\/TravelSentry\\\/\",\"https:\\\/\\\/www.instagram.com\\\/travelsentry.official\\\/\",\"https:\\\/\\\/www.linkedin.com\\\/company\\\/travel-sentry\\\/mycompany\\\/\",\"https:\\\/\\\/www.youtube.com\\\/channel\\\/UCshlLKD22AIhzO3pOEmBM8A\",\"https:\\\/\\\/www.tiktok.com\\\/@travelsentry\",\"https:\\\/\\\/www.weibo.com\\\/p\\\/1006066616793697\"]}]}<\/script>\n<!-- \/ Yoast SEO plugin. -->","yoast_head_json":{"title":"Travel Sentry | Serrures TSA & Accessoires de voyage","description":"Les bagages et accessoires de voyage approuv\u00e9s par Travel Sentry et conformes aux normes en vigueur pour la serrure tsa, tsid, l'\u00e9tiquette ts tag et Okoban.","robots":{"index":"index","follow":"follow","max-snippet":"max-snippet:-1","max-image-preview":"max-image-preview:large","max-video-preview":"max-video-preview:-1"},"canonical":"https:\/\/www.travelsentry.org\/fr\/","og_locale":"fr_FR","og_type":"article","og_title":"Travel Sentry | Serrures TSA & Accessoires de voyage","og_description":"Les bagages et accessoires de voyage approuv\u00e9s par Travel Sentry et conformes aux normes en vigueur pour la serrure tsa, tsid, l'\u00e9tiquette ts tag et Okoban.","og_url":"https:\/\/www.travelsentry.org\/fr\/","og_site_name":"Travel Sentry","article_publisher":"https:\/\/www.facebook.com\/TravelSentry\/","article_modified_time":"2026-03-13T14:39:59+00:00","twitter_card":"summary_large_image","schema":{"@context":"https:\/\/schema.org","@graph":[{"@type":"WebPage","@id":"https:\/\/www.travelsentry.org\/fr\/","url":"https:\/\/www.travelsentry.org\/fr\/","name":"Travel Sentry | Serrures TSA & Accessoires de voyage","isPartOf":{"@id":"https:\/\/www.travelsentry.org\/fr\/#website"},"datePublished":"2022-07-20T09:25:48+00:00","dateModified":"2026-03-13T14:39:59+00:00","description":"Les bagages et accessoires de voyage approuv\u00e9s par Travel Sentry et conformes aux normes en vigueur pour la serrure tsa, tsid, l'\u00e9tiquette ts tag et Okoban.","breadcrumb":{"@id":"https:\/\/www.travelsentry.org\/fr\/#breadcrumb"},"inLanguage":"fr-FR","potentialAction":[{"@type":"ReadAction","target":["https:\/\/www.travelsentry.org\/fr\/"]}]},{"@type":"BreadcrumbList","@id":"https:\/\/www.travelsentry.org\/fr\/#breadcrumb","itemListElement":[{"@type":"ListItem","position":1,"name":"Home","item":"https:\/\/www.travelsentry.org\/fr\/"},{"@type":"ListItem","position":2,"name":"Home"}]},{"@type":"WebSite","@id":"https:\/\/www.travelsentry.org\/fr\/#website","url":"https:\/\/www.travelsentry.org\/fr\/","name":"Travel Sentry","description":"","publisher":{"@id":"https:\/\/www.travelsentry.org\/fr\/#organization"},"potentialAction":[{"@type":"SearchAction","target":{"@type":"EntryPoint","urlTemplate":"https:\/\/www.travelsentry.org\/fr\/?s={search_term_string}"},"query-input":{"@type":"PropertyValueSpecification","valueRequired":true,"valueName":"search_term_string"}}],"inLanguage":"fr-FR"},{"@type":"Organization","@id":"https:\/\/www.travelsentry.org\/fr\/#organization","name":"Teavel Sentry","alternateName":"TS","url":"https:\/\/www.travelsentry.org\/fr\/","logo":{"@type":"ImageObject","inLanguage":"fr-FR","@id":"https:\/\/www.travelsentry.org\/fr\/#\/schema\/logo\/image\/","url":"https:\/\/www.travelsentry.org\/wp-content\/uploads\/2023\/07\/logo-mobile.svg","contentUrl":"https:\/\/www.travelsentry.org\/wp-content\/uploads\/2023\/07\/logo-mobile.svg","width":1,"height":1,"caption":"Teavel Sentry"},"image":{"@id":"https:\/\/www.travelsentry.org\/fr\/#\/schema\/logo\/image\/"},"sameAs":["https:\/\/www.facebook.com\/TravelSentry\/","https:\/\/www.instagram.com\/travelsentry.official\/","https:\/\/www.linkedin.com\/company\/travel-sentry\/mycompany\/","https:\/\/www.youtube.com\/channel\/UCshlLKD22AIhzO3pOEmBM8A","https:\/\/www.tiktok.com\/@travelsentry","https:\/\/www.weibo.com\/p\/1006066616793697"]}]}},"_links":{"self":[{"href":"https:\/\/www.travelsentry.org\/fr\/wp-json\/wp\/v2\/pages\/5821","targetHints":{"allow":["GET"]}}],"collection":[{"href":"https:\/\/www.travelsentry.org\/fr\/wp-json\/wp\/v2\/pages"}],"about":[{"href":"https:\/\/www.travelsentry.org\/fr\/wp-json\/wp\/v2\/types\/page"}],"author":[{"embeddable":true,"href":"https:\/\/www.travelsentry.org\/fr\/wp-json\/wp\/v2\/users\/1"}],"replies":[{"embeddable":true,"href":"https:\/\/www.travelsentry.org\/fr\/wp-json\/wp\/v2\/comments?post=5821"}],"version-history":[{"count":0,"href":"https:\/\/www.travelsentry.org\/fr\/wp-json\/wp\/v2\/pages\/5821\/revisions"}],"wp:attachment":[{"href":"https:\/\/www.travelsentry.org\/fr\/wp-json\/wp\/v2\/media?parent=5821"}],"wp:term":[{"taxonomy":"category","embeddable":true,"href":"https:\/\/www.travelsentry.org\/fr\/wp-json\/wp\/v2\/categories?post=5821"}],"curies":[{"name":"wp","href":"https:\/\/api.w.org\/{rel}","templated":true}]}}