{"id":5601,"date":"2022-07-20T09:25:48","date_gmt":"2022-07-20T09:25:48","guid":{"rendered":"https:\/\/travelsentry.wpengine.com\/privacy-policy\/"},"modified":"2024-01-15T14:58:13","modified_gmt":"2024-01-15T14:58:13","slug":"privacy-policy-fr","status":"publish","type":"page","link":"https:\/\/www.travelsentry.org\/fr\/privacy-policy-fr\/","title":{"rendered":"Politique de confidentialit\u00e9"},"content":{"rendered":"<section class=\"block-wysiwig\">\n\t<div class=\"container\">\n\t\t\n \n \n\t\t\t\t\t\t<div class=\"a-up\"\t\t\t>\n\t\t\t\t<p><!-- wp:paragraph --><\/p>\n<h1><span class=\"ez-toc-section\" id=\"Politique_de_confidentialite\"><\/span>Politique de confidentialit\u00e9<span class=\"ez-toc-section-end\"><\/span><\/h1>\n<p><strong>La pr\u00e9sente POLITIQUE DE CONFIDENTIALITE couvre le traitement des informations personnelles recueillies lorsque vous vous rendez sur le site internet de Travel Sentry et lorsque vous fa\u00eetes appel aux services de Travel Sentry. Cette politique ne s\u2019applique pas \u00e0 la proc\u00e9dure de confidentialit\u00e9 des tiers que Travel Sentry ne poss\u00e8de ou ne contr\u00f4le pas, ou aux personnes que Travel Sentry n\u2019emploie pas et dont elle n\u2019a pas la responsabilit\u00e9.<\/strong><\/p>\n<p><!-- \/wp:paragraph --> <!-- wp:heading --><\/p>\n<h2 class=\"wp-block-heading\"><span class=\"ez-toc-section\" id=\"Informations_recueillies\"><\/span>Informations recueillies<span class=\"ez-toc-section-end\"><\/span><\/h2>\n<p><!-- \/wp:heading --> <!-- wp:paragraph --><\/p>\n<p>Nous ne collectons que les informations personnelles qui sont pertinentes pour notre site internet. Ces informations nous permettent de vous offrir des services et une exp\u00e9rience personnalis\u00e9s de qualit\u00e9. Nous recueillons les types d\u2019informations suivants:<\/p>\n<p>Informations g\u00e9n\u00e9rales : Nous recevons et stockons toute information que vous rentrez sur notre site internet ou que vous nous soumettez par d\u2019autres biais. Vous pouvez toujours choisir de ne pas nous fournir certaines informations, mais en cons\u00e9quence vous ne pourrez pas profiter de certaines fonctionnalit\u00e9s de notre site internet.<\/p>\n<p>Informations automatiques Avec votre consentement pr\u00e9alable, nous recevons et stockons certains types d\u2019informations \u00e0 chaque fois que vous interagissez avec nous. Travel Sentry et ses agents agr\u00e9\u00e9s re\u00e7oivent et enregistrent automatiquement certaines \u00ab donn\u00e9es relatives au trafic \u00bb sur leurs serveurs provenant de vos navigateurs, y compris votre adresse IP, les informations des cookies de Travel Sentry et de la page demand\u00e9e. Travel Sentry utilise les donn\u00e9es relatives au trafic pour faciliter le diagnostic des probl\u00e8mes li\u00e9s \u00e0 ses serveurs, l\u2019analyse des tendances et la gestion et am\u00e9lioration du site internet.<\/p>\n<p>En r\u00e9sum\u00e9, Nous collections des informations pour vous proposer un site internet facile d\u2019utilisation et pertinent. Nos serveurs utilisent \u00e9galement les informations contenues dans le journal pour am\u00e9liorer le site internet.<\/p>\n<p>En r\u00e9sum\u00e9, Notre syst\u00e8me vous demandera si vous souhaitez accepter les cookies de Travel Sentry afin de se souvenir de vous. Nous vous recommandons d\u2019accepter les cookies. C\u2019est un syst\u00e8me s\u00e9curis\u00e9.<\/p>\n<p><!-- \/wp:paragraph --> <!-- wp:heading --><\/p>\n<h2 class=\"wp-block-heading\"><span class=\"ez-toc-section\" id=\"Informations_recueillies_au_moyen_de_cookies\"><\/span>Informations recueillies au moyen de cookies<span class=\"ez-toc-section-end\"><\/span><\/h2>\n<p><!-- \/wp:heading --> <!-- wp:paragraph --><\/p>\n<p>Les cookies sont des indicateurs alphanum\u00e9riques qui sont stock\u00e9s sur le disque dur de votre ordinateur. Ils nous aident \u00e0 comprendre quand et de quelle mani\u00e8re les pages de notre site internet sont visit\u00e9es. Travel Sentry demande syst\u00e9matiquement votre permission avant de stocker les cookies contenus sur le disque dur de votre ordinateur. Notez que votre permission peut figurer dans les cookies enregistr\u00e9s, c\u2019est pourquoi elle n\u2019est pas n\u00e9cessaire lors de plusieurs visites. Les cookies de Travel Sentry ne recueillent pas d\u2019informations personnelles, et nous n\u2019associons pas les informations recueillies par les cookies avec des autres informations personnelles.<\/p>\n<p><!-- \/wp:paragraph --> <!-- wp:heading --><\/p>\n<h2 class=\"wp-block-heading\"><span class=\"ez-toc-section\" id=\"Changements_relatifs_a_la_presente_politique_de_confidentialite\"><\/span>Changements relatifs \u00e0 la pr\u00e9sente politique de confidentialit\u00e9.<span class=\"ez-toc-section-end\"><\/span><\/h2>\n<p><!-- \/wp:heading --> <!-- wp:paragraph --><\/p>\n<p>Travel Sentry est susceptible de modifier parfois la pr\u00e9sente POLITIQUE DE CONFIDENTIALITE, \u00e0 sa seule discr\u00e9tion. L\u2019usage des informations que nous collectons est maintenant soumis \u00e0 la POLITIQUE DE CONFIDENTIALITE en vigueur au moment o\u00f9 ces informations sont utilis\u00e9es. Si nous effectuons des changements \u00e0 la POLITIQUE DE CONFIDENTIALITE, vous en serez notifi\u00e9s par e-mail ou en trouvant une annonce sur le site internet de Travel Sentry, afin que vous soyez toujours inform\u00e9s des informations que nous recueillons, de comment nous les utilisons et de quelle mani\u00e8re, dans le cas \u00e9ch\u00e9ant, si elles sont communiqu\u00e9es.<\/p>\n<p>En r\u00e9sum\u00e9<br \/>\nVous serez inform\u00e9s avant tout changement de la POLITQUE DE CONFIDENTIALITE.<\/p>\n<p>En r\u00e9sum\u00e9<br \/>\nVous \u00eates soumis \u00e0 la POLITIQUE DE CONFIDENTIALITE et aux CONDITIONS GENERALES D\u2019UTILISATION de Travel Sentry lorsque vous consultez et utilisez les services de Travel Sentry.<\/p>\n<p><!-- \/wp:paragraph --> <!-- wp:heading --><\/p>\n<h2 class=\"wp-block-heading\"><span class=\"ez-toc-section\" id=\"Conditions_dutilisation\"><\/span>Conditions d\u2019utilisation<span class=\"ez-toc-section-end\"><\/span><\/h2>\n<p><!-- \/wp:heading --> <!-- wp:paragraph --><\/p>\n<p>Si vous d\u00e9cidez de visiter le site internet de Travel Sentry ou de faire appel aux services de Travel Sentry, sachez que votre visite et tout diff\u00e9rend \u00e9ventuel concernant la vie priv\u00e9 est soumis \u00e0 la pr\u00e9sente POLITIQUE DE CONFIDENTIALITE et \u00e0 nos CONDITIONS GENERALES D\u2019UTILISATION, ainsi qu\u2019\u00e0 la restriction sur les dommages et \u00e0 la loi et \u00e0 la comp\u00e9tence suisses.<\/p>\n<p><!-- \/wp:paragraph --> <!-- wp:heading --><\/p>\n<h2 class=\"wp-block-heading\"><span class=\"ez-toc-section\" id=\"Contacter_Travel_Sentry_SA\"><\/span>Contacter Travel Sentry SA<span class=\"ez-toc-section-end\"><\/span><\/h2>\n<p><!-- \/wp:heading --> <!-- wp:paragraph --><\/p>\n<p>Si vous avez des questions concernant la pr\u00e9sente POLITIQUE DE CONFIDENTIALITE, ou les informations que nous recueillons, utilisons ou communiquons, veuillez contacter privacy@TravelSentry.org<\/p>\n<p>Travel Sentry SA<\/p>\n<p>Date d\u2019effet de la pr\u00e9sente politique de confidentialit\u00e9<br \/>\nLa pr\u00e9sente POLITIQUE DE CONFIDENTIALITE prend effet d\u00e8s le 1er Janvier 2024.<\/p>\n<p>\u00a9 2024 Travel Sentry SA.Tous droits r\u00e9serv\u00e9s<\/p>\n<p><!-- \/wp:paragraph --><\/p>\n\t\t\t\t\t<\/div>\n\t\t\t\t<\/div>\n<\/section>\n","protected":false},"excerpt":{"rendered":"","protected":false},"author":1,"featured_media":0,"parent":0,"menu_order":0,"comment_status":"closed","ping_status":"closed","template":"","meta":{"_acf_changed":false,"footnotes":""},"categories":[],"class_list":["post-5601","page","type-page","status-publish","hentry"],"acf":[],"yoast_head":"<!-- This site is optimized with the Yoast SEO plugin v27.4 - https:\/\/yoast.com\/product\/yoast-seo-wordpress\/ -->\n<title>Politique de confidentialit\u00e9 | Sentinelle de voyage<\/title>\n<meta name=\"description\" content=\"Politique de confidentialit\u00e9 de Travel Sentry. D\u00e9couvrez plus d\u2019informations sur nos cadenas, accessoires de voyage et informations d\u2019identification.\" \/>\n<meta name=\"robots\" content=\"index, follow, max-snippet:-1, max-image-preview:large, max-video-preview:-1\" \/>\n<link rel=\"canonical\" href=\"https:\/\/www.travelsentry.org\/fr\/privacy-policy-fr\/\" \/>\n<meta property=\"og:locale\" content=\"fr_FR\" \/>\n<meta property=\"og:type\" content=\"article\" \/>\n<meta property=\"og:title\" content=\"Politique de confidentialit\u00e9 | Sentinelle de voyage\" \/>\n<meta property=\"og:description\" content=\"Politique de confidentialit\u00e9 de Travel Sentry. D\u00e9couvrez plus d\u2019informations sur nos cadenas, accessoires de voyage et informations d\u2019identification.\" \/>\n<meta property=\"og:url\" content=\"https:\/\/www.travelsentry.org\/fr\/privacy-policy-fr\/\" \/>\n<meta property=\"og:site_name\" content=\"Travel Sentry\" \/>\n<meta property=\"article:publisher\" content=\"https:\/\/www.facebook.com\/TravelSentry\/\" \/>\n<meta property=\"article:modified_time\" content=\"2024-01-15T14:58:13+00:00\" \/>\n<meta name=\"twitter:card\" content=\"summary_large_image\" \/>\n<script type=\"application\/ld+json\" class=\"yoast-schema-graph\">{\"@context\":\"https:\\\/\\\/schema.org\",\"@graph\":[{\"@type\":\"WebPage\",\"@id\":\"https:\\\/\\\/www.travelsentry.org\\\/fr\\\/privacy-policy-fr\\\/\",\"url\":\"https:\\\/\\\/www.travelsentry.org\\\/fr\\\/privacy-policy-fr\\\/\",\"name\":\"Politique de confidentialit\u00e9 | Sentinelle de voyage\",\"isPartOf\":{\"@id\":\"https:\\\/\\\/www.travelsentry.org\\\/fr\\\/#website\"},\"datePublished\":\"2022-07-20T09:25:48+00:00\",\"dateModified\":\"2024-01-15T14:58:13+00:00\",\"description\":\"Politique de confidentialit\u00e9 de Travel Sentry. D\u00e9couvrez plus d\u2019informations sur nos cadenas, accessoires de voyage et informations d\u2019identification.\",\"breadcrumb\":{\"@id\":\"https:\\\/\\\/www.travelsentry.org\\\/fr\\\/privacy-policy-fr\\\/#breadcrumb\"},\"inLanguage\":\"fr-FR\",\"potentialAction\":[{\"@type\":\"ReadAction\",\"target\":[\"https:\\\/\\\/www.travelsentry.org\\\/fr\\\/privacy-policy-fr\\\/\"]}]},{\"@type\":\"BreadcrumbList\",\"@id\":\"https:\\\/\\\/www.travelsentry.org\\\/fr\\\/privacy-policy-fr\\\/#breadcrumb\",\"itemListElement\":[{\"@type\":\"ListItem\",\"position\":1,\"name\":\"Home\",\"item\":\"https:\\\/\\\/www.travelsentry.org\\\/fr\\\/\"},{\"@type\":\"ListItem\",\"position\":2,\"name\":\"Politique de confidentialit\u00e9\"}]},{\"@type\":\"WebSite\",\"@id\":\"https:\\\/\\\/www.travelsentry.org\\\/fr\\\/#website\",\"url\":\"https:\\\/\\\/www.travelsentry.org\\\/fr\\\/\",\"name\":\"Travel Sentry\",\"description\":\"\",\"publisher\":{\"@id\":\"https:\\\/\\\/www.travelsentry.org\\\/fr\\\/#organization\"},\"potentialAction\":[{\"@type\":\"SearchAction\",\"target\":{\"@type\":\"EntryPoint\",\"urlTemplate\":\"https:\\\/\\\/www.travelsentry.org\\\/fr\\\/?s={search_term_string}\"},\"query-input\":{\"@type\":\"PropertyValueSpecification\",\"valueRequired\":true,\"valueName\":\"search_term_string\"}}],\"inLanguage\":\"fr-FR\"},{\"@type\":\"Organization\",\"@id\":\"https:\\\/\\\/www.travelsentry.org\\\/fr\\\/#organization\",\"name\":\"Teavel Sentry\",\"alternateName\":\"TS\",\"url\":\"https:\\\/\\\/www.travelsentry.org\\\/fr\\\/\",\"logo\":{\"@type\":\"ImageObject\",\"inLanguage\":\"fr-FR\",\"@id\":\"https:\\\/\\\/www.travelsentry.org\\\/fr\\\/#\\\/schema\\\/logo\\\/image\\\/\",\"url\":\"https:\\\/\\\/www.travelsentry.org\\\/wp-content\\\/uploads\\\/2023\\\/07\\\/logo-mobile.svg\",\"contentUrl\":\"https:\\\/\\\/www.travelsentry.org\\\/wp-content\\\/uploads\\\/2023\\\/07\\\/logo-mobile.svg\",\"width\":1,\"height\":1,\"caption\":\"Teavel Sentry\"},\"image\":{\"@id\":\"https:\\\/\\\/www.travelsentry.org\\\/fr\\\/#\\\/schema\\\/logo\\\/image\\\/\"},\"sameAs\":[\"https:\\\/\\\/www.facebook.com\\\/TravelSentry\\\/\",\"https:\\\/\\\/www.instagram.com\\\/travelsentry.official\\\/\",\"https:\\\/\\\/www.linkedin.com\\\/company\\\/travel-sentry\\\/mycompany\\\/\",\"https:\\\/\\\/www.youtube.com\\\/channel\\\/UCshlLKD22AIhzO3pOEmBM8A\",\"https:\\\/\\\/www.tiktok.com\\\/@travelsentry\",\"https:\\\/\\\/www.weibo.com\\\/p\\\/1006066616793697\"]}]}<\/script>\n<!-- \/ Yoast SEO plugin. -->","yoast_head_json":{"title":"Politique de confidentialit\u00e9 | Sentinelle de voyage","description":"Politique de confidentialit\u00e9 de Travel Sentry. D\u00e9couvrez plus d\u2019informations sur nos cadenas, accessoires de voyage et informations d\u2019identification.","robots":{"index":"index","follow":"follow","max-snippet":"max-snippet:-1","max-image-preview":"max-image-preview:large","max-video-preview":"max-video-preview:-1"},"canonical":"https:\/\/www.travelsentry.org\/fr\/privacy-policy-fr\/","og_locale":"fr_FR","og_type":"article","og_title":"Politique de confidentialit\u00e9 | Sentinelle de voyage","og_description":"Politique de confidentialit\u00e9 de Travel Sentry. D\u00e9couvrez plus d\u2019informations sur nos cadenas, accessoires de voyage et informations d\u2019identification.","og_url":"https:\/\/www.travelsentry.org\/fr\/privacy-policy-fr\/","og_site_name":"Travel Sentry","article_publisher":"https:\/\/www.facebook.com\/TravelSentry\/","article_modified_time":"2024-01-15T14:58:13+00:00","twitter_card":"summary_large_image","schema":{"@context":"https:\/\/schema.org","@graph":[{"@type":"WebPage","@id":"https:\/\/www.travelsentry.org\/fr\/privacy-policy-fr\/","url":"https:\/\/www.travelsentry.org\/fr\/privacy-policy-fr\/","name":"Politique de confidentialit\u00e9 | Sentinelle de voyage","isPartOf":{"@id":"https:\/\/www.travelsentry.org\/fr\/#website"},"datePublished":"2022-07-20T09:25:48+00:00","dateModified":"2024-01-15T14:58:13+00:00","description":"Politique de confidentialit\u00e9 de Travel Sentry. D\u00e9couvrez plus d\u2019informations sur nos cadenas, accessoires de voyage et informations d\u2019identification.","breadcrumb":{"@id":"https:\/\/www.travelsentry.org\/fr\/privacy-policy-fr\/#breadcrumb"},"inLanguage":"fr-FR","potentialAction":[{"@type":"ReadAction","target":["https:\/\/www.travelsentry.org\/fr\/privacy-policy-fr\/"]}]},{"@type":"BreadcrumbList","@id":"https:\/\/www.travelsentry.org\/fr\/privacy-policy-fr\/#breadcrumb","itemListElement":[{"@type":"ListItem","position":1,"name":"Home","item":"https:\/\/www.travelsentry.org\/fr\/"},{"@type":"ListItem","position":2,"name":"Politique de confidentialit\u00e9"}]},{"@type":"WebSite","@id":"https:\/\/www.travelsentry.org\/fr\/#website","url":"https:\/\/www.travelsentry.org\/fr\/","name":"Travel Sentry","description":"","publisher":{"@id":"https:\/\/www.travelsentry.org\/fr\/#organization"},"potentialAction":[{"@type":"SearchAction","target":{"@type":"EntryPoint","urlTemplate":"https:\/\/www.travelsentry.org\/fr\/?s={search_term_string}"},"query-input":{"@type":"PropertyValueSpecification","valueRequired":true,"valueName":"search_term_string"}}],"inLanguage":"fr-FR"},{"@type":"Organization","@id":"https:\/\/www.travelsentry.org\/fr\/#organization","name":"Teavel Sentry","alternateName":"TS","url":"https:\/\/www.travelsentry.org\/fr\/","logo":{"@type":"ImageObject","inLanguage":"fr-FR","@id":"https:\/\/www.travelsentry.org\/fr\/#\/schema\/logo\/image\/","url":"https:\/\/www.travelsentry.org\/wp-content\/uploads\/2023\/07\/logo-mobile.svg","contentUrl":"https:\/\/www.travelsentry.org\/wp-content\/uploads\/2023\/07\/logo-mobile.svg","width":1,"height":1,"caption":"Teavel Sentry"},"image":{"@id":"https:\/\/www.travelsentry.org\/fr\/#\/schema\/logo\/image\/"},"sameAs":["https:\/\/www.facebook.com\/TravelSentry\/","https:\/\/www.instagram.com\/travelsentry.official\/","https:\/\/www.linkedin.com\/company\/travel-sentry\/mycompany\/","https:\/\/www.youtube.com\/channel\/UCshlLKD22AIhzO3pOEmBM8A","https:\/\/www.tiktok.com\/@travelsentry","https:\/\/www.weibo.com\/p\/1006066616793697"]}]}},"_links":{"self":[{"href":"https:\/\/www.travelsentry.org\/fr\/wp-json\/wp\/v2\/pages\/5601","targetHints":{"allow":["GET"]}}],"collection":[{"href":"https:\/\/www.travelsentry.org\/fr\/wp-json\/wp\/v2\/pages"}],"about":[{"href":"https:\/\/www.travelsentry.org\/fr\/wp-json\/wp\/v2\/types\/page"}],"author":[{"embeddable":true,"href":"https:\/\/www.travelsentry.org\/fr\/wp-json\/wp\/v2\/users\/1"}],"replies":[{"embeddable":true,"href":"https:\/\/www.travelsentry.org\/fr\/wp-json\/wp\/v2\/comments?post=5601"}],"version-history":[{"count":0,"href":"https:\/\/www.travelsentry.org\/fr\/wp-json\/wp\/v2\/pages\/5601\/revisions"}],"wp:attachment":[{"href":"https:\/\/www.travelsentry.org\/fr\/wp-json\/wp\/v2\/media?parent=5601"}],"wp:term":[{"taxonomy":"category","embeddable":true,"href":"https:\/\/www.travelsentry.org\/fr\/wp-json\/wp\/v2\/categories?post=5601"}],"curies":[{"name":"wp","href":"https:\/\/api.w.org\/{rel}","templated":true}]}}