{"id":5361,"date":"2022-12-16T15:49:30","date_gmt":"2022-12-16T15:49:30","guid":{"rendered":"https:\/\/travelsentry.wpengine.com\/okoban\/"},"modified":"2024-03-27T12:59:07","modified_gmt":"2024-03-27T12:59:07","slug":"okoban-fr","status":"publish","type":"page","link":"https:\/\/www.travelsentry.org\/fr\/okoban-fr\/","title":{"rendered":"Okoban"},"content":{"rendered":"<section class=\"block-banner t-light\">\n\t\t\t<div class=\"block-banner__img\">\n\t\t\t\t\t\t\t<img decoding=\"async\" src=\"https:\/\/www.travelsentry.org\/wp-content\/uploads\/2023\/06\/TS_Backpack_Header-4-scaled.jpg\" alt=\"lost and found tags for Travel Bags\">\n\t\t\t\t\t<\/div>\n\t\t<div class=\"container\">\n\t\t<div class=\"block-banner__inner\">\n\t\t\t\n \n \n\t\t\t\t\t\t<p class=\"block-banner__subheading s-text-lg a-up\"\t\t\t>\n\t\t\t\tOKOBAN par Travel Sentry\t\t\t\t\t<\/p>\n\t\t\t\t\t\t\n \n \n\t\t\t\t\t\t<h1 class=\"h2 block-banner__heading a-up\"\t\t\t><span class=\"ez-toc-section\" id=\"La_solution_pour_les_objets_perdus_et_trouves_partout_dans_le_monde\"><\/span>\n\t\t\t\tLa solution pour les objets perdus et trouv\u00e9s partout dans le monde\t\t\t\t\t<span class=\"ez-toc-section-end\"><\/span><\/h1>\n\t\t\t\t\t\t\n \n \n\t\t\t\t\t\t<div class=\"block-banner__content a-up a-delay-1\"\t\t\t>\n\t\t\t\t<p>Le syst\u00e8me est bas\u00e9 sur des codes d\u2019identification uniques trouv\u00e9s sur le produit que vous achetez ou sur des tags s\u00e9par\u00e9s.<\/p>\n<p>Utilis\u00e9 par des millions de personnes dans 198 pays \u00e0 travers le monde et avec un syst\u00e8me fonctionnant dans plus de 2800 bureaux des objets trouv\u00e9s dans les a\u00e9roports, OKOBAN jouit de la confiance des consommateurs depuis plus de 10 ans et nous serons l\u00e0 quand vous en aurez le plus besoin.<\/p>\n\t\t\t\t\t<\/div>\n\t\t\t\t\t\t\n\n\n\n\t\t\t\t<a class=\"c-btn a-up a-delay-2 c-btn--primary\" href=\"https:\/\/www.okoban.com\/fr\" target=\"_blank\">\n\t\t\tVisitez le site web\t\t\t\t\t<\/a>\n\t\t\t<\/div>\n\t<\/div>\n<\/section>\n\n\n<section class=\"block-content-image block-content-image--right block-content-image--single bg-white\">\n\t<div class=\"row\">\n\t\t\t\t<div class=\"col col-md-6\">\n\t\t\t<div class=\"img-a\">\n\t\t\t\t\t\t\t\t\t<!-- content-modules-image -->\n\t\t\t\t\t\t<div class=\"img-a-img\"\t\t\t>\n\t\t\t\t\t\t\t\t\t\t\t\t\t\t\t\t<img decoding=\"async\" class=\"\" src=\"https:\/\/www.travelsentry.org\/wp-content\/uploads\/2023\/06\/TSGlobev01.jpg\" alt=\"lost and found tags\" loading=\"lazy\">\n\t\t\t\t\t\t\t\t<\/div>\n\t\t\t\t\t\t\t\t\t\t<\/div>\n\t\t<\/div>\n\t\t<div class=\"col col-md-6 block-content-image__content a-up-nested\">\n\t\t\t\n \n \n\t\t\t\t\t\t<p class=\"block-content-image__subheading s-text-large\"\t\t\t>\n\t\t\t\tComment cela fonctionne-t-il ?\t\t\t\t\t<\/p>\n\t\t\t\t\t\t\n \n \n\t\t\t\t\t\t<h2 class=\"block-content-image__heading\"\t\t\t><span class=\"ez-toc-section\" id=\"Le_systeme_mondial_des_objets_trouves\"><\/span>\n\t\t\t\tLe syst\u00e8me mondial des objets trouv\u00e9s\t\t\t\t\t<span class=\"ez-toc-section-end\"><\/span><\/h2>\n\t\t\t\t\t\t\n \n \n\t\t\t\t\t\t<div class=\"block-content-image__copy a-delay-1\"\t\t\t>\n\t\t\t\t<p>Chaque code OKOBAN UID est enregistr\u00e9, ce qui cr\u00e9e un lien permanent entre l\u2019objet et son propri\u00e9taire.<\/p>\n<p>Notre processus en ligne est simple. Il suffit de quelques minutes pour s\u2019inscrire et obtenir une PROTECTION \u00c0 VIE GRATUITE. Lorsqu\u2019un objet perdu est trouv\u00e9, il suffit de saisir le code OKOBAN UID pour que le syst\u00e8me vous alerte par SMS ou\/et par e-mail et vous indique o\u00f9 se trouve votre objet prot\u00e9g\u00e9 et comment contacter le trouveur.<\/p>\n<p>L\u2019enregistrement de l\u2019OKOBAN UID augmentera consid\u00e9rablement vos chances de retrouver votre objet en cas de perte.<\/p>\n\t\t\t\t\t<\/div>\n\t\t\t\t\t\t\n\n\n\n\t\t\t\t<a class=\"c-btn c-btn--primary a-delay-2\" href=\"https:\/\/www.okoban.com\/fr\" target=\"_blank\">\n\t\t\tVisitez le site web\t\t\t\t\t<\/a>\n\t\t\t<\/div>\n\t\t\t<\/div>\n<\/section>\n\n\n<section class=\"block-custom-posts block-custom-posts--button\">\n\t<div class=\"container\">\n\t\t<div class=\"block-custom-posts__inner\">\n\t\t\t\n \n \n\t\t\t\t\t\t<h2 class=\"block-custom-posts__heading a-up\"\t\t\t><span class=\"ez-toc-section\" id=\"Articles_Lies\"><\/span>\n\t\t\t\tArticles Li\u00e9s\t\t\t\t\t<span class=\"ez-toc-section-end\"><\/span><\/h2>\n\t\t\t\t\t\t\n\n\n\n\t\t<\/div>\n\t\t\t\t\t<div class=\"swiper block-custom-posts__slider a-up a-delay-2\">\n\t\t\t\t<div class=\"row swiper-wrapper\">\n\t\t\t\t\t<article class=\" col-md-4 loop-post swiper-slide a-up\">\n\t\t\t<a href=\"https:\/\/www.travelsentry.org\/fr\/howtokeepyourluggagesafe\/\" class=\"loop-post__img\">\n\t\t\t<img loading=\"lazy\" decoding=\"async\" width=\"480\" height=\"320\" src=\"https:\/\/www.travelsentry.org\/wp-content\/uploads\/2022\/12\/Keep-Luggage-Safe-480x320.jpg\" class=\"attachment-post-img size-post-img wp-post-image\" alt=\"\" srcset=\"https:\/\/www.travelsentry.org\/wp-content\/uploads\/2022\/12\/Keep-Luggage-Safe-480x320.jpg 480w, https:\/\/www.travelsentry.org\/wp-content\/uploads\/2022\/12\/Keep-Luggage-Safe-300x200.jpg 300w, https:\/\/www.travelsentry.org\/wp-content\/uploads\/2022\/12\/Keep-Luggage-Safe-1024x683.jpg 1024w, https:\/\/www.travelsentry.org\/wp-content\/uploads\/2022\/12\/Keep-Luggage-Safe-768x512.jpg 768w, https:\/\/www.travelsentry.org\/wp-content\/uploads\/2022\/12\/Keep-Luggage-Safe-1536x1024.jpg 1536w, https:\/\/www.travelsentry.org\/wp-content\/uploads\/2022\/12\/Keep-Luggage-Safe-2048x1365.jpg 2048w, https:\/\/www.travelsentry.org\/wp-content\/uploads\/2022\/12\/Keep-Luggage-Safe-486x324.jpg 486w, https:\/\/www.travelsentry.org\/wp-content\/uploads\/2022\/12\/Keep-Luggage-Safe-972x648.jpg 972w, https:\/\/www.travelsentry.org\/wp-content\/uploads\/2022\/12\/Keep-Luggage-Safe-888x592.jpg 888w, https:\/\/www.travelsentry.org\/wp-content\/uploads\/2022\/12\/Keep-Luggage-Safe-1776x1184.jpg 1776w, https:\/\/www.travelsentry.org\/wp-content\/uploads\/2022\/12\/Keep-Luggage-Safe-960x640.jpg 960w, https:\/\/www.travelsentry.org\/wp-content\/uploads\/2022\/12\/Keep-Luggage-Safe-630x420.jpg 630w\" sizes=\"auto, (max-width: 480px) 100vw, 480px\" \/>\t\t<\/a>\n\t\t<p class=\"loop-post__date s-text-lg\">janvier 2026<\/p>\n\t<h5 class=\"loop-post__title\">Comment assurer la s\u00e9curit\u00e9 de vos bagages pendant le voyage<\/h5>\n\t\t<p class=\"loop-post__excerpt\">Nous souhaitons partager avec vous la mani\u00e8re dont vous pouvez pr\u00e9venir le vol et la perte&#8230;<\/p>\n\t\t<a href=\"https:\/\/www.travelsentry.org\/fr\/howtokeepyourluggagesafe\/\" class=\"c-btn c-btn--primary\">Lire la Suite<\/a>\n<\/article>\n\t\t\t\t<\/div>\n\t\t\t\t<div class=\"swiper-controls d-sm-only\">\n\t\t\t\t\t<button class=\"swiper-button-prev\"><\/button>\n\t\t\t\t\t<div class=\"swiper-pagination\"><\/div>\n\t\t\t\t\t<button class=\"swiper-button-next\"><\/button>\n\t\t\t\t<\/div>\n\t\t\t<\/div>\n\t\t\t\t<\/div>\n<\/section>\n","protected":false},"excerpt":{"rendered":"","protected":false},"author":1,"featured_media":7632,"parent":0,"menu_order":0,"comment_status":"closed","ping_status":"closed","template":"","meta":{"_acf_changed":true,"footnotes":""},"categories":[],"class_list":["post-5361","page","type-page","status-publish","has-post-thumbnail","hentry"],"acf":[],"yoast_head":"<!-- This site is optimized with the Yoast SEO plugin v27.4 - https:\/\/yoast.com\/product\/yoast-seo-wordpress\/ -->\n<title>Okoban | Etiquette d&#039;objet perdu ou trouv\u00e9 | Travel Sentry<\/title>\n<meta name=\"description\" content=\"OKOBAN de Travel Sentry est le syst\u00e8me mondial d&#039;\u00e9tiquettage d&#039;objets utilis\u00e9 par des millions de personnes dans 198 pays pour retrouver les bagages perdus.\" \/>\n<meta name=\"robots\" content=\"index, follow, max-snippet:-1, max-image-preview:large, max-video-preview:-1\" \/>\n<link rel=\"canonical\" href=\"https:\/\/www.travelsentry.org\/fr\/okoban-fr\/\" \/>\n<meta property=\"og:locale\" content=\"fr_FR\" \/>\n<meta property=\"og:type\" content=\"article\" \/>\n<meta property=\"og:title\" content=\"Okoban | Etiquette d&#039;objet perdu ou trouv\u00e9 | Travel Sentry\" \/>\n<meta property=\"og:description\" content=\"OKOBAN de Travel Sentry est le syst\u00e8me mondial d&#039;\u00e9tiquettage d&#039;objets utilis\u00e9 par des millions de personnes dans 198 pays pour retrouver les bagages perdus.\" \/>\n<meta property=\"og:url\" content=\"https:\/\/www.travelsentry.org\/fr\/okoban-fr\/\" \/>\n<meta property=\"og:site_name\" content=\"Travel Sentry\" \/>\n<meta property=\"article:publisher\" content=\"https:\/\/www.facebook.com\/TravelSentry\/\" \/>\n<meta property=\"article:modified_time\" content=\"2024-03-27T12:59:07+00:00\" \/>\n<meta property=\"og:image\" content=\"https:\/\/www.travelsentry.org\/wp-content\/uploads\/2023\/06\/TS_Backpack_Okoban-2-1024x577.jpg\" \/>\n\t<meta property=\"og:image:width\" content=\"1024\" \/>\n\t<meta property=\"og:image:height\" content=\"577\" \/>\n\t<meta property=\"og:image:type\" content=\"image\/jpeg\" \/>\n<meta name=\"twitter:card\" content=\"summary_large_image\" \/>\n<meta name=\"twitter:label1\" content=\"Dur\u00e9e de lecture estim\u00e9e\" \/>\n\t<meta name=\"twitter:data1\" content=\"1 minute\" \/>\n<script type=\"application\/ld+json\" class=\"yoast-schema-graph\">{\"@context\":\"https:\\\/\\\/schema.org\",\"@graph\":[{\"@type\":\"WebPage\",\"@id\":\"https:\\\/\\\/www.travelsentry.org\\\/fr\\\/okoban-fr\\\/\",\"url\":\"https:\\\/\\\/www.travelsentry.org\\\/fr\\\/okoban-fr\\\/\",\"name\":\"Okoban | Etiquette d'objet perdu ou trouv\u00e9 | Travel Sentry\",\"isPartOf\":{\"@id\":\"https:\\\/\\\/www.travelsentry.org\\\/fr\\\/#website\"},\"primaryImageOfPage\":{\"@id\":\"https:\\\/\\\/www.travelsentry.org\\\/fr\\\/okoban-fr\\\/#primaryimage\"},\"image\":{\"@id\":\"https:\\\/\\\/www.travelsentry.org\\\/fr\\\/okoban-fr\\\/#primaryimage\"},\"thumbnailUrl\":\"https:\\\/\\\/www.travelsentry.org\\\/wp-content\\\/uploads\\\/2023\\\/06\\\/TS_Backpack_Okoban-2.jpg\",\"datePublished\":\"2022-12-16T15:49:30+00:00\",\"dateModified\":\"2024-03-27T12:59:07+00:00\",\"description\":\"OKOBAN de Travel Sentry est le syst\u00e8me mondial d'\u00e9tiquettage d'objets utilis\u00e9 par des millions de personnes dans 198 pays pour retrouver les bagages perdus.\",\"breadcrumb\":{\"@id\":\"https:\\\/\\\/www.travelsentry.org\\\/fr\\\/okoban-fr\\\/#breadcrumb\"},\"inLanguage\":\"fr-FR\",\"potentialAction\":[{\"@type\":\"ReadAction\",\"target\":[\"https:\\\/\\\/www.travelsentry.org\\\/fr\\\/okoban-fr\\\/\"]}]},{\"@type\":\"ImageObject\",\"inLanguage\":\"fr-FR\",\"@id\":\"https:\\\/\\\/www.travelsentry.org\\\/fr\\\/okoban-fr\\\/#primaryimage\",\"url\":\"https:\\\/\\\/www.travelsentry.org\\\/wp-content\\\/uploads\\\/2023\\\/06\\\/TS_Backpack_Okoban-2.jpg\",\"contentUrl\":\"https:\\\/\\\/www.travelsentry.org\\\/wp-content\\\/uploads\\\/2023\\\/06\\\/TS_Backpack_Okoban-2.jpg\",\"width\":1920,\"height\":1081},{\"@type\":\"BreadcrumbList\",\"@id\":\"https:\\\/\\\/www.travelsentry.org\\\/fr\\\/okoban-fr\\\/#breadcrumb\",\"itemListElement\":[{\"@type\":\"ListItem\",\"position\":1,\"name\":\"Home\",\"item\":\"https:\\\/\\\/www.travelsentry.org\\\/fr\\\/\"},{\"@type\":\"ListItem\",\"position\":2,\"name\":\"Okoban\"}]},{\"@type\":\"WebSite\",\"@id\":\"https:\\\/\\\/www.travelsentry.org\\\/fr\\\/#website\",\"url\":\"https:\\\/\\\/www.travelsentry.org\\\/fr\\\/\",\"name\":\"Travel Sentry\",\"description\":\"\",\"publisher\":{\"@id\":\"https:\\\/\\\/www.travelsentry.org\\\/fr\\\/#organization\"},\"potentialAction\":[{\"@type\":\"SearchAction\",\"target\":{\"@type\":\"EntryPoint\",\"urlTemplate\":\"https:\\\/\\\/www.travelsentry.org\\\/fr\\\/?s={search_term_string}\"},\"query-input\":{\"@type\":\"PropertyValueSpecification\",\"valueRequired\":true,\"valueName\":\"search_term_string\"}}],\"inLanguage\":\"fr-FR\"},{\"@type\":\"Organization\",\"@id\":\"https:\\\/\\\/www.travelsentry.org\\\/fr\\\/#organization\",\"name\":\"Teavel Sentry\",\"alternateName\":\"TS\",\"url\":\"https:\\\/\\\/www.travelsentry.org\\\/fr\\\/\",\"logo\":{\"@type\":\"ImageObject\",\"inLanguage\":\"fr-FR\",\"@id\":\"https:\\\/\\\/www.travelsentry.org\\\/fr\\\/#\\\/schema\\\/logo\\\/image\\\/\",\"url\":\"https:\\\/\\\/www.travelsentry.org\\\/wp-content\\\/uploads\\\/2023\\\/07\\\/logo-mobile.svg\",\"contentUrl\":\"https:\\\/\\\/www.travelsentry.org\\\/wp-content\\\/uploads\\\/2023\\\/07\\\/logo-mobile.svg\",\"width\":1,\"height\":1,\"caption\":\"Teavel Sentry\"},\"image\":{\"@id\":\"https:\\\/\\\/www.travelsentry.org\\\/fr\\\/#\\\/schema\\\/logo\\\/image\\\/\"},\"sameAs\":[\"https:\\\/\\\/www.facebook.com\\\/TravelSentry\\\/\",\"https:\\\/\\\/www.instagram.com\\\/travelsentry.official\\\/\",\"https:\\\/\\\/www.linkedin.com\\\/company\\\/travel-sentry\\\/mycompany\\\/\",\"https:\\\/\\\/www.youtube.com\\\/channel\\\/UCshlLKD22AIhzO3pOEmBM8A\",\"https:\\\/\\\/www.tiktok.com\\\/@travelsentry\",\"https:\\\/\\\/www.weibo.com\\\/p\\\/1006066616793697\"]}]}<\/script>\n<!-- \/ Yoast SEO plugin. -->","yoast_head_json":{"title":"Okoban | Etiquette d'objet perdu ou trouv\u00e9 | Travel Sentry","description":"OKOBAN de Travel Sentry est le syst\u00e8me mondial d'\u00e9tiquettage d'objets utilis\u00e9 par des millions de personnes dans 198 pays pour retrouver les bagages perdus.","robots":{"index":"index","follow":"follow","max-snippet":"max-snippet:-1","max-image-preview":"max-image-preview:large","max-video-preview":"max-video-preview:-1"},"canonical":"https:\/\/www.travelsentry.org\/fr\/okoban-fr\/","og_locale":"fr_FR","og_type":"article","og_title":"Okoban | Etiquette d'objet perdu ou trouv\u00e9 | Travel Sentry","og_description":"OKOBAN de Travel Sentry est le syst\u00e8me mondial d'\u00e9tiquettage d'objets utilis\u00e9 par des millions de personnes dans 198 pays pour retrouver les bagages perdus.","og_url":"https:\/\/www.travelsentry.org\/fr\/okoban-fr\/","og_site_name":"Travel Sentry","article_publisher":"https:\/\/www.facebook.com\/TravelSentry\/","article_modified_time":"2024-03-27T12:59:07+00:00","og_image":[{"width":1024,"height":577,"url":"https:\/\/www.travelsentry.org\/wp-content\/uploads\/2023\/06\/TS_Backpack_Okoban-2-1024x577.jpg","type":"image\/jpeg"}],"twitter_card":"summary_large_image","twitter_misc":{"Dur\u00e9e de lecture estim\u00e9e":"1 minute"},"schema":{"@context":"https:\/\/schema.org","@graph":[{"@type":"WebPage","@id":"https:\/\/www.travelsentry.org\/fr\/okoban-fr\/","url":"https:\/\/www.travelsentry.org\/fr\/okoban-fr\/","name":"Okoban | Etiquette d'objet perdu ou trouv\u00e9 | Travel Sentry","isPartOf":{"@id":"https:\/\/www.travelsentry.org\/fr\/#website"},"primaryImageOfPage":{"@id":"https:\/\/www.travelsentry.org\/fr\/okoban-fr\/#primaryimage"},"image":{"@id":"https:\/\/www.travelsentry.org\/fr\/okoban-fr\/#primaryimage"},"thumbnailUrl":"https:\/\/www.travelsentry.org\/wp-content\/uploads\/2023\/06\/TS_Backpack_Okoban-2.jpg","datePublished":"2022-12-16T15:49:30+00:00","dateModified":"2024-03-27T12:59:07+00:00","description":"OKOBAN de Travel Sentry est le syst\u00e8me mondial d'\u00e9tiquettage d'objets utilis\u00e9 par des millions de personnes dans 198 pays pour retrouver les bagages perdus.","breadcrumb":{"@id":"https:\/\/www.travelsentry.org\/fr\/okoban-fr\/#breadcrumb"},"inLanguage":"fr-FR","potentialAction":[{"@type":"ReadAction","target":["https:\/\/www.travelsentry.org\/fr\/okoban-fr\/"]}]},{"@type":"ImageObject","inLanguage":"fr-FR","@id":"https:\/\/www.travelsentry.org\/fr\/okoban-fr\/#primaryimage","url":"https:\/\/www.travelsentry.org\/wp-content\/uploads\/2023\/06\/TS_Backpack_Okoban-2.jpg","contentUrl":"https:\/\/www.travelsentry.org\/wp-content\/uploads\/2023\/06\/TS_Backpack_Okoban-2.jpg","width":1920,"height":1081},{"@type":"BreadcrumbList","@id":"https:\/\/www.travelsentry.org\/fr\/okoban-fr\/#breadcrumb","itemListElement":[{"@type":"ListItem","position":1,"name":"Home","item":"https:\/\/www.travelsentry.org\/fr\/"},{"@type":"ListItem","position":2,"name":"Okoban"}]},{"@type":"WebSite","@id":"https:\/\/www.travelsentry.org\/fr\/#website","url":"https:\/\/www.travelsentry.org\/fr\/","name":"Travel Sentry","description":"","publisher":{"@id":"https:\/\/www.travelsentry.org\/fr\/#organization"},"potentialAction":[{"@type":"SearchAction","target":{"@type":"EntryPoint","urlTemplate":"https:\/\/www.travelsentry.org\/fr\/?s={search_term_string}"},"query-input":{"@type":"PropertyValueSpecification","valueRequired":true,"valueName":"search_term_string"}}],"inLanguage":"fr-FR"},{"@type":"Organization","@id":"https:\/\/www.travelsentry.org\/fr\/#organization","name":"Teavel Sentry","alternateName":"TS","url":"https:\/\/www.travelsentry.org\/fr\/","logo":{"@type":"ImageObject","inLanguage":"fr-FR","@id":"https:\/\/www.travelsentry.org\/fr\/#\/schema\/logo\/image\/","url":"https:\/\/www.travelsentry.org\/wp-content\/uploads\/2023\/07\/logo-mobile.svg","contentUrl":"https:\/\/www.travelsentry.org\/wp-content\/uploads\/2023\/07\/logo-mobile.svg","width":1,"height":1,"caption":"Teavel Sentry"},"image":{"@id":"https:\/\/www.travelsentry.org\/fr\/#\/schema\/logo\/image\/"},"sameAs":["https:\/\/www.facebook.com\/TravelSentry\/","https:\/\/www.instagram.com\/travelsentry.official\/","https:\/\/www.linkedin.com\/company\/travel-sentry\/mycompany\/","https:\/\/www.youtube.com\/channel\/UCshlLKD22AIhzO3pOEmBM8A","https:\/\/www.tiktok.com\/@travelsentry","https:\/\/www.weibo.com\/p\/1006066616793697"]}]}},"_links":{"self":[{"href":"https:\/\/www.travelsentry.org\/fr\/wp-json\/wp\/v2\/pages\/5361","targetHints":{"allow":["GET"]}}],"collection":[{"href":"https:\/\/www.travelsentry.org\/fr\/wp-json\/wp\/v2\/pages"}],"about":[{"href":"https:\/\/www.travelsentry.org\/fr\/wp-json\/wp\/v2\/types\/page"}],"author":[{"embeddable":true,"href":"https:\/\/www.travelsentry.org\/fr\/wp-json\/wp\/v2\/users\/1"}],"replies":[{"embeddable":true,"href":"https:\/\/www.travelsentry.org\/fr\/wp-json\/wp\/v2\/comments?post=5361"}],"version-history":[{"count":0,"href":"https:\/\/www.travelsentry.org\/fr\/wp-json\/wp\/v2\/pages\/5361\/revisions"}],"wp:featuredmedia":[{"embeddable":true,"href":"https:\/\/www.travelsentry.org\/fr\/wp-json\/wp\/v2\/media\/7632"}],"wp:attachment":[{"href":"https:\/\/www.travelsentry.org\/fr\/wp-json\/wp\/v2\/media?parent=5361"}],"wp:term":[{"taxonomy":"category","embeddable":true,"href":"https:\/\/www.travelsentry.org\/fr\/wp-json\/wp\/v2\/categories?post=5361"}],"curies":[{"name":"wp","href":"https:\/\/api.w.org\/{rel}","templated":true}]}}