{"id":5370,"date":"2022-12-16T15:50:00","date_gmt":"2022-12-16T15:50:00","guid":{"rendered":"https:\/\/travelsentry.wpengine.com\/contact\/"},"modified":"2024-11-07T09:24:27","modified_gmt":"2024-11-07T09:24:27","slug":"contact-es","status":"publish","type":"page","link":"https:\/\/www.travelsentry.org\/es\/contact-es\/","title":{"rendered":"Contact"},"content":{"rendered":"<section class=\"block-banner t-light\">\n\t\t\t<div class=\"block-banner__img\">\n\t\t\t\t\t\t\t<img decoding=\"async\" src=\"https:\/\/www.travelsentry.org\/wp-content\/uploads\/2023\/07\/TSPlasticSuitcase_ContactHeader-scaled.jpg\" alt=\"TSA lock on white plastic suitcase\">\n\t\t\t\t\t<\/div>\n\t\t<div class=\"container\">\n\t\t<div class=\"block-banner__inner\">\n\t\t\t\n \n \n\t\t\t\t\t\t<p class=\"block-banner__subheading s-text-lg a-up\"\t\t\t>\n\t\t\t\tPonte en contacto\t\t\t\t\t<\/p>\n\t\t\t\t\t\t\n \n \n\t\t\t\t\t\t<h1 class=\"h2 block-banner__heading a-up\"\t\t\t>\n\t\t\t\tEstamos aqu\u00ed para responder a tus preguntas\t\t\t\t\t<\/h1>\n\t\t\t\t\t\t\n \n \n\t\t\t\t\t\t<div class=\"block-banner__content a-up a-delay-1\"\t\t\t>\n\t\t\t\t<p>Si eres un cliente que necesita ayuda con un producto de Travel Sentry, te recomendamos que visites primero nuestra p\u00e1gina de ayuda.<\/p>\n\t\t\t\t\t<\/div>\n\t\t\t\t\t\t\n\n\n\n\t\t\t\t<a class=\"c-btn a-up a-delay-2 c-btn--primary\" href=\"https:\/\/www.travelsentry.org\/es\/help-es\/\" target=\"_self\">\n\t\t\tObtener ayuda\t\t\t\t\t<\/a>\n\t\t\t<\/div>\n\t<\/div>\n<\/section>\n\n\n<section class=\"block-content-tab\">\n\t<div class=\"container\">\n\t\t\t\t\t<div class=\"row a-up a-delay-1\">\n                <div class=\"col col-md-6 block-content-tab__links\">\n\t\t\t\t                    <div>\n                        <button class=\"block-content-tab__link is-active\" data-index=\"1\">\n                            Clientes                        <\/button>\n                    <\/div>\n\t\t\t\t                    <div>\n                        <button class=\"block-content-tab__link\" data-index=\"2\">\n                            Minoristas                        <\/button>\n                    <\/div>\n\t\t\t\t                    <div>\n                        <button class=\"block-content-tab__link\" data-index=\"3\">\n                            Licencias de la industria                        <\/button>\n                    <\/div>\n\t\t\t\t                    <div>\n                        <button class=\"block-content-tab__link\" data-index=\"4\">\n                            Compradores                        <\/button>\n                    <\/div>\n\t\t\t\t                    <div>\n                        <button class=\"block-content-tab__link\" data-index=\"5\">\n                            Agencias de seguridad                        <\/button>\n                    <\/div>\n\t\t\t\t                <\/div>\n                <div class=\"col col-md-6 block-content-tab__contents\">\n                                            <div class=\"block-content-tab__content is-active\">\n                            <button class=\"block-content-tab__content__back single-post__back d-sm-only\">\n                                <img decoding=\"async\" src=\"https:\/\/www.travelsentry.org\/wp-content\/themes\/travel-sentry\/assets\/img\/icon-arrow-left.svg\" alt=\"\">\n                                Atr\u00e1s                            <\/button>\n                            <h5 class=\"block-content-tab__content__heading d-sm-only\">Clientes<\/h5>\n                            <div class=\"block-content-tab__content__content\">\n                                <h5>Para consultas generales sobre los productos Travel Sentry<\/h5>\n<p>\u00bfTienes una pregunta sobre un producto Homologado por Travel Sentry\u00ae? \u00bfHas tenido un problema con uno de tus candados? Puedes encontrar respuestas y soluciones para estos y otros problemas en las preguntas Frecuentes.<\/p>\n<p>En la p\u00e1gina de <a href=\"https:\/\/www.travelsentry.org\/es\/tsa-lock-es\/\">TSA LOCK<\/a> puedes encontrar el enlace para contactar con empresas que pueden ayudarte con preguntas espec\u00edficas sobre tu producto.<\/p>\n<p>Si todav\u00eda tienes una pregunta sin respuesta o necesitas ayuda, por favor, h\u00e1znoslo saber rellenando el siguiente formulario. Haremos todo lo posible para proporcionar una respuesta o un recurso para dar una soluci\u00f3n.<\/p>\n<p>&nbsp;<\/p>\n\n<div class=\"wpcf7 no-js\" id=\"wpcf7-f6584-o1\" lang=\"es-ES\" dir=\"ltr\" data-wpcf7-id=\"6584\">\n<div class=\"screen-reader-response\"><p role=\"status\" aria-live=\"polite\" aria-atomic=\"true\"><\/p> <ul><\/ul><\/div>\n<form action=\"\/es\/wp-json\/wp\/v2\/pages\/5370#wpcf7-f6584-o1\" method=\"post\" class=\"wpcf7-form init 31dcdb88ca57 cmatic-conn cmatic-aud-3 cmatic-mapd0-0 cmatic-v097802 cmatic-sent-0 cmatic-total-313\" aria-label=\"Formulario de contacto\" enctype=\"multipart\/form-data\" novalidate=\"novalidate\" data-status=\"init\">\n<fieldset class=\"hidden-fields-container\"><input type=\"hidden\" name=\"_wpcf7\" value=\"6584\" \/><input type=\"hidden\" name=\"_wpcf7_version\" value=\"6.1.5\" \/><input type=\"hidden\" name=\"_wpcf7_locale\" value=\"es_ES\" \/><input type=\"hidden\" name=\"_wpcf7_unit_tag\" value=\"wpcf7-f6584-o1\" \/><input type=\"hidden\" name=\"_wpcf7_container_post\" value=\"0\" \/><input type=\"hidden\" name=\"_wpcf7_posted_data_hash\" value=\"\" \/><input type=\"hidden\" name=\"_wpcf7_recaptcha_response\" value=\"\" \/>\n<\/fieldset>\n<div class=\"row\">\n\t<div class=\"col-md-6\">\n\t\t<p><span class=\"wpcf7-form-control-wrap\" data-name=\"full_name\"><input size=\"40\" maxlength=\"400\" class=\"wpcf7-form-control wpcf7-text wpcf7-validates-as-required form-control\" aria-required=\"true\" aria-invalid=\"false\" placeholder=\"NOMBRE\" value=\"\" type=\"text\" name=\"full_name\" \/><\/span>\n\t\t<\/p>\n\t<\/div>\n\t<div class=\"col-md-6\">\n\t\t<p><span class=\"wpcf7-form-control-wrap\" data-name=\"email\"><input size=\"40\" maxlength=\"400\" class=\"wpcf7-form-control wpcf7-email wpcf7-validates-as-required wpcf7-text wpcf7-validates-as-email form-control\" aria-required=\"true\" aria-invalid=\"false\" placeholder=\"CORREO ELECTR\u00d3NICO\" value=\"\" type=\"email\" name=\"email\" \/><\/span>\n\t\t<\/p>\n\t<\/div>\n\t<div class=\"col-12\">\n\t\t<p><span class=\"wpcf7-form-control-wrap\" data-name=\"message\"><textarea cols=\"40\" rows=\"10\" maxlength=\"2000\" class=\"wpcf7-form-control wpcf7-textarea form-control\" aria-invalid=\"false\" placeholder=\"MENSAJE\" name=\"message\"><\/textarea><\/span>\n\t\t<\/p>\n\t<\/div>\n\t<p><label> Cargue su archivo o imagen (archivo m\u00e1x. 5 MB)<br \/>\n<span class=\"wpcf7-form-control-wrap\" data-name=\"file-143\"><input size=\"40\" class=\"wpcf7-form-control wpcf7-file\" accept=\"audio\/*,video\/*,image\/*\" aria-invalid=\"false\" type=\"file\" name=\"file-143\" \/><\/span><br \/>\n<\/label>\n\t<\/p>\n\t<p><label><br \/>\n<span class=\"wpcf7-form-control-wrap\" data-name=\"agree_terms\"><span class=\"wpcf7-form-control wpcf7-checkbox wpcf7-validates-as-required form-control\"><span class=\"wpcf7-list-item first last\"><label><input type=\"checkbox\" name=\"agree_terms[]\" value=\"Al enviar este formulario, acepto que mis datos sean tratados seg\u00fan la Pol\u00edtica de Privacidad de Travel Sentry.\" \/><span class=\"wpcf7-list-item-label\">Al enviar este formulario, acepto que mis datos sean tratados seg\u00fan la Pol\u00edtica de Privacidad de Travel Sentry.<\/span><\/label><\/span><\/span><\/span><br \/>\n<\/label>\n\t<\/p>\n<\/div>\n<span class=\"wpcf7-form-control-wrap recaptcha\" data-name=\"recaptcha\"><span data-sitekey=\"6LddHZonAAAAAKGH8PMjcv6Y1m4NWFfjthtyLMED\" class=\"wpcf7-form-control wpcf7-recaptcha g-recaptcha\" id=\"noborder\"><\/span>\r\n<noscript>\r\n\t<div class=\"grecaptcha-noscript\">\r\n\t\t<iframe loading=\"lazy\" src=\"https:\/\/www.google.com\/recaptcha\/api\/fallback?k=6LddHZonAAAAAKGH8PMjcv6Y1m4NWFfjthtyLMED\" frameborder=\"0\" scrolling=\"no\" width=\"310\" height=\"430\">\r\n\t\t<\/iframe>\r\n\t\t<textarea name=\"g-recaptcha-response\" rows=\"3\" cols=\"40\" placeholder=\"Aqu\u00ed la respuesta de reCAPTCHA\">\r\n\t\t<\/textarea>\r\n\t<\/div>\r\n<\/noscript>\r\n<\/span>\n<p><input class=\"wpcf7-form-control wpcf7-submit has-spinner form-submit\" type=\"submit\" value=\"Enviar\" \/>\n<\/p><div class=\"wpcf7-response-output\" aria-hidden=\"true\"><\/div>\n<\/form>\n<\/div>\n\n                            <\/div>\n                        <\/div>\n                                            <div class=\"block-content-tab__content\">\n                            <button class=\"block-content-tab__content__back single-post__back d-sm-only\">\n                                <img decoding=\"async\" src=\"https:\/\/www.travelsentry.org\/wp-content\/themes\/travel-sentry\/assets\/img\/icon-arrow-left.svg\" alt=\"\">\n                                Atr\u00e1s                            <\/button>\n                            <h5 class=\"block-content-tab__content__heading d-sm-only\">Minoristas<\/h5>\n                            <div class=\"block-content-tab__content__content\">\n                                <h5>Para los minoristas que distribuyen nuestros productos.<\/h5>\n<p>Existe un sitio web dedicado a los minoristas para acceder a informaci\u00f3n, recursos y materiales de f\u00e1cil acceso para los consumidores, como las instrucciones gen\u00e9ricas de ajuste de candados en formato impreso y de v\u00eddeo. Est\u00e1n disponibles en varios idiomas. Estos materiales pueden utilizarse en l\u00ednea o en la tienda. Para acceder a ellos, ponte en contacto con <a href=\"mailto:marketing@travelsentry.org\" target=\"_blank\" rel=\"noopener\">marketing@travelsentry.org.<\/a><\/p>\n                            <\/div>\n                        <\/div>\n                                            <div class=\"block-content-tab__content\">\n                            <button class=\"block-content-tab__content__back single-post__back d-sm-only\">\n                                <img decoding=\"async\" src=\"https:\/\/www.travelsentry.org\/wp-content\/themes\/travel-sentry\/assets\/img\/icon-arrow-left.svg\" alt=\"\">\n                                Atr\u00e1s                            <\/button>\n                            <h5 class=\"block-content-tab__content__heading d-sm-only\">Licencias de la industria<\/h5>\n                            <div class=\"block-content-tab__content__content\">\n                                <h5>Para empresas que quieren trabajar con Travel Sentry<\/h5>\n<p>Travel Sentry da la bienvenida a los fabricantes y distribuidores que pueden cumplir con los est\u00e1ndares de calidad de Travel Sentry\u00ae.<\/p>\n<p>Hay tres tipos de licencias obligatorias de Travel Sentry\u00ae:<\/p>\n<h5>Fabricantes de cerraduras<\/h5>\n<p>Travel Sentry establece est\u00e1ndares para candados aprobados por Travel Sentry\u00ae para garantizar que:<\/p>\n<ul>\n<li>Cada dise\u00f1o de cerradura cumple con las necesidades operativas de la TSA y otras agencias de seguridad.<\/li>\n<li>Cada dise\u00f1o de cerradura cumple con los est\u00e1ndares m\u00ednimos de seguridad y calidad, incluidos los cortes de llave, el dise\u00f1o del cilindro y m\u00e1s.<\/li>\n<\/ul>\n<h5>Fabricantes de Equipaje<\/h5>\n<p>Travel Sentry\u00ae tambi\u00e9n establece est\u00e1ndares para garantizar que:<\/p>\n<ul>\n<li>Colocaci\u00f3n correcta del candado Travel Sentry\u00ae para satisfacer las necesidades operativas de la TSA y otras agencias de seguridad.<\/li>\n<li>El Travel Sentry\u00ae Red Diamond y otras marcas registradas se presentan correctamente.<\/li>\n<\/ul>\n<h5>Distribuidores<\/h5>\n<p>Los est\u00e1ndares de Travel Sentry\u00ae requieren que:<\/p>\n<ul>\n<li>Todas las referencias y descripciones del sistema Travel Sentry\u00ae son consistentes con nuestros acuerdos con la TSA, otros gobiernos y agencias de seguridad.<\/li>\n<li>El Travel Sentry\u00ae Red Diamond y otras marcas registradas se presentan correctamente.<\/li>\n<\/ul>\n<p>Cualquier empresa interesada en fabricar candados o equipaje aprobados por Travel Sentry\u00ae o en distribuir productos con la marca registrada Travel Sentry\u00ae debe obtener una licencia.<\/p>\n<p>Para obtener informaci\u00f3n m\u00e1s espec\u00edfica sobre el sistema de licencias de Travel Sentry\u00ae, comun\u00edquese con Travel Sentry\u00ae en <a href=\"mailto:industry@travelsentry.org\" target=\"_blank\" rel=\"noopener\">industry@travelsentry.org<\/a><\/p>\n                            <\/div>\n                        <\/div>\n                                            <div class=\"block-content-tab__content\">\n                            <button class=\"block-content-tab__content__back single-post__back d-sm-only\">\n                                <img decoding=\"async\" src=\"https:\/\/www.travelsentry.org\/wp-content\/themes\/travel-sentry\/assets\/img\/icon-arrow-left.svg\" alt=\"\">\n                                Atr\u00e1s                            <\/button>\n                            <h5 class=\"block-content-tab__content__heading d-sm-only\">Compradores<\/h5>\n                            <div class=\"block-content-tab__content__content\">\n                                <h5>Para empresas que desean conectarse con los principales fabricantes de equipaje y f\u00e1bricas de cerraduras TSA aprobadas por Travel Sentry<\/h5>\n<p>Nuestra plataforma de identificaci\u00f3n de proveedores confiables <a title=\"http:\/\/www.luggage-factories.com\" href=\"http:\/\/www.luggage-factories.com\" target=\"_blank\" rel=\"noopener\">www.luggage-factories.com<\/a> lo conecta con una red de fabricantes verificados y aceptados por la TSA, de confianza para las principales marcas globales. Priorizamos la transparencia y el cumplimiento, ofreciendo herramientas como opciones avanzadas de b\u00fasqueda y un mapa global de proveedores para ayudarle a encontrar los socios adecuados. Con\u00e9ctese con proveedores certificados comprometidos con la calidad, la seguridad y la innovaci\u00f3n, asegurando un proceso de abastecimiento fluido y confiable.<\/p>\n                            <\/div>\n                        <\/div>\n                                            <div class=\"block-content-tab__content\">\n                            <button class=\"block-content-tab__content__back single-post__back d-sm-only\">\n                                <img decoding=\"async\" src=\"https:\/\/www.travelsentry.org\/wp-content\/themes\/travel-sentry\/assets\/img\/icon-arrow-left.svg\" alt=\"\">\n                                Atr\u00e1s                            <\/button>\n                            <h5 class=\"block-content-tab__content__heading d-sm-only\">Agencias de seguridad<\/h5>\n                            <div class=\"block-content-tab__content__content\">\n                                <h5>Para organizaciones con consultas espec\u00edficas relacionadas con la seguridad<\/h5>\n<p>Las agencias de seguridad solo pueden comunicarse con Travel Sentry\u00ae en <a href=\"mailto:security@travelsentry.org\" target=\"_blank\" rel=\"noopener\">security@travelsentry.org<\/a><\/p>\n                            <\/div>\n                        <\/div>\n                                    <\/div>\n\t\t\t<\/div>\n\t\t\t<\/div>\n<\/section>\n","protected":false},"excerpt":{"rendered":"","protected":false},"author":1,"featured_media":0,"parent":0,"menu_order":0,"comment_status":"closed","ping_status":"closed","template":"","meta":{"_acf_changed":true,"footnotes":""},"categories":[],"class_list":["post-5370","page","type-page","status-publish","hentry"],"acf":[],"yoast_head":"<!-- This site is optimized with the Yoast SEO plugin v27.4 - https:\/\/yoast.com\/product\/yoast-seo-wordpress\/ -->\n<title>Contacto | Travel Sentry<\/title>\n<meta name=\"description\" content=\"Contacto de Travel Sentry. Obtenga m\u00e1s informaci\u00f3n sobre nuestros candados, accesorios de viaje e informaci\u00f3n de identificaci\u00f3n.\" \/>\n<meta name=\"robots\" content=\"index, follow, max-snippet:-1, max-image-preview:large, max-video-preview:-1\" \/>\n<link rel=\"canonical\" href=\"https:\/\/www.travelsentry.org\/es\/contact-es\/\" \/>\n<meta property=\"og:locale\" content=\"es_ES\" \/>\n<meta property=\"og:type\" content=\"article\" \/>\n<meta property=\"og:title\" content=\"Contacto | Travel Sentry\" \/>\n<meta property=\"og:description\" content=\"Contacto de Travel Sentry. Obtenga m\u00e1s informaci\u00f3n sobre nuestros candados, accesorios de viaje e informaci\u00f3n de identificaci\u00f3n.\" \/>\n<meta property=\"og:url\" content=\"https:\/\/www.travelsentry.org\/es\/contact-es\/\" \/>\n<meta property=\"og:site_name\" content=\"Travel Sentry\" \/>\n<meta property=\"article:publisher\" content=\"https:\/\/www.facebook.com\/TravelSentry\/\" \/>\n<meta property=\"article:modified_time\" content=\"2024-11-07T09:24:27+00:00\" \/>\n<meta name=\"twitter:card\" content=\"summary_large_image\" \/>\n<script type=\"application\/ld+json\" class=\"yoast-schema-graph\">{\"@context\":\"https:\\\/\\\/schema.org\",\"@graph\":[{\"@type\":\"WebPage\",\"@id\":\"https:\\\/\\\/www.travelsentry.org\\\/es\\\/contact-es\\\/\",\"url\":\"https:\\\/\\\/www.travelsentry.org\\\/es\\\/contact-es\\\/\",\"name\":\"Contacto | Travel Sentry\",\"isPartOf\":{\"@id\":\"https:\\\/\\\/www.travelsentry.org\\\/es\\\/#website\"},\"datePublished\":\"2022-12-16T15:50:00+00:00\",\"dateModified\":\"2024-11-07T09:24:27+00:00\",\"description\":\"Contacto de Travel Sentry. Obtenga m\u00e1s informaci\u00f3n sobre nuestros candados, accesorios de viaje e informaci\u00f3n de identificaci\u00f3n.\",\"breadcrumb\":{\"@id\":\"https:\\\/\\\/www.travelsentry.org\\\/es\\\/contact-es\\\/#breadcrumb\"},\"inLanguage\":\"es\",\"potentialAction\":[{\"@type\":\"ReadAction\",\"target\":[\"https:\\\/\\\/www.travelsentry.org\\\/es\\\/contact-es\\\/\"]}]},{\"@type\":\"BreadcrumbList\",\"@id\":\"https:\\\/\\\/www.travelsentry.org\\\/es\\\/contact-es\\\/#breadcrumb\",\"itemListElement\":[{\"@type\":\"ListItem\",\"position\":1,\"name\":\"Home\",\"item\":\"https:\\\/\\\/www.travelsentry.org\\\/es\\\/\"},{\"@type\":\"ListItem\",\"position\":2,\"name\":\"Contact\"}]},{\"@type\":\"WebSite\",\"@id\":\"https:\\\/\\\/www.travelsentry.org\\\/es\\\/#website\",\"url\":\"https:\\\/\\\/www.travelsentry.org\\\/es\\\/\",\"name\":\"Travel Sentry\",\"description\":\"\",\"publisher\":{\"@id\":\"https:\\\/\\\/www.travelsentry.org\\\/es\\\/#organization\"},\"potentialAction\":[{\"@type\":\"SearchAction\",\"target\":{\"@type\":\"EntryPoint\",\"urlTemplate\":\"https:\\\/\\\/www.travelsentry.org\\\/es\\\/?s={search_term_string}\"},\"query-input\":{\"@type\":\"PropertyValueSpecification\",\"valueRequired\":true,\"valueName\":\"search_term_string\"}}],\"inLanguage\":\"es\"},{\"@type\":\"Organization\",\"@id\":\"https:\\\/\\\/www.travelsentry.org\\\/es\\\/#organization\",\"name\":\"Teavel Sentry\",\"alternateName\":\"TS\",\"url\":\"https:\\\/\\\/www.travelsentry.org\\\/es\\\/\",\"logo\":{\"@type\":\"ImageObject\",\"inLanguage\":\"es\",\"@id\":\"https:\\\/\\\/www.travelsentry.org\\\/es\\\/#\\\/schema\\\/logo\\\/image\\\/\",\"url\":\"https:\\\/\\\/www.travelsentry.org\\\/wp-content\\\/uploads\\\/2023\\\/07\\\/logo-mobile.svg\",\"contentUrl\":\"https:\\\/\\\/www.travelsentry.org\\\/wp-content\\\/uploads\\\/2023\\\/07\\\/logo-mobile.svg\",\"width\":1,\"height\":1,\"caption\":\"Teavel Sentry\"},\"image\":{\"@id\":\"https:\\\/\\\/www.travelsentry.org\\\/es\\\/#\\\/schema\\\/logo\\\/image\\\/\"},\"sameAs\":[\"https:\\\/\\\/www.facebook.com\\\/TravelSentry\\\/\",\"https:\\\/\\\/www.instagram.com\\\/travelsentry.official\\\/\",\"https:\\\/\\\/www.linkedin.com\\\/company\\\/travel-sentry\\\/mycompany\\\/\",\"https:\\\/\\\/www.youtube.com\\\/channel\\\/UCshlLKD22AIhzO3pOEmBM8A\",\"https:\\\/\\\/www.tiktok.com\\\/@travelsentry\",\"https:\\\/\\\/www.weibo.com\\\/p\\\/1006066616793697\"]}]}<\/script>\n<!-- \/ Yoast SEO plugin. -->","yoast_head_json":{"title":"Contacto | Travel Sentry","description":"Contacto de Travel Sentry. Obtenga m\u00e1s informaci\u00f3n sobre nuestros candados, accesorios de viaje e informaci\u00f3n de identificaci\u00f3n.","robots":{"index":"index","follow":"follow","max-snippet":"max-snippet:-1","max-image-preview":"max-image-preview:large","max-video-preview":"max-video-preview:-1"},"canonical":"https:\/\/www.travelsentry.org\/es\/contact-es\/","og_locale":"es_ES","og_type":"article","og_title":"Contacto | Travel Sentry","og_description":"Contacto de Travel Sentry. Obtenga m\u00e1s informaci\u00f3n sobre nuestros candados, accesorios de viaje e informaci\u00f3n de identificaci\u00f3n.","og_url":"https:\/\/www.travelsentry.org\/es\/contact-es\/","og_site_name":"Travel Sentry","article_publisher":"https:\/\/www.facebook.com\/TravelSentry\/","article_modified_time":"2024-11-07T09:24:27+00:00","twitter_card":"summary_large_image","schema":{"@context":"https:\/\/schema.org","@graph":[{"@type":"WebPage","@id":"https:\/\/www.travelsentry.org\/es\/contact-es\/","url":"https:\/\/www.travelsentry.org\/es\/contact-es\/","name":"Contacto | Travel Sentry","isPartOf":{"@id":"https:\/\/www.travelsentry.org\/es\/#website"},"datePublished":"2022-12-16T15:50:00+00:00","dateModified":"2024-11-07T09:24:27+00:00","description":"Contacto de Travel Sentry. Obtenga m\u00e1s informaci\u00f3n sobre nuestros candados, accesorios de viaje e informaci\u00f3n de identificaci\u00f3n.","breadcrumb":{"@id":"https:\/\/www.travelsentry.org\/es\/contact-es\/#breadcrumb"},"inLanguage":"es","potentialAction":[{"@type":"ReadAction","target":["https:\/\/www.travelsentry.org\/es\/contact-es\/"]}]},{"@type":"BreadcrumbList","@id":"https:\/\/www.travelsentry.org\/es\/contact-es\/#breadcrumb","itemListElement":[{"@type":"ListItem","position":1,"name":"Home","item":"https:\/\/www.travelsentry.org\/es\/"},{"@type":"ListItem","position":2,"name":"Contact"}]},{"@type":"WebSite","@id":"https:\/\/www.travelsentry.org\/es\/#website","url":"https:\/\/www.travelsentry.org\/es\/","name":"Travel Sentry","description":"","publisher":{"@id":"https:\/\/www.travelsentry.org\/es\/#organization"},"potentialAction":[{"@type":"SearchAction","target":{"@type":"EntryPoint","urlTemplate":"https:\/\/www.travelsentry.org\/es\/?s={search_term_string}"},"query-input":{"@type":"PropertyValueSpecification","valueRequired":true,"valueName":"search_term_string"}}],"inLanguage":"es"},{"@type":"Organization","@id":"https:\/\/www.travelsentry.org\/es\/#organization","name":"Teavel Sentry","alternateName":"TS","url":"https:\/\/www.travelsentry.org\/es\/","logo":{"@type":"ImageObject","inLanguage":"es","@id":"https:\/\/www.travelsentry.org\/es\/#\/schema\/logo\/image\/","url":"https:\/\/www.travelsentry.org\/wp-content\/uploads\/2023\/07\/logo-mobile.svg","contentUrl":"https:\/\/www.travelsentry.org\/wp-content\/uploads\/2023\/07\/logo-mobile.svg","width":1,"height":1,"caption":"Teavel Sentry"},"image":{"@id":"https:\/\/www.travelsentry.org\/es\/#\/schema\/logo\/image\/"},"sameAs":["https:\/\/www.facebook.com\/TravelSentry\/","https:\/\/www.instagram.com\/travelsentry.official\/","https:\/\/www.linkedin.com\/company\/travel-sentry\/mycompany\/","https:\/\/www.youtube.com\/channel\/UCshlLKD22AIhzO3pOEmBM8A","https:\/\/www.tiktok.com\/@travelsentry","https:\/\/www.weibo.com\/p\/1006066616793697"]}]}},"_links":{"self":[{"href":"https:\/\/www.travelsentry.org\/es\/wp-json\/wp\/v2\/pages\/5370","targetHints":{"allow":["GET"]}}],"collection":[{"href":"https:\/\/www.travelsentry.org\/es\/wp-json\/wp\/v2\/pages"}],"about":[{"href":"https:\/\/www.travelsentry.org\/es\/wp-json\/wp\/v2\/types\/page"}],"author":[{"embeddable":true,"href":"https:\/\/www.travelsentry.org\/es\/wp-json\/wp\/v2\/users\/1"}],"replies":[{"embeddable":true,"href":"https:\/\/www.travelsentry.org\/es\/wp-json\/wp\/v2\/comments?post=5370"}],"version-history":[{"count":0,"href":"https:\/\/www.travelsentry.org\/es\/wp-json\/wp\/v2\/pages\/5370\/revisions"}],"wp:attachment":[{"href":"https:\/\/www.travelsentry.org\/es\/wp-json\/wp\/v2\/media?parent=5370"}],"wp:term":[{"taxonomy":"category","embeddable":true,"href":"https:\/\/www.travelsentry.org\/es\/wp-json\/wp\/v2\/categories?post=5370"}],"curies":[{"name":"wp","href":"https:\/\/api.w.org\/{rel}","templated":true}]}}