{"id":5364,"date":"2022-12-16T15:49:30","date_gmt":"2022-12-16T15:49:30","guid":{"rendered":"https:\/\/travelsentry.wpengine.com\/okoban\/"},"modified":"2023-11-17T14:17:45","modified_gmt":"2023-11-17T14:17:45","slug":"okoban-es","status":"publish","type":"page","link":"https:\/\/www.travelsentry.org\/es\/okoban-es\/","title":{"rendered":"Okoban"},"content":{"rendered":"<section class=\"block-banner t-light\">\n\t\t\t<div class=\"block-banner__img\">\n\t\t\t\t\t\t\t<img decoding=\"async\" src=\"https:\/\/www.travelsentry.org\/wp-content\/uploads\/2023\/06\/TS_Backpack_Header-4-scaled.jpg\" alt=\"lost and found tags for Travel Bags\">\n\t\t\t\t\t<\/div>\n\t\t<div class=\"container\">\n\t\t<div class=\"block-banner__inner\">\n\t\t\t\n \n \n\t\t\t\t\t\t<p class=\"block-banner__subheading s-text-lg a-up\"\t\t\t>\n\t\t\t\tOKOBAN by Travel Sentry\t\t\t\t\t<\/p>\n\t\t\t\t\t\t\n \n \n\t\t\t\t\t\t<h1 class=\"h2 block-banner__heading a-up\"\t\t\t><span class=\"ez-toc-section\" id=\"El_sistema_global_de_Objetos_Perdidos\"><\/span>\n\t\t\t\tEl sistema global de Objetos Perdidos.\t\t\t\t\t<span class=\"ez-toc-section-end\"><\/span><\/h1>\n\t\t\t\t\t\t\n \n \n\t\t\t\t\t\t<div class=\"block-banner__content a-up a-delay-1\"\t\t\t>\n\t\t\t\t<p>El sistema se basa en c\u00f3digos de Identificaci\u00f3n \u00fanicos que se encuentran en el producto que se compra o en etiquetas independientes. Utilizado por millones de personas en 198 pa\u00edses de todo el mundo y con un sistema que funciona en m\u00e1s de 2.800 oficinas de objetos perdidos de los aeropuertos, OKOBAN cuenta con la confianza de los consumidores desde hace m\u00e1s de 10 a\u00f1os y estaremos aqu\u00ed cuando m\u00e1s lo necesites.<\/p>\n\t\t\t\t\t<\/div>\n\t\t\t\t\t\t\n\n\n\n\t\t\t\t<a class=\"c-btn a-up a-delay-2 c-btn--primary\" href=\"https:\/\/www.okoban.com\/es\" target=\"_blank\">\n\t\t\tVisita el sitio web\t\t\t\t\t<\/a>\n\t\t\t<\/div>\n\t<\/div>\n<\/section>\n\n\n<section class=\"block-content-image block-content-image--right block-content-image--single bg-white\">\n\t<div class=\"row\">\n\t\t\t\t<div class=\"col col-md-6\">\n\t\t\t<div class=\"img-a\">\n\t\t\t\t\t\t\t\t\t<!-- content-modules-image -->\n\t\t\t\t\t\t<div class=\"img-a-img\"\t\t\t>\n\t\t\t\t\t\t\t\t\t\t\t\t\t\t\t\t<img decoding=\"async\" class=\"\" src=\"https:\/\/www.travelsentry.org\/wp-content\/uploads\/2023\/06\/TSGlobev01.jpg\" alt=\"lost and found tags\" loading=\"lazy\">\n\t\t\t\t\t\t\t\t<\/div>\n\t\t\t\t\t\t\t\t\t\t<\/div>\n\t\t<\/div>\n\t\t<div class=\"col col-md-6 block-content-image__content a-up-nested\">\n\t\t\t\n \n \n\t\t\t\t\t\t<p class=\"block-content-image__subheading s-text-large\"\t\t\t>\n\t\t\t\tC\u00f3mo funciona\t\t\t\t\t<\/p>\n\t\t\t\t\t\t\n \n \n\t\t\t\t\t\t<h2 class=\"block-content-image__heading\"\t\t\t><span class=\"ez-toc-section\" id=\"El_sistema_global_de_Objetos_Perdidos-2\"><\/span>\n\t\t\t\tEl sistema global de Objetos Perdidos.\t\t\t\t\t<span class=\"ez-toc-section-end\"><\/span><\/h2>\n\t\t\t\t\t\t\n \n \n\t\t\t\t\t\t<div class=\"block-content-image__copy a-delay-1\"\t\t\t>\n\t\t\t\t<p>Cada c\u00f3digo UID de OKOBAN se registra, creando un v\u00ednculo permanente entre el art\u00edculo y el propietario.<\/p>\n<p>Nuestro proceso online es sencillo. S\u00f3lo se necesitan unos minutos para registrarse y obtener una PROTECCI\u00d3N GRATUITA DE POR VIDA. Cuando se encuentra un objeto perdido, simplemente introduciendo el c\u00f3digo UID OKOBAN, el sistema te avisar\u00e1 por SMS y\/o correo electr\u00f3nico y te har\u00e1 saber d\u00f3nde est\u00e1 tu objeto protegido y c\u00f3mo ponerte en contacto con la persona que lo ha encontrado.<\/p>\n<p>El registro de OKOBAN UID aumentar\u00e1 enormemente tus posibilidades de reencontrar tus cosas en caso de p\u00e9rdida.<\/p>\n\t\t\t\t\t<\/div>\n\t\t\t\t\t\t\n\n\n\n\t\t\t\t<a class=\"c-btn c-btn--primary a-delay-2\" href=\"https:\/\/www.okoban.com\/es\" target=\"_blank\">\n\t\t\tVisita el sitio web\t\t\t\t\t<\/a>\n\t\t\t<\/div>\n\t\t\t<\/div>\n<\/section>\n\n\n<section class=\"block-custom-posts block-custom-posts--button\">\n\t<div class=\"container\">\n\t\t<div class=\"block-custom-posts__inner\">\n\t\t\t\n \n \n\t\t\t\t\t\t<h2 class=\"block-custom-posts__heading a-up\"\t\t\t><span class=\"ez-toc-section\" id=\"Articulos_Relacionados\"><\/span>\n\t\t\t\tArt\u00edculos Relacionados\t\t\t\t\t<span class=\"ez-toc-section-end\"><\/span><\/h2>\n\t\t\t\t\t\t\n\n\n\n\t\t<\/div>\n\t\t\t\t\t<div class=\"swiper block-custom-posts__slider a-up a-delay-2\">\n\t\t\t\t<div class=\"row swiper-wrapper\">\n\t\t\t\t\t<article class=\" col-md-4 loop-post swiper-slide a-up\">\n\t\t\t<a href=\"https:\/\/www.travelsentry.org\/es\/howtokeepyourluggagesafe-es\/\" class=\"loop-post__img\">\n\t\t\t<img loading=\"lazy\" decoding=\"async\" width=\"480\" height=\"320\" src=\"https:\/\/www.travelsentry.org\/wp-content\/uploads\/2022\/12\/Keep-Luggage-Safe-480x320.jpg\" class=\"attachment-post-img size-post-img wp-post-image\" alt=\"\" srcset=\"https:\/\/www.travelsentry.org\/wp-content\/uploads\/2022\/12\/Keep-Luggage-Safe-480x320.jpg 480w, https:\/\/www.travelsentry.org\/wp-content\/uploads\/2022\/12\/Keep-Luggage-Safe-300x200.jpg 300w, https:\/\/www.travelsentry.org\/wp-content\/uploads\/2022\/12\/Keep-Luggage-Safe-1024x683.jpg 1024w, https:\/\/www.travelsentry.org\/wp-content\/uploads\/2022\/12\/Keep-Luggage-Safe-768x512.jpg 768w, https:\/\/www.travelsentry.org\/wp-content\/uploads\/2022\/12\/Keep-Luggage-Safe-1536x1024.jpg 1536w, https:\/\/www.travelsentry.org\/wp-content\/uploads\/2022\/12\/Keep-Luggage-Safe-2048x1365.jpg 2048w, https:\/\/www.travelsentry.org\/wp-content\/uploads\/2022\/12\/Keep-Luggage-Safe-486x324.jpg 486w, https:\/\/www.travelsentry.org\/wp-content\/uploads\/2022\/12\/Keep-Luggage-Safe-972x648.jpg 972w, https:\/\/www.travelsentry.org\/wp-content\/uploads\/2022\/12\/Keep-Luggage-Safe-888x592.jpg 888w, https:\/\/www.travelsentry.org\/wp-content\/uploads\/2022\/12\/Keep-Luggage-Safe-1776x1184.jpg 1776w, https:\/\/www.travelsentry.org\/wp-content\/uploads\/2022\/12\/Keep-Luggage-Safe-960x640.jpg 960w, https:\/\/www.travelsentry.org\/wp-content\/uploads\/2022\/12\/Keep-Luggage-Safe-630x420.jpg 630w\" sizes=\"auto, (max-width: 480px) 100vw, 480px\" \/>\t\t<\/a>\n\t\t<p class=\"loop-post__date s-text-lg\">enero 2026<\/p>\n\t<h5 class=\"loop-post__title\">C\u00f3mo mantener a salvo tu equipaje mientras viajas<\/h5>\n\t\t<p class=\"loop-post__excerpt\">Queremos compartir contigo c\u00f3mo puedes evitar el robo y la p\u00e9rdida de objetos cuando viajes.  <\/p>\n\t\t<a href=\"https:\/\/www.travelsentry.org\/es\/howtokeepyourluggagesafe-es\/\" class=\"c-btn c-btn--primary\">M\u00e1s Informaci\u00f3n<\/a>\n<\/article>\n\t\t\t\t<\/div>\n\t\t\t\t<div class=\"swiper-controls d-sm-only\">\n\t\t\t\t\t<button class=\"swiper-button-prev\"><\/button>\n\t\t\t\t\t<div class=\"swiper-pagination\"><\/div>\n\t\t\t\t\t<button class=\"swiper-button-next\"><\/button>\n\t\t\t\t<\/div>\n\t\t\t<\/div>\n\t\t\t\t<\/div>\n<\/section>\n","protected":false},"excerpt":{"rendered":"","protected":false},"author":1,"featured_media":7635,"parent":0,"menu_order":0,"comment_status":"closed","ping_status":"closed","template":"","meta":{"_acf_changed":false,"footnotes":""},"categories":[],"class_list":["post-5364","page","type-page","status-publish","has-post-thumbnail","hentry"],"acf":[],"yoast_head":"<!-- This site is optimized with the Yoast SEO plugin v27.4 - https:\/\/yoast.com\/product\/yoast-seo-wordpress\/ -->\n<title>Okoban | Travel Sentry<\/title>\n<meta name=\"description\" content=\"OKOBAN de Travel Sentry, sistema global de etiquetas de objetos perdidos, ayuda a encontrar equipaje perdido en 198 pa\u00edses.\" \/>\n<meta name=\"robots\" content=\"index, follow, max-snippet:-1, max-image-preview:large, max-video-preview:-1\" \/>\n<link rel=\"canonical\" href=\"https:\/\/www.travelsentry.org\/es\/okoban-es\/\" \/>\n<meta property=\"og:locale\" content=\"es_ES\" \/>\n<meta property=\"og:type\" content=\"article\" \/>\n<meta property=\"og:title\" content=\"Okoban | Travel Sentry\" \/>\n<meta property=\"og:description\" content=\"OKOBAN de Travel Sentry, sistema global de etiquetas de objetos perdidos, ayuda a encontrar equipaje perdido en 198 pa\u00edses.\" \/>\n<meta property=\"og:url\" content=\"https:\/\/www.travelsentry.org\/es\/okoban-es\/\" \/>\n<meta property=\"og:site_name\" content=\"Travel Sentry\" \/>\n<meta property=\"article:publisher\" content=\"https:\/\/www.facebook.com\/TravelSentry\/\" \/>\n<meta property=\"article:modified_time\" content=\"2023-11-17T14:17:45+00:00\" \/>\n<meta property=\"og:image\" content=\"https:\/\/www.travelsentry.org\/wp-content\/uploads\/2023\/06\/TS_Backpack_Okoban-2-1024x577.jpg\" \/>\n\t<meta property=\"og:image:width\" content=\"1024\" \/>\n\t<meta property=\"og:image:height\" content=\"577\" \/>\n\t<meta property=\"og:image:type\" content=\"image\/jpeg\" \/>\n<meta name=\"twitter:card\" content=\"summary_large_image\" \/>\n<script type=\"application\/ld+json\" class=\"yoast-schema-graph\">{\"@context\":\"https:\\\/\\\/schema.org\",\"@graph\":[{\"@type\":\"WebPage\",\"@id\":\"https:\\\/\\\/www.travelsentry.org\\\/es\\\/okoban-es\\\/\",\"url\":\"https:\\\/\\\/www.travelsentry.org\\\/es\\\/okoban-es\\\/\",\"name\":\"Okoban | Travel Sentry\",\"isPartOf\":{\"@id\":\"https:\\\/\\\/www.travelsentry.org\\\/es\\\/#website\"},\"primaryImageOfPage\":{\"@id\":\"https:\\\/\\\/www.travelsentry.org\\\/es\\\/okoban-es\\\/#primaryimage\"},\"image\":{\"@id\":\"https:\\\/\\\/www.travelsentry.org\\\/es\\\/okoban-es\\\/#primaryimage\"},\"thumbnailUrl\":\"https:\\\/\\\/www.travelsentry.org\\\/wp-content\\\/uploads\\\/2023\\\/06\\\/TS_Backpack_Okoban-2.jpg\",\"datePublished\":\"2022-12-16T15:49:30+00:00\",\"dateModified\":\"2023-11-17T14:17:45+00:00\",\"description\":\"OKOBAN de Travel Sentry, sistema global de etiquetas de objetos perdidos, ayuda a encontrar equipaje perdido en 198 pa\u00edses.\",\"breadcrumb\":{\"@id\":\"https:\\\/\\\/www.travelsentry.org\\\/es\\\/okoban-es\\\/#breadcrumb\"},\"inLanguage\":\"es\",\"potentialAction\":[{\"@type\":\"ReadAction\",\"target\":[\"https:\\\/\\\/www.travelsentry.org\\\/es\\\/okoban-es\\\/\"]}]},{\"@type\":\"ImageObject\",\"inLanguage\":\"es\",\"@id\":\"https:\\\/\\\/www.travelsentry.org\\\/es\\\/okoban-es\\\/#primaryimage\",\"url\":\"https:\\\/\\\/www.travelsentry.org\\\/wp-content\\\/uploads\\\/2023\\\/06\\\/TS_Backpack_Okoban-2.jpg\",\"contentUrl\":\"https:\\\/\\\/www.travelsentry.org\\\/wp-content\\\/uploads\\\/2023\\\/06\\\/TS_Backpack_Okoban-2.jpg\",\"width\":1920,\"height\":1081},{\"@type\":\"BreadcrumbList\",\"@id\":\"https:\\\/\\\/www.travelsentry.org\\\/es\\\/okoban-es\\\/#breadcrumb\",\"itemListElement\":[{\"@type\":\"ListItem\",\"position\":1,\"name\":\"Home\",\"item\":\"https:\\\/\\\/www.travelsentry.org\\\/es\\\/\"},{\"@type\":\"ListItem\",\"position\":2,\"name\":\"Okoban\"}]},{\"@type\":\"WebSite\",\"@id\":\"https:\\\/\\\/www.travelsentry.org\\\/es\\\/#website\",\"url\":\"https:\\\/\\\/www.travelsentry.org\\\/es\\\/\",\"name\":\"Travel Sentry\",\"description\":\"\",\"publisher\":{\"@id\":\"https:\\\/\\\/www.travelsentry.org\\\/es\\\/#organization\"},\"potentialAction\":[{\"@type\":\"SearchAction\",\"target\":{\"@type\":\"EntryPoint\",\"urlTemplate\":\"https:\\\/\\\/www.travelsentry.org\\\/es\\\/?s={search_term_string}\"},\"query-input\":{\"@type\":\"PropertyValueSpecification\",\"valueRequired\":true,\"valueName\":\"search_term_string\"}}],\"inLanguage\":\"es\"},{\"@type\":\"Organization\",\"@id\":\"https:\\\/\\\/www.travelsentry.org\\\/es\\\/#organization\",\"name\":\"Teavel Sentry\",\"alternateName\":\"TS\",\"url\":\"https:\\\/\\\/www.travelsentry.org\\\/es\\\/\",\"logo\":{\"@type\":\"ImageObject\",\"inLanguage\":\"es\",\"@id\":\"https:\\\/\\\/www.travelsentry.org\\\/es\\\/#\\\/schema\\\/logo\\\/image\\\/\",\"url\":\"https:\\\/\\\/www.travelsentry.org\\\/wp-content\\\/uploads\\\/2023\\\/07\\\/logo-mobile.svg\",\"contentUrl\":\"https:\\\/\\\/www.travelsentry.org\\\/wp-content\\\/uploads\\\/2023\\\/07\\\/logo-mobile.svg\",\"width\":1,\"height\":1,\"caption\":\"Teavel Sentry\"},\"image\":{\"@id\":\"https:\\\/\\\/www.travelsentry.org\\\/es\\\/#\\\/schema\\\/logo\\\/image\\\/\"},\"sameAs\":[\"https:\\\/\\\/www.facebook.com\\\/TravelSentry\\\/\",\"https:\\\/\\\/www.instagram.com\\\/travelsentry.official\\\/\",\"https:\\\/\\\/www.linkedin.com\\\/company\\\/travel-sentry\\\/mycompany\\\/\",\"https:\\\/\\\/www.youtube.com\\\/channel\\\/UCshlLKD22AIhzO3pOEmBM8A\",\"https:\\\/\\\/www.tiktok.com\\\/@travelsentry\",\"https:\\\/\\\/www.weibo.com\\\/p\\\/1006066616793697\"]}]}<\/script>\n<!-- \/ Yoast SEO plugin. -->","yoast_head_json":{"title":"Okoban | Travel Sentry","description":"OKOBAN de Travel Sentry, sistema global de etiquetas de objetos perdidos, ayuda a encontrar equipaje perdido en 198 pa\u00edses.","robots":{"index":"index","follow":"follow","max-snippet":"max-snippet:-1","max-image-preview":"max-image-preview:large","max-video-preview":"max-video-preview:-1"},"canonical":"https:\/\/www.travelsentry.org\/es\/okoban-es\/","og_locale":"es_ES","og_type":"article","og_title":"Okoban | Travel Sentry","og_description":"OKOBAN de Travel Sentry, sistema global de etiquetas de objetos perdidos, ayuda a encontrar equipaje perdido en 198 pa\u00edses.","og_url":"https:\/\/www.travelsentry.org\/es\/okoban-es\/","og_site_name":"Travel Sentry","article_publisher":"https:\/\/www.facebook.com\/TravelSentry\/","article_modified_time":"2023-11-17T14:17:45+00:00","og_image":[{"width":1024,"height":577,"url":"https:\/\/www.travelsentry.org\/wp-content\/uploads\/2023\/06\/TS_Backpack_Okoban-2-1024x577.jpg","type":"image\/jpeg"}],"twitter_card":"summary_large_image","schema":{"@context":"https:\/\/schema.org","@graph":[{"@type":"WebPage","@id":"https:\/\/www.travelsentry.org\/es\/okoban-es\/","url":"https:\/\/www.travelsentry.org\/es\/okoban-es\/","name":"Okoban | Travel Sentry","isPartOf":{"@id":"https:\/\/www.travelsentry.org\/es\/#website"},"primaryImageOfPage":{"@id":"https:\/\/www.travelsentry.org\/es\/okoban-es\/#primaryimage"},"image":{"@id":"https:\/\/www.travelsentry.org\/es\/okoban-es\/#primaryimage"},"thumbnailUrl":"https:\/\/www.travelsentry.org\/wp-content\/uploads\/2023\/06\/TS_Backpack_Okoban-2.jpg","datePublished":"2022-12-16T15:49:30+00:00","dateModified":"2023-11-17T14:17:45+00:00","description":"OKOBAN de Travel Sentry, sistema global de etiquetas de objetos perdidos, ayuda a encontrar equipaje perdido en 198 pa\u00edses.","breadcrumb":{"@id":"https:\/\/www.travelsentry.org\/es\/okoban-es\/#breadcrumb"},"inLanguage":"es","potentialAction":[{"@type":"ReadAction","target":["https:\/\/www.travelsentry.org\/es\/okoban-es\/"]}]},{"@type":"ImageObject","inLanguage":"es","@id":"https:\/\/www.travelsentry.org\/es\/okoban-es\/#primaryimage","url":"https:\/\/www.travelsentry.org\/wp-content\/uploads\/2023\/06\/TS_Backpack_Okoban-2.jpg","contentUrl":"https:\/\/www.travelsentry.org\/wp-content\/uploads\/2023\/06\/TS_Backpack_Okoban-2.jpg","width":1920,"height":1081},{"@type":"BreadcrumbList","@id":"https:\/\/www.travelsentry.org\/es\/okoban-es\/#breadcrumb","itemListElement":[{"@type":"ListItem","position":1,"name":"Home","item":"https:\/\/www.travelsentry.org\/es\/"},{"@type":"ListItem","position":2,"name":"Okoban"}]},{"@type":"WebSite","@id":"https:\/\/www.travelsentry.org\/es\/#website","url":"https:\/\/www.travelsentry.org\/es\/","name":"Travel Sentry","description":"","publisher":{"@id":"https:\/\/www.travelsentry.org\/es\/#organization"},"potentialAction":[{"@type":"SearchAction","target":{"@type":"EntryPoint","urlTemplate":"https:\/\/www.travelsentry.org\/es\/?s={search_term_string}"},"query-input":{"@type":"PropertyValueSpecification","valueRequired":true,"valueName":"search_term_string"}}],"inLanguage":"es"},{"@type":"Organization","@id":"https:\/\/www.travelsentry.org\/es\/#organization","name":"Teavel Sentry","alternateName":"TS","url":"https:\/\/www.travelsentry.org\/es\/","logo":{"@type":"ImageObject","inLanguage":"es","@id":"https:\/\/www.travelsentry.org\/es\/#\/schema\/logo\/image\/","url":"https:\/\/www.travelsentry.org\/wp-content\/uploads\/2023\/07\/logo-mobile.svg","contentUrl":"https:\/\/www.travelsentry.org\/wp-content\/uploads\/2023\/07\/logo-mobile.svg","width":1,"height":1,"caption":"Teavel Sentry"},"image":{"@id":"https:\/\/www.travelsentry.org\/es\/#\/schema\/logo\/image\/"},"sameAs":["https:\/\/www.facebook.com\/TravelSentry\/","https:\/\/www.instagram.com\/travelsentry.official\/","https:\/\/www.linkedin.com\/company\/travel-sentry\/mycompany\/","https:\/\/www.youtube.com\/channel\/UCshlLKD22AIhzO3pOEmBM8A","https:\/\/www.tiktok.com\/@travelsentry","https:\/\/www.weibo.com\/p\/1006066616793697"]}]}},"_links":{"self":[{"href":"https:\/\/www.travelsentry.org\/es\/wp-json\/wp\/v2\/pages\/5364","targetHints":{"allow":["GET"]}}],"collection":[{"href":"https:\/\/www.travelsentry.org\/es\/wp-json\/wp\/v2\/pages"}],"about":[{"href":"https:\/\/www.travelsentry.org\/es\/wp-json\/wp\/v2\/types\/page"}],"author":[{"embeddable":true,"href":"https:\/\/www.travelsentry.org\/es\/wp-json\/wp\/v2\/users\/1"}],"replies":[{"embeddable":true,"href":"https:\/\/www.travelsentry.org\/es\/wp-json\/wp\/v2\/comments?post=5364"}],"version-history":[{"count":0,"href":"https:\/\/www.travelsentry.org\/es\/wp-json\/wp\/v2\/pages\/5364\/revisions"}],"wp:featuredmedia":[{"embeddable":true,"href":"https:\/\/www.travelsentry.org\/es\/wp-json\/wp\/v2\/media\/7635"}],"wp:attachment":[{"href":"https:\/\/www.travelsentry.org\/es\/wp-json\/wp\/v2\/media?parent=5364"}],"wp:term":[{"taxonomy":"category","embeddable":true,"href":"https:\/\/www.travelsentry.org\/es\/wp-json\/wp\/v2\/categories?post=5364"}],"curies":[{"name":"wp","href":"https:\/\/api.w.org\/{rel}","templated":true}]}}