{"id":5358,"date":"2022-12-16T15:49:24","date_gmt":"2022-12-16T15:49:24","guid":{"rendered":"https:\/\/travelsentry.wpengine.com\/ts-tag\/"},"modified":"2026-03-16T13:39:12","modified_gmt":"2026-03-16T13:39:12","slug":"ts-tag-es","status":"publish","type":"page","link":"https:\/\/www.travelsentry.org\/es\/pbt-es\/","title":{"rendered":"PBT"},"content":{"rendered":"<section class=\"block-banner t-light\">\n\t\t\t<div class=\"block-banner__img\">\n\t\t\t\t\t\t\t<img decoding=\"async\" src=\"https:\/\/www.travelsentry.org\/wp-content\/uploads\/2026\/03\/ill-show-you-how-it-works-2026-01-09-09-40-41-utc2.jpg\" alt=\"\">\n\t\t\t\t\t<\/div>\n\t\t<div class=\"container\">\n\t\t<div class=\"block-banner__inner\">\n\t\t\t\n \n \n\t\t\t\t\t\t<p class=\"block-banner__subheading s-text-lg a-up\"\t\t\t>\n\t\t\t\tPermanent Baggage Tag\t\t\t\t\t<\/p>\n\t\t\t\t\t\t\n \n \n\t\t\t\t\t\t<h1 class=\"h2 block-banner__heading a-up\"\t\t\t><span class=\"ez-toc-section\" id=\"Bienvenido_al_futuro_del_manejo_de_equipaje\"><\/span>\n\t\t\t\tBienvenido al futuro del manejo de equipaje \t\t\t\t\t<span class=\"ez-toc-section-end\"><\/span><\/h1>\n\t\t\t\t\t\t\n \n \n\t\t\t\t\t\t<div class=\"block-banner__content a-up a-delay-1\"\t\t\t>\n\t\t\t\t<p>\u2022 Factura tu equipaje desde cualquier lugar<br \/>\n\u2022 Evita las filas de facturaci\u00f3n<br \/>\n\u2022 Un v\u00ednculo duradero entre t\u00fa y tu equipaje<\/p>\n\t\t\t\t\t<\/div>\n\t\t\t\t\t\t\n\n\n\n\t\t<\/div>\n\t<\/div>\n<\/section>\n\n\n<section class=\"block-content-image block-content-image--left block-content-image--single bg-white\">\n\t<div class=\"row\">\n\t\t\t\t<div class=\"col col-md-6\">\n\t\t\t<div class=\"img-a\">\n\t\t\t\t\t\t\t\t\t<!-- content-modules-image -->\n\t\t\t\t\t\t<div class=\"img-a-img\"\t\t\t>\n\t\t\t\t\t\t\t\t\t\t\t\t\t\t\t\t<img decoding=\"async\" class=\"\" src=\"https:\/\/www.travelsentry.org\/wp-content\/uploads\/2026\/03\/PBT-Suitcase-01-scaled.png\" alt=\"\" loading=\"lazy\">\n\t\t\t\t\t\t\t\t<\/div>\n\t\t\t\t\t\t\t\t\t\t<\/div>\n\t\t<\/div>\n\t\t<div class=\"col col-md-6 block-content-image__content a-up-nested\">\n\t\t\t\n \n\t\t\t\n \n \n\t\t\t\t\t\t<h2 class=\"block-content-image__heading\"\t\t\t><span class=\"ez-toc-section\" id=\"%C2%BFPor_que_usar_una_Etiqueta_de_Equipaje_Permanente_PBT\"><\/span>\n\t\t\t\t\u00bfPor qu\u00e9 usar una Etiqueta de Equipaje Permanente (PBT)? \t\t\t\t\t<span class=\"ez-toc-section-end\"><\/span><\/h2>\n\t\t\t\t\t\t\n \n \n\t\t\t\t\t\t<div class=\"block-content-image__copy a-delay-1\"\t\t\t>\n\t\t\t\t<p>Comodidad: facturaci\u00f3n m\u00e1s r\u00e1pida<\/p>\n<p>Confianza: su equipaje estar\u00e1 vinculado a usted para siempre<\/p>\n<p>Costo: una fracci\u00f3n del costo de las Etiquetas de Equipaje Electr\u00f3nicas<\/p>\n\t\t\t\t\t<\/div>\n\t\t\t\t\t\t\n\n\n\n\t\t<\/div>\n\t\t\t<\/div>\n<\/section>\n\n\n<section class=\"block-content-slider block-content-slider--b2b\">\n\t<div class=\"container\">\n\t\t<div class=\"block-content-slider__content a-up-nested\">\n\t\t\t<div class=\"block-content-slider__content__inner\">\n\t\t\t\t\n \n\t\t\t\t\n \n \n\t\t\t\t\t\t<h2 class=\"block-content-slider__heading\"\t\t\t><span class=\"ez-toc-section\" id=\"Los_billetes_y_las_tarjetas_de_embarque_ya_son_digitales_%C2%BFpor_que_no_las_etiquetas_de_equipaje\"><\/span>\n\t\t\t\tLos billetes y las tarjetas de embarque ya son digitales \u00bfpor qu\u00e9 no las etiquetas de equipaje?\t\t\t\t\t<span class=\"ez-toc-section-end\"><\/span><\/h2>\n\t\t\t\t\t\t\t\n \n\t\t\t<\/div>\n\t\t<\/div>\n\t\t<div class=\"block-content-slider__carousel a-up-nested\">\n\t\t\t\n \n\t\t\t\t\t\t\t<div class=\"swiper\">\n\t\t\t\t\t<div class=\"swiper-wrapper\">\n\t\t\t\t\t\t\t\t\t\t\t\t<div class=\"swiper-slide\">\n\t\t\t\t\t\t\t\t\t\t\t\t\t\t\t\t\t\t\t\t\t\t\t<div class=\"slide-b2b slide-b2b--col-2\">\n\t\t\t\t\t\t\t\t\t<!-- content-modules-image -->\n\t\t\t\t\t\t<div class=\"slide-b2b__image\"\t\t\t>\n\t\t\t\t\t\t\t\t\t\t\t\t\t\t\t\t<img decoding=\"async\" class=\"\" src=\"https:\/\/www.travelsentry.org\/wp-content\/uploads\/2026\/03\/TS_PlasticSuitcase_02_Update-scaled.jpg\" alt=\"\" loading=\"lazy\">\n\t\t\t\t\t\t\t\t<\/div>\n\t\t\t\t\t\t\t\t\t\t\t\t<div class=\"slide-b2b__content\">\n\t\t\t\t\t\t\t\t\t\t<!-- content-modules-image -->\n\t\t\t\t\t\t<div class=\"slide-b2b__img bg-cover\"\t\t\t>\n\t\t\t\t\t\t\t\t\t\t\t\t\t\t\t\t<img decoding=\"async\" class=\"\" src=\"https:\/\/www.travelsentry.org\/wp-content\/uploads\/2022\/12\/icon-baggages.svg\" alt=\"\" loading=\"lazy\">\n\t\t\t\t\t\t\t\t<\/div>\n\t\t\t\t\t\t\t\t\t\t\t\t\t\n \n \n\t\t\t\t\t\t<h5 class=\"slide-b2b__heading\"\t\t\t>\n\t\t\t\tLas etiquetas de equipaje permanentes ahorrar\u00edan millones de d\u00f3lares a la industria de las aerol\u00edneas, mejorar\u00edan la experiencia de los pasajeros, salvar\u00edan el planeta y proteger\u00edan la salud del personal.\t\t\t\t\t<\/h5>\n\t\t\t\t\t\t\t\t\t\t\t\t\t\n \n \n\t\t\t\t\t\t<div class=\"slide-b2b__copy\"\t\t\t>\n\t\t\t\t<p>Facturaci\u00f3n de Equipajes<br \/>\nLos pasajeros pueden facturar el equipaje en casa, lo que supone menos mano de obra y m\u00e1s rendimiento.<\/p>\n<p>Medio Ambiente<br \/>\nReduzca la cantidad de etiquetas de papel no reciclables en el mundo.<\/p>\n<p>Eficacia<br \/>\nMenos agentes y menos equipos para el etiquetado, lo que permite reducir el mantenimiento y los costes.<\/p>\n<p>Salud<br \/>\nReducci\u00f3n de la exposici\u00f3n del personal al carcin\u00f3geno bisfenol (BPA, BPS) presente en el papel impreso t\u00e9rmico.<\/p>\n\t\t\t\t\t<\/div>\n\t\t\t\t\t\t\t\t\t\t\t\t<\/div>\n\t\t\t\t\t\t\t\t<\/div>\n\t\t\t\t\t\t\t\t\t\t\t\t\t<\/div>\n\t\t\t\t\t\t\t\t\t\t\t\t<div class=\"swiper-slide\">\n\t\t\t\t\t\t\t\t\t\t\t\t\t\t\t\t\t\t\t\t\t\t\t<div class=\"slide-b2b slide-b2b--col-1\">\n\t\t\t\t\t\t\t\t\t<!-- content-modules-image -->\n\t\t\t\t\t\t<div class=\"slide-b2b__image\"\t\t\t>\n\t\t\t\t\t\t\t\t\t\t\t\t\t\t\t\t<img decoding=\"async\" class=\"\" src=\"https:\/\/www.travelsentry.org\/wp-content\/uploads\/2023\/06\/TSGlobev01.jpg\" alt=\"lost and found tags\" loading=\"lazy\">\n\t\t\t\t\t\t\t\t<\/div>\n\t\t\t\t\t\t\t\t\t\t\t\t<div class=\"slide-b2b__content\">\n\t\t\t\t\t\t\t\t\t\t<!-- content-modules-image -->\n\t\t\t\t\t\t<div class=\"slide-b2b__img bg-cover\"\t\t\t>\n\t\t\t\t\t\t\t\t\t\t\t\t\t\t\t\t<img decoding=\"async\" class=\"\" src=\"https:\/\/www.travelsentry.org\/wp-content\/uploads\/2022\/12\/icon-earth.svg\" alt=\"\" loading=\"lazy\">\n\t\t\t\t\t\t\t\t<\/div>\n\t\t\t\t\t\t\t\t\t\t\t\t\t\n \n \n\t\t\t\t\t\t<h5 class=\"slide-b2b__heading\"\t\t\t>\n\t\t\t\tCada a\u00f1o se utilizan unos insostenibles 2 millones de km de etiquetas de equipaje de un solo uso\t\t\t\t\t<\/h5>\n\t\t\t\t\t\t\t\t\t\t\t\t\t\n \n \n\t\t\t\t\t\t<div class=\"slide-b2b__copy\"\t\t\t>\n\t\t\t\t<p>Las etiquetas no reciclables son capaces de dar 50 vueltas al ecuador y cuestan a la industria a\u00e9rea 400 millones de d\u00f3lares al a\u00f1o, por lo que perjudican a nuestra industria y al medio ambiente.<\/p>\n<p>Las etiquetas de un solo uso ofrecen una mala experiencia al consumidor. Conducen a una aplicaci\u00f3n inc\u00f3moda, crean colas y dificultan la implementaci\u00f3n de la auto-entrega de las maletas.<\/p>\n\t\t\t\t\t<\/div>\n\t\t\t\t\t\t\t\t\t\t\t\t<\/div>\n\t\t\t\t\t\t\t\t<\/div>\n\t\t\t\t\t\t\t\t\t\t\t\t\t<\/div>\n\t\t\t\t\t\t\t\t\t\t\t<\/div>\n\t\t\t\t\t\t\t\t\t\t\t<div class=\"swiper-controls\">\n\t\t\t\t\t\t\t<button class=\"swiper-button-prev\"><\/button>\n\t\t\t\t\t\t\t<div class=\"swiper-pagination\"><\/div>\n\t\t\t\t\t\t\t<button class=\"swiper-button-next\"><\/button>\n\t\t\t\t\t\t<\/div>\n\t\t\t\t\t\t\t\t\t<\/div>\n\t\t\t\t\t<\/div>\n\t<\/div>\n<\/section>\n\n\n\n\n\n\n<section class=\"block-content-image block-content-image--right block-content-image--single bg-white\">\n\t<div class=\"row\">\n\t\t\t\t<div class=\"col col-md-6\">\n\t\t\t<div class=\"img-a\">\n\t\t\t\t\t\t\t\t\t<!-- content-modules-image -->\n\t\t\t\t\t\t<div class=\"img-a-img\"\t\t\t>\n\t\t\t\t\t\t\t\t\t\t\t\t\t\t\t\t<img decoding=\"async\" class=\"\" src=\"https:\/\/www.travelsentry.org\/wp-content\/uploads\/2026\/03\/family-travel-and-vacation-child-with-parents-at-2026-01-09-10-24-56-utc.jpg\" alt=\"\" loading=\"lazy\">\n\t\t\t\t\t\t\t\t<\/div>\n\t\t\t\t\t\t\t\t\t\t<\/div>\n\t\t<\/div>\n\t\t<div class=\"col col-md-6 block-content-image__content a-up-nested\">\n\t\t\t\n \n\t\t\t\n \n \n\t\t\t\t\t\t<h2 class=\"block-content-image__heading\"\t\t\t><span class=\"ez-toc-section\" id=\"Aprende_mas\"><\/span>\n\t\t\t\tAprende m\u00e1s \t\t\t\t\t<span class=\"ez-toc-section-end\"><\/span><\/h2>\n\t\t\t\t\t\t\n \n \n\t\t\t\t\t\t<div class=\"block-content-image__copy a-delay-1\"\t\t\t>\n\t\t\t\t<p>Si tiene preguntas sobre PBT, necesita ayuda para elegir la etiqueta de viaje adecuada para su equipaje o desea m\u00e1s informaci\u00f3n sobre c\u00f3mo funciona PBT con el sistema de objetos perdidos de Travel Sentry, <a href=\"https:\/\/www.travelsentry.org\/es\/company-es\/\">nuestro equipo<\/a> est\u00e1 aqu\u00ed para ayudarle.<\/p>\n<p>Si no est\u00e1 seguro de qu\u00e9 etiqueta de equipaje usar, necesita ayuda con el registro o tiene una consulta general, <a href=\"https:\/\/www.travelsentry.org\/es\/help-es\/\">el equipo de soporte de Travel Sentry<\/a> puede orientarle.<\/p>\n<p><a href=\"https:\/\/www.travelsentry.org\/es\/contact-es\/\">Cont\u00e1ctenos<\/a><\/p>\n\t\t\t\t\t<\/div>\n\t\t\t\t\t\t\n\n\n\n\t\t<\/div>\n\t\t\t<\/div>\n<\/section>\n\n\n","protected":false},"excerpt":{"rendered":"","protected":false},"author":1,"featured_media":0,"parent":0,"menu_order":0,"comment_status":"closed","ping_status":"closed","template":"","meta":{"_acf_changed":true,"footnotes":""},"categories":[],"class_list":["post-5358","page","type-page","status-publish","hentry"],"acf":[],"yoast_head":"<!-- This site is optimized with the Yoast SEO plugin v27.3 - https:\/\/yoast.com\/product\/yoast-seo-wordpress\/ -->\n<title>TS TAG | Travel Sentry<\/title>\n<meta name=\"description\" content=\"TS TAG, dispositivo de seguimiento permanente de equipaje de Travel Sentry, vincula pasajeros y equipaje con c\u00f3digos \u00fanicos.\" \/>\n<meta name=\"robots\" content=\"index, follow, max-snippet:-1, max-image-preview:large, max-video-preview:-1\" \/>\n<link rel=\"canonical\" href=\"https:\/\/www.travelsentry.org\/es\/pbt-es\/\" \/>\n<meta property=\"og:locale\" content=\"es_ES\" \/>\n<meta property=\"og:type\" content=\"article\" \/>\n<meta property=\"og:title\" content=\"TS TAG | Travel Sentry\" \/>\n<meta property=\"og:description\" content=\"TS TAG, dispositivo de seguimiento permanente de equipaje de Travel Sentry, vincula pasajeros y equipaje con c\u00f3digos \u00fanicos.\" \/>\n<meta property=\"og:url\" content=\"https:\/\/www.travelsentry.org\/es\/pbt-es\/\" \/>\n<meta property=\"og:site_name\" content=\"Travel Sentry\" \/>\n<meta property=\"article:publisher\" content=\"https:\/\/www.facebook.com\/TravelSentry\/\" \/>\n<meta property=\"article:modified_time\" content=\"2026-03-16T13:39:12+00:00\" \/>\n<meta name=\"twitter:card\" content=\"summary_large_image\" \/>\n<script type=\"application\/ld+json\" class=\"yoast-schema-graph\">{\"@context\":\"https:\\\/\\\/schema.org\",\"@graph\":[{\"@type\":\"WebPage\",\"@id\":\"https:\\\/\\\/www.travelsentry.org\\\/es\\\/pbt-es\\\/\",\"url\":\"https:\\\/\\\/www.travelsentry.org\\\/es\\\/pbt-es\\\/\",\"name\":\"TS TAG | Travel Sentry\",\"isPartOf\":{\"@id\":\"https:\\\/\\\/www.travelsentry.org\\\/es\\\/#website\"},\"datePublished\":\"2022-12-16T15:49:24+00:00\",\"dateModified\":\"2026-03-16T13:39:12+00:00\",\"description\":\"TS TAG, dispositivo de seguimiento permanente de equipaje de Travel Sentry, vincula pasajeros y equipaje con c\u00f3digos \u00fanicos.\",\"breadcrumb\":{\"@id\":\"https:\\\/\\\/www.travelsentry.org\\\/es\\\/pbt-es\\\/#breadcrumb\"},\"inLanguage\":\"es\",\"potentialAction\":[{\"@type\":\"ReadAction\",\"target\":[\"https:\\\/\\\/www.travelsentry.org\\\/es\\\/pbt-es\\\/\"]}]},{\"@type\":\"BreadcrumbList\",\"@id\":\"https:\\\/\\\/www.travelsentry.org\\\/es\\\/pbt-es\\\/#breadcrumb\",\"itemListElement\":[{\"@type\":\"ListItem\",\"position\":1,\"name\":\"Home\",\"item\":\"https:\\\/\\\/www.travelsentry.org\\\/es\\\/\"},{\"@type\":\"ListItem\",\"position\":2,\"name\":\"PBT\"}]},{\"@type\":\"WebSite\",\"@id\":\"https:\\\/\\\/www.travelsentry.org\\\/es\\\/#website\",\"url\":\"https:\\\/\\\/www.travelsentry.org\\\/es\\\/\",\"name\":\"Travel Sentry\",\"description\":\"\",\"publisher\":{\"@id\":\"https:\\\/\\\/www.travelsentry.org\\\/es\\\/#organization\"},\"potentialAction\":[{\"@type\":\"SearchAction\",\"target\":{\"@type\":\"EntryPoint\",\"urlTemplate\":\"https:\\\/\\\/www.travelsentry.org\\\/es\\\/?s={search_term_string}\"},\"query-input\":{\"@type\":\"PropertyValueSpecification\",\"valueRequired\":true,\"valueName\":\"search_term_string\"}}],\"inLanguage\":\"es\"},{\"@type\":\"Organization\",\"@id\":\"https:\\\/\\\/www.travelsentry.org\\\/es\\\/#organization\",\"name\":\"Teavel Sentry\",\"alternateName\":\"TS\",\"url\":\"https:\\\/\\\/www.travelsentry.org\\\/es\\\/\",\"logo\":{\"@type\":\"ImageObject\",\"inLanguage\":\"es\",\"@id\":\"https:\\\/\\\/www.travelsentry.org\\\/es\\\/#\\\/schema\\\/logo\\\/image\\\/\",\"url\":\"https:\\\/\\\/www.travelsentry.org\\\/wp-content\\\/uploads\\\/2023\\\/07\\\/logo-mobile.svg\",\"contentUrl\":\"https:\\\/\\\/www.travelsentry.org\\\/wp-content\\\/uploads\\\/2023\\\/07\\\/logo-mobile.svg\",\"width\":1,\"height\":1,\"caption\":\"Teavel Sentry\"},\"image\":{\"@id\":\"https:\\\/\\\/www.travelsentry.org\\\/es\\\/#\\\/schema\\\/logo\\\/image\\\/\"},\"sameAs\":[\"https:\\\/\\\/www.facebook.com\\\/TravelSentry\\\/\",\"https:\\\/\\\/www.instagram.com\\\/travelsentry.official\\\/\",\"https:\\\/\\\/www.linkedin.com\\\/company\\\/travel-sentry\\\/mycompany\\\/\",\"https:\\\/\\\/www.youtube.com\\\/channel\\\/UCshlLKD22AIhzO3pOEmBM8A\",\"https:\\\/\\\/www.tiktok.com\\\/@travelsentry\",\"https:\\\/\\\/www.weibo.com\\\/p\\\/1006066616793697\"]}]}<\/script>\n<!-- \/ Yoast SEO plugin. -->","yoast_head_json":{"title":"TS TAG | Travel Sentry","description":"TS TAG, dispositivo de seguimiento permanente de equipaje de Travel Sentry, vincula pasajeros y equipaje con c\u00f3digos \u00fanicos.","robots":{"index":"index","follow":"follow","max-snippet":"max-snippet:-1","max-image-preview":"max-image-preview:large","max-video-preview":"max-video-preview:-1"},"canonical":"https:\/\/www.travelsentry.org\/es\/pbt-es\/","og_locale":"es_ES","og_type":"article","og_title":"TS TAG | Travel Sentry","og_description":"TS TAG, dispositivo de seguimiento permanente de equipaje de Travel Sentry, vincula pasajeros y equipaje con c\u00f3digos \u00fanicos.","og_url":"https:\/\/www.travelsentry.org\/es\/pbt-es\/","og_site_name":"Travel Sentry","article_publisher":"https:\/\/www.facebook.com\/TravelSentry\/","article_modified_time":"2026-03-16T13:39:12+00:00","twitter_card":"summary_large_image","schema":{"@context":"https:\/\/schema.org","@graph":[{"@type":"WebPage","@id":"https:\/\/www.travelsentry.org\/es\/pbt-es\/","url":"https:\/\/www.travelsentry.org\/es\/pbt-es\/","name":"TS TAG | Travel Sentry","isPartOf":{"@id":"https:\/\/www.travelsentry.org\/es\/#website"},"datePublished":"2022-12-16T15:49:24+00:00","dateModified":"2026-03-16T13:39:12+00:00","description":"TS TAG, dispositivo de seguimiento permanente de equipaje de Travel Sentry, vincula pasajeros y equipaje con c\u00f3digos \u00fanicos.","breadcrumb":{"@id":"https:\/\/www.travelsentry.org\/es\/pbt-es\/#breadcrumb"},"inLanguage":"es","potentialAction":[{"@type":"ReadAction","target":["https:\/\/www.travelsentry.org\/es\/pbt-es\/"]}]},{"@type":"BreadcrumbList","@id":"https:\/\/www.travelsentry.org\/es\/pbt-es\/#breadcrumb","itemListElement":[{"@type":"ListItem","position":1,"name":"Home","item":"https:\/\/www.travelsentry.org\/es\/"},{"@type":"ListItem","position":2,"name":"PBT"}]},{"@type":"WebSite","@id":"https:\/\/www.travelsentry.org\/es\/#website","url":"https:\/\/www.travelsentry.org\/es\/","name":"Travel Sentry","description":"","publisher":{"@id":"https:\/\/www.travelsentry.org\/es\/#organization"},"potentialAction":[{"@type":"SearchAction","target":{"@type":"EntryPoint","urlTemplate":"https:\/\/www.travelsentry.org\/es\/?s={search_term_string}"},"query-input":{"@type":"PropertyValueSpecification","valueRequired":true,"valueName":"search_term_string"}}],"inLanguage":"es"},{"@type":"Organization","@id":"https:\/\/www.travelsentry.org\/es\/#organization","name":"Teavel Sentry","alternateName":"TS","url":"https:\/\/www.travelsentry.org\/es\/","logo":{"@type":"ImageObject","inLanguage":"es","@id":"https:\/\/www.travelsentry.org\/es\/#\/schema\/logo\/image\/","url":"https:\/\/www.travelsentry.org\/wp-content\/uploads\/2023\/07\/logo-mobile.svg","contentUrl":"https:\/\/www.travelsentry.org\/wp-content\/uploads\/2023\/07\/logo-mobile.svg","width":1,"height":1,"caption":"Teavel Sentry"},"image":{"@id":"https:\/\/www.travelsentry.org\/es\/#\/schema\/logo\/image\/"},"sameAs":["https:\/\/www.facebook.com\/TravelSentry\/","https:\/\/www.instagram.com\/travelsentry.official\/","https:\/\/www.linkedin.com\/company\/travel-sentry\/mycompany\/","https:\/\/www.youtube.com\/channel\/UCshlLKD22AIhzO3pOEmBM8A","https:\/\/www.tiktok.com\/@travelsentry","https:\/\/www.weibo.com\/p\/1006066616793697"]}]}},"_links":{"self":[{"href":"https:\/\/www.travelsentry.org\/es\/wp-json\/wp\/v2\/pages\/5358","targetHints":{"allow":["GET"]}}],"collection":[{"href":"https:\/\/www.travelsentry.org\/es\/wp-json\/wp\/v2\/pages"}],"about":[{"href":"https:\/\/www.travelsentry.org\/es\/wp-json\/wp\/v2\/types\/page"}],"author":[{"embeddable":true,"href":"https:\/\/www.travelsentry.org\/es\/wp-json\/wp\/v2\/users\/1"}],"replies":[{"embeddable":true,"href":"https:\/\/www.travelsentry.org\/es\/wp-json\/wp\/v2\/comments?post=5358"}],"version-history":[{"count":0,"href":"https:\/\/www.travelsentry.org\/es\/wp-json\/wp\/v2\/pages\/5358\/revisions"}],"wp:attachment":[{"href":"https:\/\/www.travelsentry.org\/es\/wp-json\/wp\/v2\/media?parent=5358"}],"wp:term":[{"taxonomy":"category","embeddable":true,"href":"https:\/\/www.travelsentry.org\/es\/wp-json\/wp\/v2\/categories?post=5358"}],"curies":[{"name":"wp","href":"https:\/\/api.w.org\/{rel}","templated":true}]}}