{"id":5431,"date":"2022-12-16T15:49:41","date_gmt":"2022-12-16T15:49:41","guid":{"rendered":"https:\/\/travelsentry.wpengine.com\/accessories\/"},"modified":"2025-01-30T14:44:02","modified_gmt":"2025-01-30T14:44:02","slug":"accessories-de","status":"publish","type":"page","link":"https:\/\/www.travelsentry.org\/de\/accessories-de\/","title":{"rendered":"Accessories"},"content":{"rendered":"","protected":false},"excerpt":{"rendered":"","protected":false},"author":1,"featured_media":6397,"parent":0,"menu_order":0,"comment_status":"closed","ping_status":"closed","template":"page-templates\/accessories.php","meta":{"_acf_changed":true,"footnotes":""},"categories":[],"class_list":["post-5431","page","type-page","status-publish","has-post-thumbnail","hentry"],"acf":[],"yoast_head":"<!-- This site is optimized with the Yoast SEO plugin v27.3 - https:\/\/yoast.com\/product\/yoast-seo-wordpress\/ -->\n<title>Reisezubeh\u00f6rshop | Travel Sentry<\/title>\n<meta name=\"description\" content=\"Entdecken Sie unser Sortiment an Reisezubeh\u00f6r f\u00fcr Reiseutensilien und n\u00fctzliche Extras, die Reisen einfacher und sicherer machen.\" \/>\n<meta name=\"robots\" content=\"index, follow, max-snippet:-1, max-image-preview:large, max-video-preview:-1\" \/>\n<link rel=\"canonical\" href=\"https:\/\/www.travelsentry.org\/de\/accessories-de\/\" \/>\n<meta property=\"og:locale\" content=\"de_DE\" \/>\n<meta property=\"og:type\" content=\"article\" \/>\n<meta property=\"og:title\" content=\"Reisezubeh\u00f6rshop | Travel Sentry\" \/>\n<meta property=\"og:description\" content=\"Entdecken Sie unser Sortiment an Reisezubeh\u00f6r f\u00fcr Reiseutensilien und n\u00fctzliche Extras, die Reisen einfacher und sicherer machen.\" \/>\n<meta property=\"og:url\" content=\"https:\/\/www.travelsentry.org\/de\/accessories-de\/\" \/>\n<meta property=\"og:site_name\" content=\"Travel Sentry\" \/>\n<meta property=\"article:publisher\" content=\"https:\/\/www.facebook.com\/TravelSentry\/\" \/>\n<meta property=\"article:modified_time\" content=\"2025-01-30T14:44:02+00:00\" \/>\n<meta property=\"og:image\" content=\"https:\/\/www.travelsentry.org\/wp-content\/uploads\/2023\/06\/TS_Accessories_Comp_01-2-1024x576.png\" \/>\n\t<meta property=\"og:image:width\" content=\"1024\" \/>\n\t<meta property=\"og:image:height\" content=\"576\" \/>\n\t<meta property=\"og:image:type\" content=\"image\/png\" \/>\n<meta name=\"twitter:card\" content=\"summary_large_image\" \/>\n<meta name=\"twitter:label1\" content=\"Gesch\u00e4tzte Lesezeit\" \/>\n\t<meta name=\"twitter:data1\" content=\"1 Minute\" \/>\n<script type=\"application\/ld+json\" class=\"yoast-schema-graph\">{\"@context\":\"https:\\\/\\\/schema.org\",\"@graph\":[{\"@type\":\"WebPage\",\"@id\":\"https:\\\/\\\/www.travelsentry.org\\\/de\\\/accessories-de\\\/\",\"url\":\"https:\\\/\\\/www.travelsentry.org\\\/de\\\/accessories-de\\\/\",\"name\":\"Reisezubeh\u00f6rshop | Travel Sentry\",\"isPartOf\":{\"@id\":\"https:\\\/\\\/www.travelsentry.org\\\/de\\\/#website\"},\"primaryImageOfPage\":{\"@id\":\"https:\\\/\\\/www.travelsentry.org\\\/de\\\/accessories-de\\\/#primaryimage\"},\"image\":{\"@id\":\"https:\\\/\\\/www.travelsentry.org\\\/de\\\/accessories-de\\\/#primaryimage\"},\"thumbnailUrl\":\"https:\\\/\\\/www.travelsentry.org\\\/wp-content\\\/uploads\\\/2023\\\/06\\\/TS_Accessories_Comp_01-2.png\",\"datePublished\":\"2022-12-16T15:49:41+00:00\",\"dateModified\":\"2025-01-30T14:44:02+00:00\",\"description\":\"Entdecken Sie unser Sortiment an Reisezubeh\u00f6r f\u00fcr Reiseutensilien und n\u00fctzliche Extras, die Reisen einfacher und sicherer machen.\",\"breadcrumb\":{\"@id\":\"https:\\\/\\\/www.travelsentry.org\\\/de\\\/accessories-de\\\/#breadcrumb\"},\"inLanguage\":\"de-DE\",\"potentialAction\":[{\"@type\":\"ReadAction\",\"target\":[\"https:\\\/\\\/www.travelsentry.org\\\/de\\\/accessories-de\\\/\"]}]},{\"@type\":\"ImageObject\",\"inLanguage\":\"de-DE\",\"@id\":\"https:\\\/\\\/www.travelsentry.org\\\/de\\\/accessories-de\\\/#primaryimage\",\"url\":\"https:\\\/\\\/www.travelsentry.org\\\/wp-content\\\/uploads\\\/2023\\\/06\\\/TS_Accessories_Comp_01-2.png\",\"contentUrl\":\"https:\\\/\\\/www.travelsentry.org\\\/wp-content\\\/uploads\\\/2023\\\/06\\\/TS_Accessories_Comp_01-2.png\",\"width\":3840,\"height\":2160},{\"@type\":\"BreadcrumbList\",\"@id\":\"https:\\\/\\\/www.travelsentry.org\\\/de\\\/accessories-de\\\/#breadcrumb\",\"itemListElement\":[{\"@type\":\"ListItem\",\"position\":1,\"name\":\"Home\",\"item\":\"https:\\\/\\\/www.travelsentry.org\\\/de\\\/\"},{\"@type\":\"ListItem\",\"position\":2,\"name\":\"Accessories\"}]},{\"@type\":\"WebSite\",\"@id\":\"https:\\\/\\\/www.travelsentry.org\\\/de\\\/#website\",\"url\":\"https:\\\/\\\/www.travelsentry.org\\\/de\\\/\",\"name\":\"Travel Sentry\",\"description\":\"\",\"publisher\":{\"@id\":\"https:\\\/\\\/www.travelsentry.org\\\/de\\\/#organization\"},\"potentialAction\":[{\"@type\":\"SearchAction\",\"target\":{\"@type\":\"EntryPoint\",\"urlTemplate\":\"https:\\\/\\\/www.travelsentry.org\\\/de\\\/?s={search_term_string}\"},\"query-input\":{\"@type\":\"PropertyValueSpecification\",\"valueRequired\":true,\"valueName\":\"search_term_string\"}}],\"inLanguage\":\"de-DE\"},{\"@type\":\"Organization\",\"@id\":\"https:\\\/\\\/www.travelsentry.org\\\/de\\\/#organization\",\"name\":\"Teavel Sentry\",\"alternateName\":\"TS\",\"url\":\"https:\\\/\\\/www.travelsentry.org\\\/de\\\/\",\"logo\":{\"@type\":\"ImageObject\",\"inLanguage\":\"de-DE\",\"@id\":\"https:\\\/\\\/www.travelsentry.org\\\/de\\\/#\\\/schema\\\/logo\\\/image\\\/\",\"url\":\"https:\\\/\\\/www.travelsentry.org\\\/wp-content\\\/uploads\\\/2023\\\/07\\\/logo-mobile.svg\",\"contentUrl\":\"https:\\\/\\\/www.travelsentry.org\\\/wp-content\\\/uploads\\\/2023\\\/07\\\/logo-mobile.svg\",\"width\":1,\"height\":1,\"caption\":\"Teavel Sentry\"},\"image\":{\"@id\":\"https:\\\/\\\/www.travelsentry.org\\\/de\\\/#\\\/schema\\\/logo\\\/image\\\/\"},\"sameAs\":[\"https:\\\/\\\/www.facebook.com\\\/TravelSentry\\\/\",\"https:\\\/\\\/www.instagram.com\\\/travelsentry.official\\\/\",\"https:\\\/\\\/www.linkedin.com\\\/company\\\/travel-sentry\\\/mycompany\\\/\",\"https:\\\/\\\/www.youtube.com\\\/channel\\\/UCshlLKD22AIhzO3pOEmBM8A\",\"https:\\\/\\\/www.tiktok.com\\\/@travelsentry\",\"https:\\\/\\\/www.weibo.com\\\/p\\\/1006066616793697\"]}]}<\/script>\n<!-- \/ Yoast SEO plugin. -->","yoast_head_json":{"title":"Reisezubeh\u00f6rshop | Travel Sentry","description":"Entdecken Sie unser Sortiment an Reisezubeh\u00f6r f\u00fcr Reiseutensilien und n\u00fctzliche Extras, die Reisen einfacher und sicherer machen.","robots":{"index":"index","follow":"follow","max-snippet":"max-snippet:-1","max-image-preview":"max-image-preview:large","max-video-preview":"max-video-preview:-1"},"canonical":"https:\/\/www.travelsentry.org\/de\/accessories-de\/","og_locale":"de_DE","og_type":"article","og_title":"Reisezubeh\u00f6rshop | Travel Sentry","og_description":"Entdecken Sie unser Sortiment an Reisezubeh\u00f6r f\u00fcr Reiseutensilien und n\u00fctzliche Extras, die Reisen einfacher und sicherer machen.","og_url":"https:\/\/www.travelsentry.org\/de\/accessories-de\/","og_site_name":"Travel Sentry","article_publisher":"https:\/\/www.facebook.com\/TravelSentry\/","article_modified_time":"2025-01-30T14:44:02+00:00","og_image":[{"width":1024,"height":576,"url":"https:\/\/www.travelsentry.org\/wp-content\/uploads\/2023\/06\/TS_Accessories_Comp_01-2-1024x576.png","type":"image\/png"}],"twitter_card":"summary_large_image","twitter_misc":{"Gesch\u00e4tzte Lesezeit":"1 Minute"},"schema":{"@context":"https:\/\/schema.org","@graph":[{"@type":"WebPage","@id":"https:\/\/www.travelsentry.org\/de\/accessories-de\/","url":"https:\/\/www.travelsentry.org\/de\/accessories-de\/","name":"Reisezubeh\u00f6rshop | Travel Sentry","isPartOf":{"@id":"https:\/\/www.travelsentry.org\/de\/#website"},"primaryImageOfPage":{"@id":"https:\/\/www.travelsentry.org\/de\/accessories-de\/#primaryimage"},"image":{"@id":"https:\/\/www.travelsentry.org\/de\/accessories-de\/#primaryimage"},"thumbnailUrl":"https:\/\/www.travelsentry.org\/wp-content\/uploads\/2023\/06\/TS_Accessories_Comp_01-2.png","datePublished":"2022-12-16T15:49:41+00:00","dateModified":"2025-01-30T14:44:02+00:00","description":"Entdecken Sie unser Sortiment an Reisezubeh\u00f6r f\u00fcr Reiseutensilien und n\u00fctzliche Extras, die Reisen einfacher und sicherer machen.","breadcrumb":{"@id":"https:\/\/www.travelsentry.org\/de\/accessories-de\/#breadcrumb"},"inLanguage":"de-DE","potentialAction":[{"@type":"ReadAction","target":["https:\/\/www.travelsentry.org\/de\/accessories-de\/"]}]},{"@type":"ImageObject","inLanguage":"de-DE","@id":"https:\/\/www.travelsentry.org\/de\/accessories-de\/#primaryimage","url":"https:\/\/www.travelsentry.org\/wp-content\/uploads\/2023\/06\/TS_Accessories_Comp_01-2.png","contentUrl":"https:\/\/www.travelsentry.org\/wp-content\/uploads\/2023\/06\/TS_Accessories_Comp_01-2.png","width":3840,"height":2160},{"@type":"BreadcrumbList","@id":"https:\/\/www.travelsentry.org\/de\/accessories-de\/#breadcrumb","itemListElement":[{"@type":"ListItem","position":1,"name":"Home","item":"https:\/\/www.travelsentry.org\/de\/"},{"@type":"ListItem","position":2,"name":"Accessories"}]},{"@type":"WebSite","@id":"https:\/\/www.travelsentry.org\/de\/#website","url":"https:\/\/www.travelsentry.org\/de\/","name":"Travel Sentry","description":"","publisher":{"@id":"https:\/\/www.travelsentry.org\/de\/#organization"},"potentialAction":[{"@type":"SearchAction","target":{"@type":"EntryPoint","urlTemplate":"https:\/\/www.travelsentry.org\/de\/?s={search_term_string}"},"query-input":{"@type":"PropertyValueSpecification","valueRequired":true,"valueName":"search_term_string"}}],"inLanguage":"de-DE"},{"@type":"Organization","@id":"https:\/\/www.travelsentry.org\/de\/#organization","name":"Teavel Sentry","alternateName":"TS","url":"https:\/\/www.travelsentry.org\/de\/","logo":{"@type":"ImageObject","inLanguage":"de-DE","@id":"https:\/\/www.travelsentry.org\/de\/#\/schema\/logo\/image\/","url":"https:\/\/www.travelsentry.org\/wp-content\/uploads\/2023\/07\/logo-mobile.svg","contentUrl":"https:\/\/www.travelsentry.org\/wp-content\/uploads\/2023\/07\/logo-mobile.svg","width":1,"height":1,"caption":"Teavel Sentry"},"image":{"@id":"https:\/\/www.travelsentry.org\/de\/#\/schema\/logo\/image\/"},"sameAs":["https:\/\/www.facebook.com\/TravelSentry\/","https:\/\/www.instagram.com\/travelsentry.official\/","https:\/\/www.linkedin.com\/company\/travel-sentry\/mycompany\/","https:\/\/www.youtube.com\/channel\/UCshlLKD22AIhzO3pOEmBM8A","https:\/\/www.tiktok.com\/@travelsentry","https:\/\/www.weibo.com\/p\/1006066616793697"]}]}},"_links":{"self":[{"href":"https:\/\/www.travelsentry.org\/de\/wp-json\/wp\/v2\/pages\/5431","targetHints":{"allow":["GET"]}}],"collection":[{"href":"https:\/\/www.travelsentry.org\/de\/wp-json\/wp\/v2\/pages"}],"about":[{"href":"https:\/\/www.travelsentry.org\/de\/wp-json\/wp\/v2\/types\/page"}],"author":[{"embeddable":true,"href":"https:\/\/www.travelsentry.org\/de\/wp-json\/wp\/v2\/users\/1"}],"replies":[{"embeddable":true,"href":"https:\/\/www.travelsentry.org\/de\/wp-json\/wp\/v2\/comments?post=5431"}],"version-history":[{"count":0,"href":"https:\/\/www.travelsentry.org\/de\/wp-json\/wp\/v2\/pages\/5431\/revisions"}],"wp:featuredmedia":[{"embeddable":true,"href":"https:\/\/www.travelsentry.org\/de\/wp-json\/wp\/v2\/media\/6397"}],"wp:attachment":[{"href":"https:\/\/www.travelsentry.org\/de\/wp-json\/wp\/v2\/media?parent=5431"}],"wp:term":[{"taxonomy":"category","embeddable":true,"href":"https:\/\/www.travelsentry.org\/de\/wp-json\/wp\/v2\/categories?post=5431"}],"curies":[{"name":"wp","href":"https:\/\/api.w.org\/{rel}","templated":true}]}}