{"id":5368,"date":"2022-12-16T15:50:00","date_gmt":"2022-12-16T15:50:00","guid":{"rendered":"https:\/\/travelsentry.wpengine.com\/contact\/"},"modified":"2024-11-28T10:27:12","modified_gmt":"2024-11-28T10:27:12","slug":"contact-de","status":"publish","type":"page","link":"https:\/\/www.travelsentry.org\/de\/contact-de\/","title":{"rendered":"Contact"},"content":{"rendered":"<section class=\"block-banner t-light\">\n\t\t\t<div class=\"block-banner__img\">\n\t\t\t\t\t\t\t<img decoding=\"async\" src=\"https:\/\/www.travelsentry.org\/wp-content\/uploads\/2023\/07\/TSPlasticSuitcase_ContactHeader-scaled.jpg\" alt=\"TSA lock on white plastic suitcase\">\n\t\t\t\t\t<\/div>\n\t\t<div class=\"container\">\n\t\t<div class=\"block-banner__inner\">\n\t\t\t\n \n \n\t\t\t\t\t\t<p class=\"block-banner__subheading s-text-lg a-up\"\t\t\t>\n\t\t\t\tKontaktieren Sie uns\t\t\t\t\t<\/p>\n\t\t\t\t\t\t\n \n \n\t\t\t\t\t\t<h1 class=\"h2 block-banner__heading a-up\"\t\t\t>\n\t\t\t\tWir sind hier, <br \/>\r\num alle Ihre Fragen zu beantworten\t\t\t\t\t<\/h1>\n\t\t\t\t\t\t\n \n \n\t\t\t\t\t\t<div class=\"block-banner__content a-up a-delay-1\"\t\t\t>\n\t\t\t\t<p>Wenn Sie ein Kunde sind, der Hilfe bei einem Travel Sentry-Produkt ben\u00f6tigt, empfehlen wir, zuerst unsere Hilfeseite zu besuchen.<\/p>\n\t\t\t\t\t<\/div>\n\t\t\t\t\t\t\n\n\n\n\t\t\t\t<a class=\"c-btn a-up a-delay-2 c-btn--primary\" href=\"https:\/\/www.travelsentry.org\/de\/help-de\/\" target=\"_self\">\n\t\t\tHilfe erhalten\t\t\t\t\t<\/a>\n\t\t\t<\/div>\n\t<\/div>\n<\/section>\n\n\n<section class=\"block-content-tab\">\n\t<div class=\"container\">\n\t\t\t\t\t<div class=\"row a-up a-delay-1\">\n                <div class=\"col col-md-6 block-content-tab__links\">\n\t\t\t\t                    <div>\n                        <button class=\"block-content-tab__link is-active\" data-index=\"1\">\n                            Kunden                        <\/button>\n                    <\/div>\n\t\t\t\t                    <div>\n                        <button class=\"block-content-tab__link\" data-index=\"2\">\n                            Einzelh\u00e4ndler                        <\/button>\n                    <\/div>\n\t\t\t\t                    <div>\n                        <button class=\"block-content-tab__link\" data-index=\"3\">\n                            Industrie-Lizenzen                        <\/button>\n                    <\/div>\n\t\t\t\t                    <div>\n                        <button class=\"block-content-tab__link\" data-index=\"4\">\n                            K\u00e4ufer                        <\/button>\n                    <\/div>\n\t\t\t\t                    <div>\n                        <button class=\"block-content-tab__link\" data-index=\"5\">\n                            Sicherheitsbeh\u00f6rden                        <\/button>\n                    <\/div>\n\t\t\t\t                <\/div>\n                <div class=\"col col-md-6 block-content-tab__contents\">\n                                            <div class=\"block-content-tab__content is-active\">\n                            <button class=\"block-content-tab__content__back single-post__back d-sm-only\">\n                                <img decoding=\"async\" src=\"https:\/\/www.travelsentry.org\/wp-content\/themes\/travel-sentry\/assets\/img\/icon-arrow-left.svg\" alt=\"\">\n                                Zur\u00fcck                            <\/button>\n                            <h5 class=\"block-content-tab__content__heading d-sm-only\">Kunden<\/h5>\n                            <div class=\"block-content-tab__content__content\">\n                                <h5>F\u00fcr allgemeine Anfragen zu Travel Sentry-Produkten<\/h5>\n<p>Haben Sie eine Frage zu einem von Travel Sentry\u00ae Appoved Produkt? Hatten Sie ein Problem mit einem Ihrer Schl\u00f6sser? Antworten und L\u00f6sungen f\u00fcr diese und andere Probleme finden Sie in den FAQ.<\/p>\n<p>Auf der <a href=\"https:\/\/www.travelsentry.org\/de\/tsa-lock-de\/\">TSA LOCK<\/a>-Seite finden Sie die Kontakte zu Unternehmen, die Ihnen bei produktspezifischen Fragen helfen k\u00f6nnen.<\/p>\n<p>Wenn Sie noch eine unbeantwortete Frage haben oder Hilfe ben\u00f6tigen, teilen Sie uns dies bitte mit, indem Sie das folgende Formular ausf\u00fcllen. Wir werden ihnen m\u00f6glichst eine Antwort geben oder sie an die richtige Stelle weiterleiten.<\/p>\n<p>&nbsp;<\/p>\n\n<div class=\"wpcf7 no-js\" id=\"wpcf7-f6583-o1\" lang=\"de-DE\" dir=\"ltr\" data-wpcf7-id=\"6583\">\n<div class=\"screen-reader-response\"><p role=\"status\" aria-live=\"polite\" aria-atomic=\"true\"><\/p> <ul><\/ul><\/div>\n<form action=\"\/de\/wp-json\/wp\/v2\/pages\/5368#wpcf7-f6583-o1\" method=\"post\" class=\"wpcf7-form init 31dcdb88ca57 cmatic-conn cmatic-aud-3 cmatic-mapd0-0 cmatic-v0978 cmatic-sent-0 cmatic-total-313\" aria-label=\"Kontaktformular\" enctype=\"multipart\/form-data\" novalidate=\"novalidate\" data-status=\"init\">\n<fieldset class=\"hidden-fields-container\"><input type=\"hidden\" name=\"_wpcf7\" value=\"6583\" \/><input type=\"hidden\" name=\"_wpcf7_version\" value=\"6.1.5\" \/><input type=\"hidden\" name=\"_wpcf7_locale\" value=\"de_DE\" \/><input type=\"hidden\" name=\"_wpcf7_unit_tag\" value=\"wpcf7-f6583-o1\" \/><input type=\"hidden\" name=\"_wpcf7_container_post\" value=\"0\" \/><input type=\"hidden\" name=\"_wpcf7_posted_data_hash\" value=\"\" \/><input type=\"hidden\" name=\"_wpcf7_recaptcha_response\" value=\"\" \/>\n<\/fieldset>\n<div class=\"row\">\n\t<div class=\"col-md-6\">\n\t\t<p><span class=\"wpcf7-form-control-wrap\" data-name=\"full_name\"><input size=\"40\" maxlength=\"400\" class=\"wpcf7-form-control wpcf7-text wpcf7-validates-as-required form-control\" aria-required=\"true\" aria-invalid=\"false\" placeholder=\"Name\" value=\"\" type=\"text\" name=\"full_name\" \/><\/span>\n\t\t<\/p>\n\t<\/div>\n\t<div class=\"col-md-6\">\n\t\t<p><span class=\"wpcf7-form-control-wrap\" data-name=\"email\"><input size=\"40\" maxlength=\"400\" class=\"wpcf7-form-control wpcf7-email wpcf7-validates-as-required wpcf7-text wpcf7-validates-as-email form-control\" aria-required=\"true\" aria-invalid=\"false\" placeholder=\"E-mail\" value=\"\" type=\"email\" name=\"email\" \/><\/span>\n\t\t<\/p>\n\t<\/div>\n\t<div class=\"col-12\">\n\t\t<p><span class=\"wpcf7-form-control-wrap\" data-name=\"message\"><textarea cols=\"40\" rows=\"10\" maxlength=\"2000\" class=\"wpcf7-form-control wpcf7-textarea form-control\" aria-invalid=\"false\" placeholder=\"WIE K\u00d6NNEN WIR HELFEN?\" name=\"message\"><\/textarea><\/span>\n\t\t<\/p>\n\t<\/div>\n\t<p><label> Datei oder Bild hochladen (max. 5\u202fMB)<br \/>\n<span class=\"wpcf7-form-control-wrap\" data-name=\"file-156\"><input size=\"40\" class=\"wpcf7-form-control wpcf7-file\" accept=\"audio\/*,video\/*,image\/*\" aria-invalid=\"false\" type=\"file\" name=\"file-156\" \/><\/span><br \/>\n<\/label>\n\t<\/p>\n\t<p><label><br \/>\n<span class=\"wpcf7-form-control-wrap\" data-name=\"agree_terms\"><span class=\"wpcf7-form-control wpcf7-checkbox wpcf7-validates-as-required form-control\"><span class=\"wpcf7-list-item first last\"><label><input type=\"checkbox\" name=\"agree_terms[]\" value=\"Durch das Absenden dieses Formulars erkl\u00e4re ich mich damit einverstanden, dass meine Daten gem\u00e4\u00df den Datenschutzbestimmungen von Travel Sentry verarbeitet werden.\" \/><span class=\"wpcf7-list-item-label\">Durch das Absenden dieses Formulars erkl\u00e4re ich mich damit einverstanden, dass meine Daten gem\u00e4\u00df den Datenschutzbestimmungen von Travel Sentry verarbeitet werden.<\/span><\/label><\/span><\/span><\/span><br \/>\n<\/label>\n\t<\/p>\n<\/div>\n<span class=\"wpcf7-form-control-wrap recaptcha\" data-name=\"recaptcha\"><span data-sitekey=\"6LddHZonAAAAAKGH8PMjcv6Y1m4NWFfjthtyLMED\" class=\"wpcf7-form-control wpcf7-recaptcha g-recaptcha\" id=\"noborder\"><\/span>\r\n<noscript>\r\n\t<div class=\"grecaptcha-noscript\">\r\n\t\t<iframe src=\"https:\/\/www.google.com\/recaptcha\/api\/fallback?k=6LddHZonAAAAAKGH8PMjcv6Y1m4NWFfjthtyLMED\" frameborder=\"0\" scrolling=\"no\" width=\"310\" height=\"430\">\r\n\t\t<\/iframe>\r\n\t\t<textarea name=\"g-recaptcha-response\" rows=\"3\" cols=\"40\" placeholder=\"reCaptcha Response Here\">\r\n\t\t<\/textarea>\r\n\t<\/div>\r\n<\/noscript>\r\n<\/span>\n<p><input class=\"wpcf7-form-control wpcf7-submit has-spinner form-submit\" type=\"submit\" value=\"Senden\" \/>\n<\/p><div class=\"wpcf7-response-output\" aria-hidden=\"true\"><\/div>\n<\/form>\n<\/div>\n\n                            <\/div>\n                        <\/div>\n                                            <div class=\"block-content-tab__content\">\n                            <button class=\"block-content-tab__content__back single-post__back d-sm-only\">\n                                <img decoding=\"async\" src=\"https:\/\/www.travelsentry.org\/wp-content\/themes\/travel-sentry\/assets\/img\/icon-arrow-left.svg\" alt=\"\">\n                                Zur\u00fcck                            <\/button>\n                            <h5 class=\"block-content-tab__content__heading d-sm-only\">Einzelh\u00e4ndler<\/h5>\n                            <div class=\"block-content-tab__content__content\">\n                                <h5>F\u00fcr Einzelh\u00e4ndler, die unsere Produkte vertreiben.<\/h5>\n<p>Auf der Website eines Einzelh\u00e4ndlers k\u00f6nnen Sie auf verbraucherfreundliche Informationen, Ressourcen und Materialien zugreifen, z. B. allgemeine Gebrauchsanweisungen zum Einstellen von Schl\u00f6ssern im Druck- und Videoformat. Diese liegen in mehreren Sprachen vor. Diese Materialien k\u00f6nnen online oder im Gesch\u00e4ft verwendet werden. Bitte kontaktieren Sie <a href=\"mailto:marketing@travelsentry.org\" target=\"_blank\" rel=\"noopener\">marketing@travelsentry.org<\/a> f\u00fcr den Zugriff.<\/p>\n                            <\/div>\n                        <\/div>\n                                            <div class=\"block-content-tab__content\">\n                            <button class=\"block-content-tab__content__back single-post__back d-sm-only\">\n                                <img decoding=\"async\" src=\"https:\/\/www.travelsentry.org\/wp-content\/themes\/travel-sentry\/assets\/img\/icon-arrow-left.svg\" alt=\"\">\n                                Zur\u00fcck                            <\/button>\n                            <h5 class=\"block-content-tab__content__heading d-sm-only\">Industrie-Lizenzen<\/h5>\n                            <div class=\"block-content-tab__content__content\">\n                                <h5>F\u00fcr Unternehmen, die mit Travel Sentry arbeiten m\u00f6chten<\/h5>\n<p>Travel Sentry\u00ae freut sich \u00fcber Hersteller und Distributoren, die Travel Sentry&#8217;s Qualit\u00e4tsstandards erf\u00fcllen k\u00f6nnen.<\/p>\n<p>Es gibt drei Arten von Travel Sentry-Lizenzen:<\/p>\n<h5>Hersteller von Schl\u00f6ssern<\/h5>\n<p>Travel Sentry legt die Standards f\u00fcr Travel Sentry\u00ae Approved Schloss fest um sicherzustellen, dass:<\/p>\n<ul>\n<li>Das Design jedes Schlosses die Anforderungen der TSA und anderer Sicherheitsbeh\u00f6rden erf\u00fcllt.<\/li>\n<li>Jedes Schloss den Mindeststandard an Sicherheit und Qualit\u00e4t, inkl. Schl\u00fcssel-Zuschnitt, Zylinder-Design u.\u00e4., erf\u00fcllt.Luggage Manufacturers<\/li>\n<\/ul>\n<h5>Hersteller von Gep\u00e4ckst\u00fccken<\/h5>\n<p>Travel Sentry setzt Standards um sicherzustellen, dass:<\/p>\n<ul>\n<li>Das Travel Sentry\u00ae Approved Schloss korrekt angebracht wird, um die Anforderungen der TSA und anderer Beh\u00f6rden zu erf\u00fcllen.<\/li>\n<li>Der Travel Sentry Red Diamond und andere Marken korrekt pr\u00e4sentiert werden.<\/li>\n<\/ul>\n<h5>Distributoren<\/h5>\n<p>Die Travel Sentry-Standards fordern, dass:<\/p>\n<ul>\n<li>Alle Bezugnahmen und Beschreibungen des Travel Sentry\u00ae Approved Systems konsistent mit unseren Abmachungen mit der TSA, Beh\u00f6rden und Sicherheitsagenturen sind.<\/li>\n<li>Der Travel Sentry Red Diamond und andere Marken korrekt pr\u00e4sentiert sind.<\/li>\n<\/ul>\n<p>Jede Firma mit Interesse an der Herstellung von Travel Sentry\u00ae Approved Schl\u00f6ssern oder Gep\u00e4ckst\u00fccken oder an deren Distribution muss eine Lizenz erwerben.<\/p>\n<p>F\u00fcr genauere Informationen \u00fcber das Travel Sentry-Lizenzsystem kontaktieren Sie <a href=\"mailto:industry@travelsentry.org\" target=\"_blank\" rel=\"noopener\">industry@travelsentry.org<\/a><\/p>\n                            <\/div>\n                        <\/div>\n                                            <div class=\"block-content-tab__content\">\n                            <button class=\"block-content-tab__content__back single-post__back d-sm-only\">\n                                <img decoding=\"async\" src=\"https:\/\/www.travelsentry.org\/wp-content\/themes\/travel-sentry\/assets\/img\/icon-arrow-left.svg\" alt=\"\">\n                                Zur\u00fcck                            <\/button>\n                            <h5 class=\"block-content-tab__content__heading d-sm-only\">K\u00e4ufer<\/h5>\n                            <div class=\"block-content-tab__content__content\">\n                                <h5>F\u00fcr Unternehmen, die mit erstklassigen Gep\u00e4ck-Herstellern und TSA-Schloss-Fabriken, die von Travel Sentry zugelassen sind, in Kontakt treten m\u00f6chten.<\/h5>\n<p>Unsere Beschaffungsplattform www.luggage-factories.com verbindet Sie mit einem Netzwerk von gepr\u00fcften, TSA akzeptierten Herstellern, denen f\u00fchrende globale Marken vertrauen. Wir legen gro\u00dfen Wert auf Transparenz und Compliance und bieten Ihnen Werkzeuge wie erweiterte Suchfunktionen und eine globale Lieferantenkarte, um Ihnen zu helfen, die richtigen Partner zu finden. Arbeiten Sie mit zertifizierten Lieferanten zusammen, die sich der Qualit\u00e4t, Sicherheit und Innovation verschrieben haben, um eine reibungslose und zuverl\u00e4ssige Beschaffung zu gew\u00e4hrleisten.<\/p>\n                            <\/div>\n                        <\/div>\n                                            <div class=\"block-content-tab__content\">\n                            <button class=\"block-content-tab__content__back single-post__back d-sm-only\">\n                                <img decoding=\"async\" src=\"https:\/\/www.travelsentry.org\/wp-content\/themes\/travel-sentry\/assets\/img\/icon-arrow-left.svg\" alt=\"\">\n                                Zur\u00fcck                            <\/button>\n                            <h5 class=\"block-content-tab__content__heading d-sm-only\">Sicherheitsbeh\u00f6rden<\/h5>\n                            <div class=\"block-content-tab__content__content\">\n                                <h5>F\u00fcr Organisationen mit spezifischen Fragen zur Sicherheit<\/h5>\n<p>Sicherheitsbeh\u00f6rden kontaktieren Travel Sentry unter <a href=\"mailto:security@travelsentry.org\" target=\"_blank\" rel=\"noopener\">security@travelsentry.org<\/a><\/p>\n                            <\/div>\n                        <\/div>\n                                    <\/div>\n\t\t\t<\/div>\n\t\t\t<\/div>\n<\/section>\n","protected":false},"excerpt":{"rendered":"","protected":false},"author":1,"featured_media":0,"parent":0,"menu_order":0,"comment_status":"closed","ping_status":"closed","template":"","meta":{"_acf_changed":true,"footnotes":""},"categories":[],"class_list":["post-5368","page","type-page","status-publish","hentry"],"acf":[],"yoast_head":"<!-- This site is optimized with the Yoast SEO plugin v27.3 - https:\/\/yoast.com\/product\/yoast-seo-wordpress\/ -->\n<title>Kontakt | Travel Sentry<\/title>\n<meta name=\"description\" content=\"Kontaktieren Sie Travel Sentry. Erfahren Sie mehr \u00fcber unsere Schl\u00f6sser, Reisezubeh\u00f6r und ID-Informationen.\" \/>\n<meta name=\"robots\" content=\"index, follow, max-snippet:-1, max-image-preview:large, max-video-preview:-1\" \/>\n<link rel=\"canonical\" href=\"https:\/\/www.travelsentry.org\/de\/contact-de\/\" \/>\n<meta property=\"og:locale\" content=\"de_DE\" \/>\n<meta property=\"og:type\" content=\"article\" \/>\n<meta property=\"og:title\" content=\"Kontakt | Travel Sentry\" \/>\n<meta property=\"og:description\" content=\"Kontaktieren Sie Travel Sentry. Erfahren Sie mehr \u00fcber unsere Schl\u00f6sser, Reisezubeh\u00f6r und ID-Informationen.\" \/>\n<meta property=\"og:url\" content=\"https:\/\/www.travelsentry.org\/de\/contact-de\/\" \/>\n<meta property=\"og:site_name\" content=\"Travel Sentry\" \/>\n<meta property=\"article:publisher\" content=\"https:\/\/www.facebook.com\/TravelSentry\/\" \/>\n<meta property=\"article:modified_time\" content=\"2024-11-28T10:27:12+00:00\" \/>\n<meta name=\"twitter:card\" content=\"summary_large_image\" \/>\n<script type=\"application\/ld+json\" class=\"yoast-schema-graph\">{\"@context\":\"https:\\\/\\\/schema.org\",\"@graph\":[{\"@type\":\"WebPage\",\"@id\":\"https:\\\/\\\/www.travelsentry.org\\\/de\\\/contact-de\\\/\",\"url\":\"https:\\\/\\\/www.travelsentry.org\\\/de\\\/contact-de\\\/\",\"name\":\"Kontakt | Travel Sentry\",\"isPartOf\":{\"@id\":\"https:\\\/\\\/www.travelsentry.org\\\/de\\\/#website\"},\"datePublished\":\"2022-12-16T15:50:00+00:00\",\"dateModified\":\"2024-11-28T10:27:12+00:00\",\"description\":\"Kontaktieren Sie Travel Sentry. Erfahren Sie mehr \u00fcber unsere Schl\u00f6sser, Reisezubeh\u00f6r und ID-Informationen.\",\"breadcrumb\":{\"@id\":\"https:\\\/\\\/www.travelsentry.org\\\/de\\\/contact-de\\\/#breadcrumb\"},\"inLanguage\":\"de-DE\",\"potentialAction\":[{\"@type\":\"ReadAction\",\"target\":[\"https:\\\/\\\/www.travelsentry.org\\\/de\\\/contact-de\\\/\"]}]},{\"@type\":\"BreadcrumbList\",\"@id\":\"https:\\\/\\\/www.travelsentry.org\\\/de\\\/contact-de\\\/#breadcrumb\",\"itemListElement\":[{\"@type\":\"ListItem\",\"position\":1,\"name\":\"Home\",\"item\":\"https:\\\/\\\/www.travelsentry.org\\\/de\\\/\"},{\"@type\":\"ListItem\",\"position\":2,\"name\":\"Contact\"}]},{\"@type\":\"WebSite\",\"@id\":\"https:\\\/\\\/www.travelsentry.org\\\/de\\\/#website\",\"url\":\"https:\\\/\\\/www.travelsentry.org\\\/de\\\/\",\"name\":\"Travel Sentry\",\"description\":\"\",\"publisher\":{\"@id\":\"https:\\\/\\\/www.travelsentry.org\\\/de\\\/#organization\"},\"potentialAction\":[{\"@type\":\"SearchAction\",\"target\":{\"@type\":\"EntryPoint\",\"urlTemplate\":\"https:\\\/\\\/www.travelsentry.org\\\/de\\\/?s={search_term_string}\"},\"query-input\":{\"@type\":\"PropertyValueSpecification\",\"valueRequired\":true,\"valueName\":\"search_term_string\"}}],\"inLanguage\":\"de-DE\"},{\"@type\":\"Organization\",\"@id\":\"https:\\\/\\\/www.travelsentry.org\\\/de\\\/#organization\",\"name\":\"Teavel Sentry\",\"alternateName\":\"TS\",\"url\":\"https:\\\/\\\/www.travelsentry.org\\\/de\\\/\",\"logo\":{\"@type\":\"ImageObject\",\"inLanguage\":\"de-DE\",\"@id\":\"https:\\\/\\\/www.travelsentry.org\\\/de\\\/#\\\/schema\\\/logo\\\/image\\\/\",\"url\":\"https:\\\/\\\/www.travelsentry.org\\\/wp-content\\\/uploads\\\/2023\\\/07\\\/logo-mobile.svg\",\"contentUrl\":\"https:\\\/\\\/www.travelsentry.org\\\/wp-content\\\/uploads\\\/2023\\\/07\\\/logo-mobile.svg\",\"width\":1,\"height\":1,\"caption\":\"Teavel Sentry\"},\"image\":{\"@id\":\"https:\\\/\\\/www.travelsentry.org\\\/de\\\/#\\\/schema\\\/logo\\\/image\\\/\"},\"sameAs\":[\"https:\\\/\\\/www.facebook.com\\\/TravelSentry\\\/\",\"https:\\\/\\\/www.instagram.com\\\/travelsentry.official\\\/\",\"https:\\\/\\\/www.linkedin.com\\\/company\\\/travel-sentry\\\/mycompany\\\/\",\"https:\\\/\\\/www.youtube.com\\\/channel\\\/UCshlLKD22AIhzO3pOEmBM8A\",\"https:\\\/\\\/www.tiktok.com\\\/@travelsentry\",\"https:\\\/\\\/www.weibo.com\\\/p\\\/1006066616793697\"]}]}<\/script>\n<!-- \/ Yoast SEO plugin. -->","yoast_head_json":{"title":"Kontakt | Travel Sentry","description":"Kontaktieren Sie Travel Sentry. Erfahren Sie mehr \u00fcber unsere Schl\u00f6sser, Reisezubeh\u00f6r und ID-Informationen.","robots":{"index":"index","follow":"follow","max-snippet":"max-snippet:-1","max-image-preview":"max-image-preview:large","max-video-preview":"max-video-preview:-1"},"canonical":"https:\/\/www.travelsentry.org\/de\/contact-de\/","og_locale":"de_DE","og_type":"article","og_title":"Kontakt | Travel Sentry","og_description":"Kontaktieren Sie Travel Sentry. Erfahren Sie mehr \u00fcber unsere Schl\u00f6sser, Reisezubeh\u00f6r und ID-Informationen.","og_url":"https:\/\/www.travelsentry.org\/de\/contact-de\/","og_site_name":"Travel Sentry","article_publisher":"https:\/\/www.facebook.com\/TravelSentry\/","article_modified_time":"2024-11-28T10:27:12+00:00","twitter_card":"summary_large_image","schema":{"@context":"https:\/\/schema.org","@graph":[{"@type":"WebPage","@id":"https:\/\/www.travelsentry.org\/de\/contact-de\/","url":"https:\/\/www.travelsentry.org\/de\/contact-de\/","name":"Kontakt | Travel Sentry","isPartOf":{"@id":"https:\/\/www.travelsentry.org\/de\/#website"},"datePublished":"2022-12-16T15:50:00+00:00","dateModified":"2024-11-28T10:27:12+00:00","description":"Kontaktieren Sie Travel Sentry. Erfahren Sie mehr \u00fcber unsere Schl\u00f6sser, Reisezubeh\u00f6r und ID-Informationen.","breadcrumb":{"@id":"https:\/\/www.travelsentry.org\/de\/contact-de\/#breadcrumb"},"inLanguage":"de-DE","potentialAction":[{"@type":"ReadAction","target":["https:\/\/www.travelsentry.org\/de\/contact-de\/"]}]},{"@type":"BreadcrumbList","@id":"https:\/\/www.travelsentry.org\/de\/contact-de\/#breadcrumb","itemListElement":[{"@type":"ListItem","position":1,"name":"Home","item":"https:\/\/www.travelsentry.org\/de\/"},{"@type":"ListItem","position":2,"name":"Contact"}]},{"@type":"WebSite","@id":"https:\/\/www.travelsentry.org\/de\/#website","url":"https:\/\/www.travelsentry.org\/de\/","name":"Travel Sentry","description":"","publisher":{"@id":"https:\/\/www.travelsentry.org\/de\/#organization"},"potentialAction":[{"@type":"SearchAction","target":{"@type":"EntryPoint","urlTemplate":"https:\/\/www.travelsentry.org\/de\/?s={search_term_string}"},"query-input":{"@type":"PropertyValueSpecification","valueRequired":true,"valueName":"search_term_string"}}],"inLanguage":"de-DE"},{"@type":"Organization","@id":"https:\/\/www.travelsentry.org\/de\/#organization","name":"Teavel Sentry","alternateName":"TS","url":"https:\/\/www.travelsentry.org\/de\/","logo":{"@type":"ImageObject","inLanguage":"de-DE","@id":"https:\/\/www.travelsentry.org\/de\/#\/schema\/logo\/image\/","url":"https:\/\/www.travelsentry.org\/wp-content\/uploads\/2023\/07\/logo-mobile.svg","contentUrl":"https:\/\/www.travelsentry.org\/wp-content\/uploads\/2023\/07\/logo-mobile.svg","width":1,"height":1,"caption":"Teavel Sentry"},"image":{"@id":"https:\/\/www.travelsentry.org\/de\/#\/schema\/logo\/image\/"},"sameAs":["https:\/\/www.facebook.com\/TravelSentry\/","https:\/\/www.instagram.com\/travelsentry.official\/","https:\/\/www.linkedin.com\/company\/travel-sentry\/mycompany\/","https:\/\/www.youtube.com\/channel\/UCshlLKD22AIhzO3pOEmBM8A","https:\/\/www.tiktok.com\/@travelsentry","https:\/\/www.weibo.com\/p\/1006066616793697"]}]}},"_links":{"self":[{"href":"https:\/\/www.travelsentry.org\/de\/wp-json\/wp\/v2\/pages\/5368","targetHints":{"allow":["GET"]}}],"collection":[{"href":"https:\/\/www.travelsentry.org\/de\/wp-json\/wp\/v2\/pages"}],"about":[{"href":"https:\/\/www.travelsentry.org\/de\/wp-json\/wp\/v2\/types\/page"}],"author":[{"embeddable":true,"href":"https:\/\/www.travelsentry.org\/de\/wp-json\/wp\/v2\/users\/1"}],"replies":[{"embeddable":true,"href":"https:\/\/www.travelsentry.org\/de\/wp-json\/wp\/v2\/comments?post=5368"}],"version-history":[{"count":0,"href":"https:\/\/www.travelsentry.org\/de\/wp-json\/wp\/v2\/pages\/5368\/revisions"}],"wp:attachment":[{"href":"https:\/\/www.travelsentry.org\/de\/wp-json\/wp\/v2\/media?parent=5368"}],"wp:term":[{"taxonomy":"category","embeddable":true,"href":"https:\/\/www.travelsentry.org\/de\/wp-json\/wp\/v2\/categories?post=5368"}],"curies":[{"name":"wp","href":"https:\/\/api.w.org\/{rel}","templated":true}]}}