{"id":5356,"date":"2022-12-16T15:49:24","date_gmt":"2022-12-16T15:49:24","guid":{"rendered":"https:\/\/travelsentry.wpengine.com\/ts-tag\/"},"modified":"2026-03-16T13:40:11","modified_gmt":"2026-03-16T13:40:11","slug":"ts-tag-de","status":"publish","type":"page","link":"https:\/\/www.travelsentry.org\/de\/pbt-de\/","title":{"rendered":"PBT"},"content":{"rendered":"<section class=\"block-banner t-light\">\n\t\t\t<div class=\"block-banner__img\">\n\t\t\t\t\t\t\t<img decoding=\"async\" src=\"https:\/\/www.travelsentry.org\/wp-content\/uploads\/2026\/03\/ill-show-you-how-it-works-2026-01-09-09-40-41-utc2.jpg\" alt=\"\">\n\t\t\t\t\t<\/div>\n\t\t<div class=\"container\">\n\t\t<div class=\"block-banner__inner\">\n\t\t\t\n \n \n\t\t\t\t\t\t<p class=\"block-banner__subheading s-text-lg a-up\"\t\t\t>\n\t\t\t\tPermanent Baggage Tag\t\t\t\t\t<\/p>\n\t\t\t\t\t\t\n \n \n\t\t\t\t\t\t<h1 class=\"h2 block-banner__heading a-up\"\t\t\t><span class=\"ez-toc-section\" id=\"Willkommen_in_der_Zukunft_der_Gepaeckabfertigung\"><\/span>\n\t\t\t\tWillkommen in der Zukunft der Gep\u00e4ckabfertigung\t\t\t\t\t<span class=\"ez-toc-section-end\"><\/span><\/h1>\n\t\t\t\t\t\t\n \n \n\t\t\t\t\t\t<div class=\"block-banner__content a-up a-delay-1\"\t\t\t>\n\t\t\t\t<p>\u2022 Checken Sie Ihr Gep\u00e4ck von \u00fcberall aus ein<br \/>\n\u2022 Umgehen Sie die Warteschlange beim Check-in<br \/>\n\u2022 Eine dauerhafte Verbindung zwischen Ihnen und Ihrem Gep\u00e4ck<\/p>\n\t\t\t\t\t<\/div>\n\t\t\t\t\t\t\n\n\n\n\t\t<\/div>\n\t<\/div>\n<\/section>\n\n\n<section class=\"block-content-image block-content-image--left block-content-image--single bg-white\">\n\t<div class=\"row\">\n\t\t\t\t<div class=\"col col-md-6\">\n\t\t\t<div class=\"img-a\">\n\t\t\t\t\t\t\t\t\t<!-- content-modules-image -->\n\t\t\t\t\t\t<div class=\"img-a-img\"\t\t\t>\n\t\t\t\t\t\t\t\t\t\t\t\t\t\t\t\t<img decoding=\"async\" class=\"\" src=\"https:\/\/www.travelsentry.org\/wp-content\/uploads\/2026\/03\/PBT-Suitcase-01-scaled.png\" alt=\"\" loading=\"lazy\">\n\t\t\t\t\t\t\t\t<\/div>\n\t\t\t\t\t\t\t\t\t\t<\/div>\n\t\t<\/div>\n\t\t<div class=\"col col-md-6 block-content-image__content a-up-nested\">\n\t\t\t\n \n\t\t\t\n \n \n\t\t\t\t\t\t<h2 class=\"block-content-image__heading\"\t\t\t><span class=\"ez-toc-section\" id=\"Warum_ein_permanenter_Gepaeckanhaenger_PBT\"><\/span>\n\t\t\t\tWarum ein permanenter Gep\u00e4ckanh\u00e4nger (PBT)?\t\t\t\t\t<span class=\"ez-toc-section-end\"><\/span><\/h2>\n\t\t\t\t\t\t\n \n \n\t\t\t\t\t\t<div class=\"block-content-image__copy a-delay-1\"\t\t\t>\n\t\t\t\t<p>Komfort \u2013 schnellerer Check-in<br \/>\nSicherheit \u2013 Ihr Gep\u00e4ck bleibt dauerhaft mit Ihnen verkn\u00fcpft<br \/>\nKosten \u2013 nur ein Bruchteil der Kosten elektronischer Gep\u00e4ckanh\u00e4nger<\/p>\n\t\t\t\t\t<\/div>\n\t\t\t\t\t\t\n\n\n\n\t\t<\/div>\n\t\t\t<\/div>\n<\/section>\n\n\n<section class=\"block-content-slider block-content-slider--b2b\">\n\t<div class=\"container\">\n\t\t<div class=\"block-content-slider__content a-up-nested\">\n\t\t\t<div class=\"block-content-slider__content__inner\">\n\t\t\t\t\n \n\t\t\t\t\n \n \n\t\t\t\t\t\t<h2 class=\"block-content-slider__heading\"\t\t\t><span class=\"ez-toc-section\" id=\"Tickets_und_Bordkarten_sind_jetzt_digital_warum_also_nicht_auch_Gepaeckanhaenger\"><\/span>\n\t\t\t\tTickets und Bordkarten sind jetzt digital, warum also nicht auch Gep\u00e4ckanh\u00e4nger?\t\t\t\t\t<span class=\"ez-toc-section-end\"><\/span><\/h2>\n\t\t\t\t\t\t\t\n \n\t\t\t<\/div>\n\t\t<\/div>\n\t\t<div class=\"block-content-slider__carousel a-up-nested\">\n\t\t\t\n \n\t\t\t\t\t\t\t<div class=\"swiper\">\n\t\t\t\t\t<div class=\"swiper-wrapper\">\n\t\t\t\t\t\t\t\t\t\t\t\t<div class=\"swiper-slide\">\n\t\t\t\t\t\t\t\t\t\t\t\t\t\t\t\t\t\t\t\t\t\t\t<div class=\"slide-b2b slide-b2b--col-2\">\n\t\t\t\t\t\t\t\t\t<!-- content-modules-image -->\n\t\t\t\t\t\t<div class=\"slide-b2b__image\"\t\t\t>\n\t\t\t\t\t\t\t\t\t\t\t\t\t\t\t\t<img decoding=\"async\" class=\"\" src=\"https:\/\/www.travelsentry.org\/wp-content\/uploads\/2026\/03\/TS_PlasticSuitcase_02_Update-scaled.jpg\" alt=\"\" loading=\"lazy\">\n\t\t\t\t\t\t\t\t<\/div>\n\t\t\t\t\t\t\t\t\t\t\t\t<div class=\"slide-b2b__content\">\n\t\t\t\t\t\t\t\t\t\t<!-- content-modules-image -->\n\t\t\t\t\t\t<div class=\"slide-b2b__img bg-cover\"\t\t\t>\n\t\t\t\t\t\t\t\t\t\t\t\t\t\t\t\t<img decoding=\"async\" class=\"\" src=\"https:\/\/www.travelsentry.org\/wp-content\/uploads\/2022\/12\/icon-baggages.svg\" alt=\"\" loading=\"lazy\">\n\t\t\t\t\t\t\t\t<\/div>\n\t\t\t\t\t\t\t\t\t\t\t\t\t\n \n \n\t\t\t\t\t\t<h5 class=\"slide-b2b__heading\"\t\t\t>\n\t\t\t\tPermanente Gep\u00e4ckanh\u00e4nger w\u00fcrden der Luftfahrtindustrie Millionen von Dollars einsparen, das Passagiererlebnis verbessern, den Planeten retten und die Gesundheit ihrer Mitarbeiter sch\u00fctzen.\t\t\t\t\t<\/h5>\n\t\t\t\t\t\t\t\t\t\t\t\t\t\n \n \n\t\t\t\t\t\t<div class=\"slide-b2b__copy\"\t\t\t>\n\t\t\t\t<p>Gep\u00e4ckaufgabe<br \/>\nPassagiere k\u00f6nnen ihr Gep\u00e4ck zu Hause registrieren, wodurch weniger Personal ben\u00f6tigt Effektivit\u00e4t erh\u00f6ht wird.<\/p>\n<p>Umwelt<br \/>\nReduzieren Sie den Konsum an nicht recycelbaren Einweg-Papieretiketten auf unserem Planeten.<\/p>\n<p>Effizienz<br \/>\nEs sind weniger Mitarbeiter und Ausr\u00fcstung zum Etikettieren notwendig, was Wartungszeiten und -kosten reudziert.<\/p>\n<p>Gesundheit<br \/>\nDas Personal kommt weniger mit karzinogenem Bisphenol (BPA, BPS) in Thermodruckpapieren in Kontakt.<\/p>\n\t\t\t\t\t<\/div>\n\t\t\t\t\t\t\t\t\t\t\t\t<\/div>\n\t\t\t\t\t\t\t\t<\/div>\n\t\t\t\t\t\t\t\t\t\t\t\t\t<\/div>\n\t\t\t\t\t\t\t\t\t\t\t\t<div class=\"swiper-slide\">\n\t\t\t\t\t\t\t\t\t\t\t\t\t\t\t\t\t\t\t\t\t\t\t<div class=\"slide-b2b slide-b2b--col-1\">\n\t\t\t\t\t\t\t\t\t<!-- content-modules-image -->\n\t\t\t\t\t\t<div class=\"slide-b2b__image\"\t\t\t>\n\t\t\t\t\t\t\t\t\t\t\t\t\t\t\t\t<img decoding=\"async\" class=\"\" src=\"https:\/\/www.travelsentry.org\/wp-content\/uploads\/2023\/06\/TSGlobev01.jpg\" alt=\"lost and found tags\" loading=\"lazy\">\n\t\t\t\t\t\t\t\t<\/div>\n\t\t\t\t\t\t\t\t\t\t\t\t<div class=\"slide-b2b__content\">\n\t\t\t\t\t\t\t\t\t\t<!-- content-modules-image -->\n\t\t\t\t\t\t<div class=\"slide-b2b__img bg-cover\"\t\t\t>\n\t\t\t\t\t\t\t\t\t\t\t\t\t\t\t\t<img decoding=\"async\" class=\"\" src=\"https:\/\/www.travelsentry.org\/wp-content\/uploads\/2022\/12\/icon-earth.svg\" alt=\"\" loading=\"lazy\">\n\t\t\t\t\t\t\t\t<\/div>\n\t\t\t\t\t\t\t\t\t\t\t\t\t\n \n \n\t\t\t\t\t\t<h5 class=\"slide-b2b__heading\"\t\t\t>\n\t\t\t\tJedes Jahr werden 2 Millionen km Einweg-Gep\u00e4ckanh\u00e4nger ausgedruckt &#8211; und das ist alles andere als nachhaltig\t\t\t\t\t<\/h5>\n\t\t\t\t\t\t\t\t\t\t\t\t\t\n \n \n\t\t\t\t\t\t<div class=\"slide-b2b__copy\"\t\t\t>\n\t\t\t\t<p>Die nicht recycelbaren Tags, die sich zusammen 50 Mal um den \u00c4quator wickeln k\u00f6nnten und die die Luftfahrtindustrie jedes Jahr 400 Millionen US-Dollar kosten, schaden der Branche und der Umwelt.<\/p>\n<p>Einweg-Tags sorgen f\u00fcr ein schlechtes Kundenerlebnis. Mit ihnen sind unpraktische Anwendungen, entstehende Schlangen und uneffektive Selbstbedienungsterminals verbunden.<\/p>\n\t\t\t\t\t<\/div>\n\t\t\t\t\t\t\t\t\t\t\t\t<\/div>\n\t\t\t\t\t\t\t\t<\/div>\n\t\t\t\t\t\t\t\t\t\t\t\t\t<\/div>\n\t\t\t\t\t\t\t\t\t\t\t<\/div>\n\t\t\t\t\t\t\t\t\t\t\t<div class=\"swiper-controls\">\n\t\t\t\t\t\t\t<button class=\"swiper-button-prev\"><\/button>\n\t\t\t\t\t\t\t<div class=\"swiper-pagination\"><\/div>\n\t\t\t\t\t\t\t<button class=\"swiper-button-next\"><\/button>\n\t\t\t\t\t\t<\/div>\n\t\t\t\t\t\t\t\t\t<\/div>\n\t\t\t\t\t<\/div>\n\t<\/div>\n<\/section>\n\n\n\n\n\n\n<section class=\"block-content-image block-content-image--right block-content-image--single bg-white\">\n\t<div class=\"row\">\n\t\t\t\t<div class=\"col col-md-6\">\n\t\t\t<div class=\"img-a\">\n\t\t\t\t\t\t\t\t\t<!-- content-modules-image -->\n\t\t\t\t\t\t<div class=\"img-a-img\"\t\t\t>\n\t\t\t\t\t\t\t\t\t\t\t\t\t\t\t\t<img decoding=\"async\" class=\"\" src=\"https:\/\/www.travelsentry.org\/wp-content\/uploads\/2026\/03\/family-travel-and-vacation-child-with-parents-at-2026-01-09-10-24-56-utc.jpg\" alt=\"\" loading=\"lazy\">\n\t\t\t\t\t\t\t\t<\/div>\n\t\t\t\t\t\t\t\t\t\t<\/div>\n\t\t<\/div>\n\t\t<div class=\"col col-md-6 block-content-image__content a-up-nested\">\n\t\t\t\n \n\t\t\t\n \n \n\t\t\t\t\t\t<h2 class=\"block-content-image__heading\"\t\t\t><span class=\"ez-toc-section\" id=\"Mehr_erfahren\"><\/span>\n\t\t\t\tMehr erfahren\t\t\t\t\t<span class=\"ez-toc-section-end\"><\/span><\/h2>\n\t\t\t\t\t\t\n \n \n\t\t\t\t\t\t<div class=\"block-content-image__copy a-delay-1\"\t\t\t>\n\t\t\t\t<p>Wenn Sie Fragen zu PBT haben, Hilfe bei der Auswahl des passenden Gep\u00e4ckanh\u00e4ngers f\u00fcr Ihr Gep\u00e4ck ben\u00f6tigen oder mehr dar\u00fcber erfahren m\u00f6chten, wie PBT mit dem Travel Sentry Lost &amp; Found-System zusammenarbeiten, <a href=\"https:\/\/www.travelsentry.org\/de\/company-de\/\">steht Ihnen unser Team gerne zur Verf\u00fcgung<\/a>.<\/p>\n<p>Ganz gleich, ob Sie unsicher sind, welchen Gep\u00e4ckanh\u00e4nger Sie verwenden sollten, Unterst\u00fctzung bei der Registrierung ben\u00f6tigen oder eine allgemeine Anfrage haben \u2013 <a href=\"https:\/\/www.travelsentry.org\/de\/help-de\/\">das Support-Team von Travel Sentry<\/a> hilft Ihnen gerne weiter.<\/p>\n<p><a href=\"https:\/\/www.travelsentry.org\/de\/contact-de\/\">Kontaktieren Sie uns<\/a><\/p>\n\t\t\t\t\t<\/div>\n\t\t\t\t\t\t\n\n\n\n\t\t<\/div>\n\t\t\t<\/div>\n<\/section>\n\n\n\n\n\n<p><\/p>\n","protected":false},"excerpt":{"rendered":"","protected":false},"author":1,"featured_media":0,"parent":0,"menu_order":0,"comment_status":"closed","ping_status":"closed","template":"","meta":{"_acf_changed":true,"footnotes":""},"categories":[],"class_list":["post-5356","page","type-page","status-publish","hentry"],"acf":[],"yoast_head":"<!-- This site is optimized with the Yoast SEO plugin v27.3 - https:\/\/yoast.com\/product\/yoast-seo-wordpress\/ -->\n<title>TS-Markierung | Gep\u00e4ckverfolgungsger\u00e4t | Travel Sentry<\/title>\n<meta name=\"description\" content=\"TS-TAG ist ein dauerhaftes Gep\u00e4ckverfolgungsger\u00e4t. Es verkn\u00fcpft jeden Passagier und sein Gep\u00e4ck mit einem eindeutigen ID-Code.\" \/>\n<meta name=\"robots\" content=\"index, follow, max-snippet:-1, max-image-preview:large, max-video-preview:-1\" \/>\n<link rel=\"canonical\" href=\"https:\/\/www.travelsentry.org\/de\/pbt-de\/\" \/>\n<meta property=\"og:locale\" content=\"de_DE\" \/>\n<meta property=\"og:type\" content=\"article\" \/>\n<meta property=\"og:title\" content=\"TS-Markierung | Gep\u00e4ckverfolgungsger\u00e4t | Travel Sentry\" \/>\n<meta property=\"og:description\" content=\"TS-TAG ist ein dauerhaftes Gep\u00e4ckverfolgungsger\u00e4t. Es verkn\u00fcpft jeden Passagier und sein Gep\u00e4ck mit einem eindeutigen ID-Code.\" \/>\n<meta property=\"og:url\" content=\"https:\/\/www.travelsentry.org\/de\/pbt-de\/\" \/>\n<meta property=\"og:site_name\" content=\"Travel Sentry\" \/>\n<meta property=\"article:publisher\" content=\"https:\/\/www.facebook.com\/TravelSentry\/\" \/>\n<meta property=\"article:modified_time\" content=\"2026-03-16T13:40:11+00:00\" \/>\n<meta name=\"twitter:card\" content=\"summary_large_image\" \/>\n<script type=\"application\/ld+json\" class=\"yoast-schema-graph\">{\"@context\":\"https:\\\/\\\/schema.org\",\"@graph\":[{\"@type\":\"WebPage\",\"@id\":\"https:\\\/\\\/www.travelsentry.org\\\/de\\\/pbt-de\\\/\",\"url\":\"https:\\\/\\\/www.travelsentry.org\\\/de\\\/pbt-de\\\/\",\"name\":\"TS-Markierung | Gep\u00e4ckverfolgungsger\u00e4t | Travel Sentry\",\"isPartOf\":{\"@id\":\"https:\\\/\\\/www.travelsentry.org\\\/de\\\/#website\"},\"datePublished\":\"2022-12-16T15:49:24+00:00\",\"dateModified\":\"2026-03-16T13:40:11+00:00\",\"description\":\"TS-TAG ist ein dauerhaftes Gep\u00e4ckverfolgungsger\u00e4t. Es verkn\u00fcpft jeden Passagier und sein Gep\u00e4ck mit einem eindeutigen ID-Code.\",\"breadcrumb\":{\"@id\":\"https:\\\/\\\/www.travelsentry.org\\\/de\\\/pbt-de\\\/#breadcrumb\"},\"inLanguage\":\"de-DE\",\"potentialAction\":[{\"@type\":\"ReadAction\",\"target\":[\"https:\\\/\\\/www.travelsentry.org\\\/de\\\/pbt-de\\\/\"]}]},{\"@type\":\"BreadcrumbList\",\"@id\":\"https:\\\/\\\/www.travelsentry.org\\\/de\\\/pbt-de\\\/#breadcrumb\",\"itemListElement\":[{\"@type\":\"ListItem\",\"position\":1,\"name\":\"Home\",\"item\":\"https:\\\/\\\/www.travelsentry.org\\\/de\\\/\"},{\"@type\":\"ListItem\",\"position\":2,\"name\":\"PBT\"}]},{\"@type\":\"WebSite\",\"@id\":\"https:\\\/\\\/www.travelsentry.org\\\/de\\\/#website\",\"url\":\"https:\\\/\\\/www.travelsentry.org\\\/de\\\/\",\"name\":\"Travel Sentry\",\"description\":\"\",\"publisher\":{\"@id\":\"https:\\\/\\\/www.travelsentry.org\\\/de\\\/#organization\"},\"potentialAction\":[{\"@type\":\"SearchAction\",\"target\":{\"@type\":\"EntryPoint\",\"urlTemplate\":\"https:\\\/\\\/www.travelsentry.org\\\/de\\\/?s={search_term_string}\"},\"query-input\":{\"@type\":\"PropertyValueSpecification\",\"valueRequired\":true,\"valueName\":\"search_term_string\"}}],\"inLanguage\":\"de-DE\"},{\"@type\":\"Organization\",\"@id\":\"https:\\\/\\\/www.travelsentry.org\\\/de\\\/#organization\",\"name\":\"Teavel Sentry\",\"alternateName\":\"TS\",\"url\":\"https:\\\/\\\/www.travelsentry.org\\\/de\\\/\",\"logo\":{\"@type\":\"ImageObject\",\"inLanguage\":\"de-DE\",\"@id\":\"https:\\\/\\\/www.travelsentry.org\\\/de\\\/#\\\/schema\\\/logo\\\/image\\\/\",\"url\":\"https:\\\/\\\/www.travelsentry.org\\\/wp-content\\\/uploads\\\/2023\\\/07\\\/logo-mobile.svg\",\"contentUrl\":\"https:\\\/\\\/www.travelsentry.org\\\/wp-content\\\/uploads\\\/2023\\\/07\\\/logo-mobile.svg\",\"width\":1,\"height\":1,\"caption\":\"Teavel Sentry\"},\"image\":{\"@id\":\"https:\\\/\\\/www.travelsentry.org\\\/de\\\/#\\\/schema\\\/logo\\\/image\\\/\"},\"sameAs\":[\"https:\\\/\\\/www.facebook.com\\\/TravelSentry\\\/\",\"https:\\\/\\\/www.instagram.com\\\/travelsentry.official\\\/\",\"https:\\\/\\\/www.linkedin.com\\\/company\\\/travel-sentry\\\/mycompany\\\/\",\"https:\\\/\\\/www.youtube.com\\\/channel\\\/UCshlLKD22AIhzO3pOEmBM8A\",\"https:\\\/\\\/www.tiktok.com\\\/@travelsentry\",\"https:\\\/\\\/www.weibo.com\\\/p\\\/1006066616793697\"]}]}<\/script>\n<!-- \/ Yoast SEO plugin. -->","yoast_head_json":{"title":"TS-Markierung | Gep\u00e4ckverfolgungsger\u00e4t | Travel Sentry","description":"TS-TAG ist ein dauerhaftes Gep\u00e4ckverfolgungsger\u00e4t. Es verkn\u00fcpft jeden Passagier und sein Gep\u00e4ck mit einem eindeutigen ID-Code.","robots":{"index":"index","follow":"follow","max-snippet":"max-snippet:-1","max-image-preview":"max-image-preview:large","max-video-preview":"max-video-preview:-1"},"canonical":"https:\/\/www.travelsentry.org\/de\/pbt-de\/","og_locale":"de_DE","og_type":"article","og_title":"TS-Markierung | Gep\u00e4ckverfolgungsger\u00e4t | Travel Sentry","og_description":"TS-TAG ist ein dauerhaftes Gep\u00e4ckverfolgungsger\u00e4t. Es verkn\u00fcpft jeden Passagier und sein Gep\u00e4ck mit einem eindeutigen ID-Code.","og_url":"https:\/\/www.travelsentry.org\/de\/pbt-de\/","og_site_name":"Travel Sentry","article_publisher":"https:\/\/www.facebook.com\/TravelSentry\/","article_modified_time":"2026-03-16T13:40:11+00:00","twitter_card":"summary_large_image","schema":{"@context":"https:\/\/schema.org","@graph":[{"@type":"WebPage","@id":"https:\/\/www.travelsentry.org\/de\/pbt-de\/","url":"https:\/\/www.travelsentry.org\/de\/pbt-de\/","name":"TS-Markierung | Gep\u00e4ckverfolgungsger\u00e4t | Travel Sentry","isPartOf":{"@id":"https:\/\/www.travelsentry.org\/de\/#website"},"datePublished":"2022-12-16T15:49:24+00:00","dateModified":"2026-03-16T13:40:11+00:00","description":"TS-TAG ist ein dauerhaftes Gep\u00e4ckverfolgungsger\u00e4t. Es verkn\u00fcpft jeden Passagier und sein Gep\u00e4ck mit einem eindeutigen ID-Code.","breadcrumb":{"@id":"https:\/\/www.travelsentry.org\/de\/pbt-de\/#breadcrumb"},"inLanguage":"de-DE","potentialAction":[{"@type":"ReadAction","target":["https:\/\/www.travelsentry.org\/de\/pbt-de\/"]}]},{"@type":"BreadcrumbList","@id":"https:\/\/www.travelsentry.org\/de\/pbt-de\/#breadcrumb","itemListElement":[{"@type":"ListItem","position":1,"name":"Home","item":"https:\/\/www.travelsentry.org\/de\/"},{"@type":"ListItem","position":2,"name":"PBT"}]},{"@type":"WebSite","@id":"https:\/\/www.travelsentry.org\/de\/#website","url":"https:\/\/www.travelsentry.org\/de\/","name":"Travel Sentry","description":"","publisher":{"@id":"https:\/\/www.travelsentry.org\/de\/#organization"},"potentialAction":[{"@type":"SearchAction","target":{"@type":"EntryPoint","urlTemplate":"https:\/\/www.travelsentry.org\/de\/?s={search_term_string}"},"query-input":{"@type":"PropertyValueSpecification","valueRequired":true,"valueName":"search_term_string"}}],"inLanguage":"de-DE"},{"@type":"Organization","@id":"https:\/\/www.travelsentry.org\/de\/#organization","name":"Teavel Sentry","alternateName":"TS","url":"https:\/\/www.travelsentry.org\/de\/","logo":{"@type":"ImageObject","inLanguage":"de-DE","@id":"https:\/\/www.travelsentry.org\/de\/#\/schema\/logo\/image\/","url":"https:\/\/www.travelsentry.org\/wp-content\/uploads\/2023\/07\/logo-mobile.svg","contentUrl":"https:\/\/www.travelsentry.org\/wp-content\/uploads\/2023\/07\/logo-mobile.svg","width":1,"height":1,"caption":"Teavel Sentry"},"image":{"@id":"https:\/\/www.travelsentry.org\/de\/#\/schema\/logo\/image\/"},"sameAs":["https:\/\/www.facebook.com\/TravelSentry\/","https:\/\/www.instagram.com\/travelsentry.official\/","https:\/\/www.linkedin.com\/company\/travel-sentry\/mycompany\/","https:\/\/www.youtube.com\/channel\/UCshlLKD22AIhzO3pOEmBM8A","https:\/\/www.tiktok.com\/@travelsentry","https:\/\/www.weibo.com\/p\/1006066616793697"]}]}},"_links":{"self":[{"href":"https:\/\/www.travelsentry.org\/de\/wp-json\/wp\/v2\/pages\/5356","targetHints":{"allow":["GET"]}}],"collection":[{"href":"https:\/\/www.travelsentry.org\/de\/wp-json\/wp\/v2\/pages"}],"about":[{"href":"https:\/\/www.travelsentry.org\/de\/wp-json\/wp\/v2\/types\/page"}],"author":[{"embeddable":true,"href":"https:\/\/www.travelsentry.org\/de\/wp-json\/wp\/v2\/users\/1"}],"replies":[{"embeddable":true,"href":"https:\/\/www.travelsentry.org\/de\/wp-json\/wp\/v2\/comments?post=5356"}],"version-history":[{"count":0,"href":"https:\/\/www.travelsentry.org\/de\/wp-json\/wp\/v2\/pages\/5356\/revisions"}],"wp:attachment":[{"href":"https:\/\/www.travelsentry.org\/de\/wp-json\/wp\/v2\/media?parent=5356"}],"wp:term":[{"taxonomy":"category","embeddable":true,"href":"https:\/\/www.travelsentry.org\/de\/wp-json\/wp\/v2\/categories?post=5356"}],"curies":[{"name":"wp","href":"https:\/\/api.w.org\/{rel}","templated":true}]}}