{"id":5233,"date":"2022-07-20T09:25:48","date_gmt":"2022-07-20T09:25:48","guid":{"rendered":"https:\/\/travelsentry.wpengine.com\/home\/"},"modified":"2026-03-13T15:29:22","modified_gmt":"2026-03-13T15:29:22","slug":"home","status":"publish","type":"page","link":"https:\/\/www.travelsentry.org\/de\/","title":{"rendered":"Home"},"content":{"rendered":"<section class=\"block-banner t-light\">\n\t\t\t<div class=\"block-banner__img\">\n\t\t\t\t\t\t\t<img decoding=\"async\" src=\"https:\/\/www.travelsentry.org\/wp-content\/uploads\/2025\/11\/TS_PlasticSuitcase_03adj02.png\" alt=\"white beige luggage zipper lock handle\">\n\t\t\t\t\t<\/div>\n\t\t<div class=\"container\">\n\t\t<div class=\"block-banner__inner\">\n\t\t\t\n \n\t\t\t\n \n \n\t\t\t\t\t\t<h1 class=\"h2 block-banner__heading a-up\"\t\t\t><span class=\"ez-toc-section\" id=\"Travel_Sentry_macht_das_Reisen_sicherer_und_einfacher\"><\/span>\n\t\t\t\tTravel Sentry <br \/>\r\nmacht das Reisen sicherer <br \/>\r\nund einfacher\t\t\t\t\t<span class=\"ez-toc-section-end\"><\/span><\/h1>\n\t\t\t\t\t\t\n \n \n\t\t\t\t\t\t<div class=\"block-banner__content a-up a-delay-1\"\t\t\t>\n\t\t\t\t<p>Der Rote Diamant<img loading=\"lazy\" decoding=\"async\" class=\"alignnone size-full wp-image-54\" src=\"https:\/\/www.travelsentry.org\/wp-content\/uploads\/2022\/12\/TravelSentry_PrimaryLogo_RGB-2.png\" alt=\"\" width=\"28\" height=\"19\" \/> ist ein weltweites Symbol f\u00fcr Vertrauen und Qualit\u00e4t.<\/p>\n\t\t\t\t\t<\/div>\n\t\t\t\t\t\t\n\n\n\n\t\t\t\t<a class=\"c-btn a-up a-delay-2 c-btn--primary\" href=\"https:\/\/www.travelsentry.org\/de\/company-de\/\" target=\"_self\">\n\t\t\tMehr erfahren\t\t\t\t\t<\/a>\n\t\t\t<\/div>\n\t<\/div>\n<\/section>\n\n\n<section class=\"block-brands\">\n\t<div class=\"container\">\n\t\t\n \n \n\t\t\t\t\t\t<h2 class=\"block-brands__heading a-up\"\t\t\t><span class=\"ez-toc-section\" id=\"Unsere_Marken\"><\/span>\n\t\t\t\tUnsere Marken\t\t\t\t\t<span class=\"ez-toc-section-end\"><\/span><\/h2>\n\t\t\t\t\t\t\t\t<div class=\"row a-up a-delay-1\">\n\t\t\t\t\t\t\t\t\t<div class=\"col col-md-8\">\n\t\t\t\t\t\t<div class=\"block-brand\">\n\t\t\t\t\t\t\t<div class=\"img-a\">\n\t\t\t\t\t\t\t\t<!-- content-modules-image -->\n\t\n\t\t\t\t\t\t<div class=\"block-brand__img img-a-img\"\t\t\t>\n\t\t\t\t\t\t\t\t\t\t\t\t<img class=\"\" \n\t\t\t\t\tsrc=\"https:\/\/www.travelsentry.org\/wp-content\/uploads\/2023\/07\/TS_PlasticSuitcase_TSALock-576x324.jpg\" \n\t\t\t\t\t srcset=\"https:\/\/www.travelsentry.org\/wp-content\/uploads\/2023\/07\/TS_PlasticSuitcase_TSALock.jpg 2x\" \t\t\t\t\talt=\"Built in TSA lock on White suitcase\" loading=\"lazy\">\n\t\t\t\t\t<\/div>\n\t\t\t\t\t\t\t\t\t\t<\/div>\n\t\t\t\t\t\t\t\n \n \n\t\t\t\t\t\t<h3 class=\"block-brand__title\"\t\t\t>\n\t\t\t\tTSA LOCK\t\t\t\t\t<\/h3>\n\t\t\t\t\t\t\t\t\t\t\n \n \n\t\t\t\t\t\t<p class=\"s-text-lg block-brand__desc\"\t\t\t>\n\t\t\t\tSichere Inspektion <br \/>\r\nKeine Besch\u00e4digungen\t\t\t\t\t<\/p>\n\t\t\t\t\t\t\t\t\t\t\n\n\n\n\t\t\t\t<a class=\"c-btn c-btn--primary\" href=\"https:\/\/www.travelsentry.org\/de\/tsa-lock-de\/\" target=\"_self\">\n\t\t\tMehr erfahren\t\t\t\t\t<\/a>\n\t\t\t\t\t\t\t<\/div>\n\t\t\t\t\t<\/div>\n\t\t\t\t\t\t\t\t\t<div class=\"col col-md-4\">\n\t\t\t\t\t\t<div class=\"block-brand\">\n\t\t\t\t\t\t\t<div class=\"img-a\">\n\t\t\t\t\t\t\t\t<!-- content-modules-image -->\n\t\n\t\t\t\t\t\t<div class=\"block-brand__img img-a-img\"\t\t\t>\n\t\t\t\t\t\t\t\t\t\t\t\t<img class=\"\" \n\t\t\t\t\tsrc=\"https:\/\/www.travelsentry.org\/wp-content\/uploads\/2026\/03\/ill-show-you-how-it-works-2026-01-09-09-40-41-utc2.jpg\" \n\t\t\t\t\t srcset=\"https:\/\/www.travelsentry.org\/wp-content\/uploads\/2026\/03\/ill-show-you-how-it-works-2026-01-09-09-40-41-utc2.jpg 2x\" \t\t\t\t\talt=\"\" loading=\"lazy\">\n\t\t\t\t\t<\/div>\n\t\t\t\t\t\t\t\t\t\t<\/div>\n\t\t\t\t\t\t\t\n \n \n\t\t\t\t\t\t<h3 class=\"block-brand__title\"\t\t\t>\n\t\t\t\tPBT\t\t\t\t\t<\/h3>\n\t\t\t\t\t\t\t\t\t\t\n \n \n\t\t\t\t\t\t<p class=\"s-text-lg block-brand__desc\"\t\t\t>\n\t\t\t\tDie Zukunft der Gep\u00e4ckverfolgung\t\t\t\t\t<\/p>\n\t\t\t\t\t\t\t\t\t\t\n\n\n\n\t\t\t\t<a class=\"c-btn c-btn--primary\" href=\"https:\/\/www.travelsentry.org\/de\/pbt-de\/\" target=\"_self\">\n\t\t\tMehr erfahren\t\t\t\t\t<\/a>\n\t\t\t\t\t\t\t<\/div>\n\t\t\t\t\t<\/div>\n\t\t\t\t\t\t\t\t\t<div class=\"col col-md-4\">\n\t\t\t\t\t\t<div class=\"block-brand\">\n\t\t\t\t\t\t\t<div class=\"img-a\">\n\t\t\t\t\t\t\t\t<!-- content-modules-image -->\n\t\n\t\t\t\t\t\t<div class=\"block-brand__img img-a-img\"\t\t\t>\n\t\t\t\t\t\t\t\t\t\t\t\t<img class=\"\" \n\t\t\t\t\tsrc=\"https:\/\/www.travelsentry.org\/wp-content\/uploads\/2023\/06\/TS_PlasticSuitcase_TSID-1-577x324.jpg\" \n\t\t\t\t\t srcset=\"https:\/\/www.travelsentry.org\/wp-content\/uploads\/2023\/06\/TS_PlasticSuitcase_TSID-1-1153x648.jpg 2x\" \t\t\t\t\talt=\"\" loading=\"lazy\">\n\t\t\t\t\t<\/div>\n\t\t\t\t\t\t\t\t\t\t<\/div>\n\t\t\t\t\t\t\t\n \n \n\t\t\t\t\t\t<h3 class=\"block-brand__title\"\t\t\t>\n\t\t\t\tTS ID\t\t\t\t\t<\/h3>\n\t\t\t\t\t\t\t\t\t\t\n \n \n\t\t\t\t\t\t<p class=\"s-text-lg block-brand__desc\"\t\t\t>\n\t\t\t\tSmart ID Tag Kostenloser, <br \/>\r\nlebenslanger Schutz\t\t\t\t\t<\/p>\n\t\t\t\t\t\t\t\t\t\t\n\n\n\n\t\t\t\t<a class=\"c-btn c-btn--primary\" href=\"https:\/\/www.travelsentry.org\/de\/ts-id-de\/\" target=\"_self\">\n\t\t\tMehr erfahren\t\t\t\t\t<\/a>\n\t\t\t\t\t\t\t<\/div>\n\t\t\t\t\t<\/div>\n\t\t\t\t\t\t\t\t\t<div class=\"col col-md-4\">\n\t\t\t\t\t\t<div class=\"block-brand\">\n\t\t\t\t\t\t\t<div class=\"img-a\">\n\t\t\t\t\t\t\t\t<!-- content-modules-image -->\n\t\n\t\t\t\t\t\t<div class=\"block-brand__img img-a-img\"\t\t\t>\n\t\t\t\t\t\t\t\t\t\t\t\t<img class=\"\" \n\t\t\t\t\tsrc=\"https:\/\/www.travelsentry.org\/wp-content\/uploads\/2023\/06\/TS_Backpack_Okoban-1-575x324.jpg\" \n\t\t\t\t\t srcset=\"https:\/\/www.travelsentry.org\/wp-content\/uploads\/2023\/06\/TS_Backpack_Okoban-1-1151x648.jpg 2x\" \t\t\t\t\talt=\"\" loading=\"lazy\">\n\t\t\t\t\t<\/div>\n\t\t\t\t\t\t\t\t\t\t<\/div>\n\t\t\t\t\t\t\t\n \n \n\t\t\t\t\t\t<h3 class=\"block-brand__title\"\t\t\t>\n\t\t\t\tOKOBAN\t\t\t\t\t<\/h3>\n\t\t\t\t\t\t\t\t\t\t\n \n \n\t\t\t\t\t\t<p class=\"s-text-lg block-brand__desc\"\t\t\t>\n\t\t\t\tDie globale <br \/>\r\nFundsachenl\u00f6sung\t\t\t\t\t<\/p>\n\t\t\t\t\t\t\t\t\t\t\n\n\n\n\t\t\t\t<a class=\"c-btn c-btn--primary\" href=\"https:\/\/www.travelsentry.org\/de\/okoban-de\/\" target=\"_self\">\n\t\t\tMehr erfahren\t\t\t\t\t<\/a>\n\t\t\t\t\t\t\t<\/div>\n\t\t\t\t\t<\/div>\n\t\t\t\t\t\t\t\t\t<div class=\"col col-md-4\">\n\t\t\t\t\t\t<div class=\"block-brand\">\n\t\t\t\t\t\t\t<div class=\"img-a\">\n\t\t\t\t\t\t\t\t<!-- content-modules-image -->\n\t\n\t\t\t\t\t\t<div class=\"block-brand__img img-a-img\"\t\t\t>\n\t\t\t\t\t\t\t\t\t\t\t\t<img class=\"\" \n\t\t\t\t\tsrc=\"https:\/\/www.travelsentry.org\/wp-content\/uploads\/2023\/06\/TSAccessoriesComp02_Accessories-3-338x324.jpg\" \n\t\t\t\t\t srcset=\"https:\/\/www.travelsentry.org\/wp-content\/uploads\/2023\/06\/TSAccessoriesComp02_Accessories-3-676x648.jpg 2x\" \t\t\t\t\talt=\"\" loading=\"lazy\">\n\t\t\t\t\t<\/div>\n\t\t\t\t\t\t\t\t\t\t<\/div>\n\t\t\t\t\t\t\t\n \n \n\t\t\t\t\t\t<h3 class=\"block-brand__title\"\t\t\t>\n\t\t\t\tTS-Accessoires\t\t\t\t\t<\/h3>\n\t\t\t\t\t\t\t\t\t\t\n \n \n\t\t\t\t\t\t<p class=\"s-text-lg block-brand__desc\"\t\t\t>\n\t\t\t\tMit Komfort, <br \/>\r\nStil und Sicherheit reisen\t\t\t\t\t<\/p>\n\t\t\t\t\t\t\t\t\t\t\n\n\n\n\t\t\t\t<a class=\"c-btn c-btn--primary\" href=\"https:\/\/www.travelsentry.org\/de\/accessories-de\/\" target=\"_self\">\n\t\t\tMehr erfahren\t\t\t\t\t<\/a>\n\t\t\t\t\t\t\t<\/div>\n\t\t\t\t\t<\/div>\n\t\t\t\t\t\t\t<\/div>\n\t\t\t<\/div>\n<\/section>\n\n\n<section class=\"block-content-image block-content-image--right block-content-image--single bg-gray\">\n\t<div class=\"row\">\n\t\t\t\t<div class=\"col col-md-6\">\n\t\t\t<div class=\"img-a\">\n\t\t\t\t\t\t\t\t\t<!-- content-modules-image -->\n\t\t\t\t\t\t<div class=\"img-a-img\"\t\t\t>\n\t\t\t\t\t\t\t\t\t\t\t\t\t\t\t\t<img decoding=\"async\" class=\"\" src=\"https:\/\/www.travelsentry.org\/wp-content\/uploads\/2023\/07\/TS_MetalSuitcase_HelpSection-1.jpg\" alt=\"What to do if You&#039;ve Lost Your Luggage\" loading=\"lazy\">\n\t\t\t\t\t\t\t\t<\/div>\n\t\t\t\t\t\t\t\t\t\t<\/div>\n\t\t<\/div>\n\t\t<div class=\"col col-md-6 block-content-image__content a-up-nested\">\n\t\t\t\n \n\t\t\t\n \n \n\t\t\t\t\t\t<h2 class=\"block-content-image__heading\"\t\t\t><span class=\"ez-toc-section\" id=\"Brauchen_Sie_Hilfe\"><\/span>\n\t\t\t\tBrauchen Sie Hilfe?\t\t\t\t\t<span class=\"ez-toc-section-end\"><\/span><\/h2>\n\t\t\t\t\t\t\n \n \n\t\t\t\t\t\t<div class=\"block-content-image__copy a-delay-1\"\t\t\t>\n\t\t\t\t<p>Egal, ob Sie Anleitungen zum Einstellen des Schlosses oder h\u00e4ufig gestellte Fragen ben\u00f6tigen, Sie finden die Antwort in unserem Hilfebereich.<\/p>\n\t\t\t\t\t<\/div>\n\t\t\t\t\t\t\n\n\n\n\t\t\t\t<a class=\"c-btn c-btn--primary a-delay-2\" href=\"https:\/\/www.travelsentry.org\/de\/help-de\/\" target=\"_self\">\n\t\t\tMehr erfahren\t\t\t\t\t<\/a>\n\t\t\t<\/div>\n\t\t\t<\/div>\n<\/section>\n\n\n<section class=\"section block-status\">\n\t<!-- content-modules-image -->\n\t\t\t\t\t\t\t\t\t\t\t\t\t\t\t\t\t<img decoding=\"async\" class=\"section-bg\" src=\"https:\/\/www.travelsentry.org\/wp-content\/uploads\/2022\/12\/Stat-Module.png\" alt=\"Background Module\" loading=\"lazy\">\n\t\t\t\t\t\t\t<div class=\"container\">\n\t\t\n \n \n\t\t\t\t\t\t<h2 class=\"block-status__heading a-up\"\t\t\t><span class=\"ez-toc-section\" id=\"Der_globale_Standard_fuer_Reisesicherheit\"><\/span>\n\t\t\t\tDer globale Standard<br \/>\r\nf\u00fcr Reisesicherheit\t\t\t\t\t<span class=\"ez-toc-section-end\"><\/span><\/h2>\n\t\t\t\t\t\t\t\t<div class=\"row a-up a-delay-1\">\n\t\t\t\t\t\t\t\t\t<div class=\"col col-sm-6 col-md-3 block-status__item\">\n\t\t\t\t\t\t\n \n \n\t\t\t\t\t\t<div class=\"block-status__item__number c-number\"\t\t\t>\n\t\t\t\t<span>750<\/span>\t\t\t\t\t<\/div>\n\t\t\t\t\t\t\t\t\t<div class=\"block-status__item__desc\">\n\t\t\t\t\t\t\t<!-- content-modules-image -->\n\t\t\t\t\t\t\t\t\t\t\t\t\t\t\t\t\t<img decoding=\"async\" class=\"block-status__item__img\" src=\"https:\/\/www.travelsentry.org\/wp-content\/uploads\/2022\/12\/icon-plane.svg\" alt=\"\" loading=\"lazy\">\n\t\t\t\t\t\t\t\t\t\t\t\t\n \n \n\t\t\t\t\t\t<p class=\"block-status__item__title s-text-lg\"\t\t\t>\n\t\t\t\tFlugh\u00e4fen\t\t\t\t\t<\/p>\n\t\t\t\t\t\t\t\t\t<\/div>\n\t\t\t\t\t<\/div>\n\t\t\t\t\t\t\t\t\t<div class=\"col col-sm-6 col-md-3 block-status__item\">\n\t\t\t\t\t\t\n \n \n\t\t\t\t\t\t<div class=\"block-status__item__number c-number\"\t\t\t>\n\t\t\t\t<span>75<\/span>\t\t\t\t\t<\/div>\n\t\t\t\t\t\t\t\t\t<div class=\"block-status__item__desc\">\n\t\t\t\t\t\t\t<!-- content-modules-image -->\n\t\t\t\t\t\t\t\t\t\t\t\t\t\t\t\t\t<img decoding=\"async\" class=\"block-status__item__img\" src=\"https:\/\/www.travelsentry.org\/wp-content\/uploads\/2022\/12\/icon-globe.svg\" alt=\"\" loading=\"lazy\">\n\t\t\t\t\t\t\t\t\t\t\t\t\n \n \n\t\t\t\t\t\t<p class=\"block-status__item__title s-text-lg\"\t\t\t>\n\t\t\t\tL\u00e4nder\t\t\t\t\t<\/p>\n\t\t\t\t\t\t\t\t\t<\/div>\n\t\t\t\t\t<\/div>\n\t\t\t\t\t\t\t\t\t<div class=\"col col-sm-6 col-md-3 block-status__item\">\n\t\t\t\t\t\t\n \n \n\t\t\t\t\t\t<div class=\"block-status__item__number c-number\"\t\t\t>\n\t\t\t\t<span>2<\/span>Bn\t\t\t\t\t<\/div>\n\t\t\t\t\t\t\t\t\t<div class=\"block-status__item__desc\">\n\t\t\t\t\t\t\t<!-- content-modules-image -->\n\t\t\t\t\t\t\t\t\t\t\t\t\t\t\t\t\t<img decoding=\"async\" class=\"block-status__item__img\" src=\"https:\/\/www.travelsentry.org\/wp-content\/uploads\/2022\/12\/icon-baggage.svg\" alt=\"\" loading=\"lazy\">\n\t\t\t\t\t\t\t\t\t\t\t\t\n \n \n\t\t\t\t\t\t<p class=\"block-status__item__title s-text-lg\"\t\t\t>\n\t\t\t\tPassagiere\t\t\t\t\t<\/p>\n\t\t\t\t\t\t\t\t\t<\/div>\n\t\t\t\t\t<\/div>\n\t\t\t\t\t\t\t\t\t<div class=\"col col-sm-6 col-md-3 block-status__item\">\n\t\t\t\t\t\t\n \n \n\t\t\t\t\t\t<div class=\"block-status__item__number c-number\"\t\t\t>\n\t\t\t\t<span>600<\/span>\t\t\t\t\t<\/div>\n\t\t\t\t\t\t\t\t\t<div class=\"block-status__item__desc\">\n\t\t\t\t\t\t\t<!-- content-modules-image -->\n\t\t\t\t\t\t\t\t\t\t\t\t\t\t\t\t\t<img decoding=\"async\" class=\"block-status__item__img\" src=\"https:\/\/www.travelsentry.org\/wp-content\/uploads\/2022\/12\/icon-trademark.svg\" alt=\"\" loading=\"lazy\">\n\t\t\t\t\t\t\t\t\t\t\t\t\n \n \n\t\t\t\t\t\t<p class=\"block-status__item__title s-text-lg\"\t\t\t>\n\t\t\t\tMarken\t\t\t\t\t<\/p>\n\t\t\t\t\t\t\t\t\t<\/div>\n\t\t\t\t\t<\/div>\n\t\t\t\t\t\t\t<\/div>\n\t\t\t<\/div>\n<\/section>\n","protected":false},"excerpt":{"rendered":"","protected":false},"author":1,"featured_media":0,"parent":0,"menu_order":0,"comment_status":"closed","ping_status":"closed","template":"","meta":{"_acf_changed":true,"footnotes":""},"categories":[],"class_list":["post-5233","page","type-page","status-publish","hentry"],"acf":[],"yoast_head":"<!-- This site is optimized with the Yoast SEO plugin v27.3 - https:\/\/yoast.com\/product\/yoast-seo-wordpress\/ -->\n<title>Travel Sentry | TSA-Schl\u00f6sser und Reisezubeh\u00f6r<\/title>\n<meta name=\"description\" content=\"Reisegep\u00e4ck und Reisezubeh\u00f6r von Travel Sentry, die den TSA-Schl\u00f6ssern, TS-ID, TS-Markierungen und Okoban-Standards entsprechen.\" \/>\n<meta name=\"robots\" content=\"index, follow, max-snippet:-1, max-image-preview:large, max-video-preview:-1\" \/>\n<link rel=\"canonical\" href=\"https:\/\/www.travelsentry.org\/de\/\" \/>\n<meta property=\"og:locale\" content=\"de_DE\" \/>\n<meta property=\"og:type\" content=\"article\" \/>\n<meta property=\"og:title\" content=\"Travel Sentry | TSA-Schl\u00f6sser und Reisezubeh\u00f6r\" \/>\n<meta property=\"og:description\" content=\"Reisegep\u00e4ck und Reisezubeh\u00f6r von Travel Sentry, die den TSA-Schl\u00f6ssern, TS-ID, TS-Markierungen und Okoban-Standards entsprechen.\" \/>\n<meta property=\"og:url\" content=\"https:\/\/www.travelsentry.org\/de\/\" \/>\n<meta property=\"og:site_name\" content=\"Travel Sentry\" \/>\n<meta property=\"article:publisher\" content=\"https:\/\/www.facebook.com\/TravelSentry\/\" \/>\n<meta property=\"article:modified_time\" content=\"2026-03-13T15:29:22+00:00\" \/>\n<meta name=\"twitter:card\" content=\"summary_large_image\" \/>\n<script type=\"application\/ld+json\" class=\"yoast-schema-graph\">{\"@context\":\"https:\\\/\\\/schema.org\",\"@graph\":[{\"@type\":\"WebPage\",\"@id\":\"https:\\\/\\\/www.travelsentry.org\\\/de\\\/\",\"url\":\"https:\\\/\\\/www.travelsentry.org\\\/de\\\/\",\"name\":\"Travel Sentry | TSA-Schl\u00f6sser und Reisezubeh\u00f6r\",\"isPartOf\":{\"@id\":\"https:\\\/\\\/www.travelsentry.org\\\/de\\\/#website\"},\"datePublished\":\"2022-07-20T09:25:48+00:00\",\"dateModified\":\"2026-03-13T15:29:22+00:00\",\"description\":\"Reisegep\u00e4ck und Reisezubeh\u00f6r von Travel Sentry, die den TSA-Schl\u00f6ssern, TS-ID, TS-Markierungen und Okoban-Standards entsprechen.\",\"breadcrumb\":{\"@id\":\"https:\\\/\\\/www.travelsentry.org\\\/de\\\/#breadcrumb\"},\"inLanguage\":\"de-DE\",\"potentialAction\":[{\"@type\":\"ReadAction\",\"target\":[\"https:\\\/\\\/www.travelsentry.org\\\/de\\\/\"]}]},{\"@type\":\"BreadcrumbList\",\"@id\":\"https:\\\/\\\/www.travelsentry.org\\\/de\\\/#breadcrumb\",\"itemListElement\":[{\"@type\":\"ListItem\",\"position\":1,\"name\":\"Home\",\"item\":\"https:\\\/\\\/www.travelsentry.org\\\/de\\\/\"},{\"@type\":\"ListItem\",\"position\":2,\"name\":\"Home\"}]},{\"@type\":\"WebSite\",\"@id\":\"https:\\\/\\\/www.travelsentry.org\\\/de\\\/#website\",\"url\":\"https:\\\/\\\/www.travelsentry.org\\\/de\\\/\",\"name\":\"Travel Sentry\",\"description\":\"\",\"publisher\":{\"@id\":\"https:\\\/\\\/www.travelsentry.org\\\/de\\\/#organization\"},\"potentialAction\":[{\"@type\":\"SearchAction\",\"target\":{\"@type\":\"EntryPoint\",\"urlTemplate\":\"https:\\\/\\\/www.travelsentry.org\\\/de\\\/?s={search_term_string}\"},\"query-input\":{\"@type\":\"PropertyValueSpecification\",\"valueRequired\":true,\"valueName\":\"search_term_string\"}}],\"inLanguage\":\"de-DE\"},{\"@type\":\"Organization\",\"@id\":\"https:\\\/\\\/www.travelsentry.org\\\/de\\\/#organization\",\"name\":\"Teavel Sentry\",\"alternateName\":\"TS\",\"url\":\"https:\\\/\\\/www.travelsentry.org\\\/de\\\/\",\"logo\":{\"@type\":\"ImageObject\",\"inLanguage\":\"de-DE\",\"@id\":\"https:\\\/\\\/www.travelsentry.org\\\/de\\\/#\\\/schema\\\/logo\\\/image\\\/\",\"url\":\"https:\\\/\\\/www.travelsentry.org\\\/wp-content\\\/uploads\\\/2023\\\/07\\\/logo-mobile.svg\",\"contentUrl\":\"https:\\\/\\\/www.travelsentry.org\\\/wp-content\\\/uploads\\\/2023\\\/07\\\/logo-mobile.svg\",\"width\":1,\"height\":1,\"caption\":\"Teavel Sentry\"},\"image\":{\"@id\":\"https:\\\/\\\/www.travelsentry.org\\\/de\\\/#\\\/schema\\\/logo\\\/image\\\/\"},\"sameAs\":[\"https:\\\/\\\/www.facebook.com\\\/TravelSentry\\\/\",\"https:\\\/\\\/www.instagram.com\\\/travelsentry.official\\\/\",\"https:\\\/\\\/www.linkedin.com\\\/company\\\/travel-sentry\\\/mycompany\\\/\",\"https:\\\/\\\/www.youtube.com\\\/channel\\\/UCshlLKD22AIhzO3pOEmBM8A\",\"https:\\\/\\\/www.tiktok.com\\\/@travelsentry\",\"https:\\\/\\\/www.weibo.com\\\/p\\\/1006066616793697\"]}]}<\/script>\n<!-- \/ Yoast SEO plugin. -->","yoast_head_json":{"title":"Travel Sentry | TSA-Schl\u00f6sser und Reisezubeh\u00f6r","description":"Reisegep\u00e4ck und Reisezubeh\u00f6r von Travel Sentry, die den TSA-Schl\u00f6ssern, TS-ID, TS-Markierungen und Okoban-Standards entsprechen.","robots":{"index":"index","follow":"follow","max-snippet":"max-snippet:-1","max-image-preview":"max-image-preview:large","max-video-preview":"max-video-preview:-1"},"canonical":"https:\/\/www.travelsentry.org\/de\/","og_locale":"de_DE","og_type":"article","og_title":"Travel Sentry | TSA-Schl\u00f6sser und Reisezubeh\u00f6r","og_description":"Reisegep\u00e4ck und Reisezubeh\u00f6r von Travel Sentry, die den TSA-Schl\u00f6ssern, TS-ID, TS-Markierungen und Okoban-Standards entsprechen.","og_url":"https:\/\/www.travelsentry.org\/de\/","og_site_name":"Travel Sentry","article_publisher":"https:\/\/www.facebook.com\/TravelSentry\/","article_modified_time":"2026-03-13T15:29:22+00:00","twitter_card":"summary_large_image","schema":{"@context":"https:\/\/schema.org","@graph":[{"@type":"WebPage","@id":"https:\/\/www.travelsentry.org\/de\/","url":"https:\/\/www.travelsentry.org\/de\/","name":"Travel Sentry | TSA-Schl\u00f6sser und Reisezubeh\u00f6r","isPartOf":{"@id":"https:\/\/www.travelsentry.org\/de\/#website"},"datePublished":"2022-07-20T09:25:48+00:00","dateModified":"2026-03-13T15:29:22+00:00","description":"Reisegep\u00e4ck und Reisezubeh\u00f6r von Travel Sentry, die den TSA-Schl\u00f6ssern, TS-ID, TS-Markierungen und Okoban-Standards entsprechen.","breadcrumb":{"@id":"https:\/\/www.travelsentry.org\/de\/#breadcrumb"},"inLanguage":"de-DE","potentialAction":[{"@type":"ReadAction","target":["https:\/\/www.travelsentry.org\/de\/"]}]},{"@type":"BreadcrumbList","@id":"https:\/\/www.travelsentry.org\/de\/#breadcrumb","itemListElement":[{"@type":"ListItem","position":1,"name":"Home","item":"https:\/\/www.travelsentry.org\/de\/"},{"@type":"ListItem","position":2,"name":"Home"}]},{"@type":"WebSite","@id":"https:\/\/www.travelsentry.org\/de\/#website","url":"https:\/\/www.travelsentry.org\/de\/","name":"Travel Sentry","description":"","publisher":{"@id":"https:\/\/www.travelsentry.org\/de\/#organization"},"potentialAction":[{"@type":"SearchAction","target":{"@type":"EntryPoint","urlTemplate":"https:\/\/www.travelsentry.org\/de\/?s={search_term_string}"},"query-input":{"@type":"PropertyValueSpecification","valueRequired":true,"valueName":"search_term_string"}}],"inLanguage":"de-DE"},{"@type":"Organization","@id":"https:\/\/www.travelsentry.org\/de\/#organization","name":"Teavel Sentry","alternateName":"TS","url":"https:\/\/www.travelsentry.org\/de\/","logo":{"@type":"ImageObject","inLanguage":"de-DE","@id":"https:\/\/www.travelsentry.org\/de\/#\/schema\/logo\/image\/","url":"https:\/\/www.travelsentry.org\/wp-content\/uploads\/2023\/07\/logo-mobile.svg","contentUrl":"https:\/\/www.travelsentry.org\/wp-content\/uploads\/2023\/07\/logo-mobile.svg","width":1,"height":1,"caption":"Teavel Sentry"},"image":{"@id":"https:\/\/www.travelsentry.org\/de\/#\/schema\/logo\/image\/"},"sameAs":["https:\/\/www.facebook.com\/TravelSentry\/","https:\/\/www.instagram.com\/travelsentry.official\/","https:\/\/www.linkedin.com\/company\/travel-sentry\/mycompany\/","https:\/\/www.youtube.com\/channel\/UCshlLKD22AIhzO3pOEmBM8A","https:\/\/www.tiktok.com\/@travelsentry","https:\/\/www.weibo.com\/p\/1006066616793697"]}]}},"_links":{"self":[{"href":"https:\/\/www.travelsentry.org\/de\/wp-json\/wp\/v2\/pages\/5233","targetHints":{"allow":["GET"]}}],"collection":[{"href":"https:\/\/www.travelsentry.org\/de\/wp-json\/wp\/v2\/pages"}],"about":[{"href":"https:\/\/www.travelsentry.org\/de\/wp-json\/wp\/v2\/types\/page"}],"author":[{"embeddable":true,"href":"https:\/\/www.travelsentry.org\/de\/wp-json\/wp\/v2\/users\/1"}],"replies":[{"embeddable":true,"href":"https:\/\/www.travelsentry.org\/de\/wp-json\/wp\/v2\/comments?post=5233"}],"version-history":[{"count":0,"href":"https:\/\/www.travelsentry.org\/de\/wp-json\/wp\/v2\/pages\/5233\/revisions"}],"wp:attachment":[{"href":"https:\/\/www.travelsentry.org\/de\/wp-json\/wp\/v2\/media?parent=5233"}],"wp:term":[{"taxonomy":"category","embeddable":true,"href":"https:\/\/www.travelsentry.org\/de\/wp-json\/wp\/v2\/categories?post=5233"}],"curies":[{"name":"wp","href":"https:\/\/api.w.org\/{rel}","templated":true}]}}